{"id":175670,"date":"2024-07-27T18:14:37","date_gmt":"2024-07-28T01:14:37","guid":{"rendered":"https:\/\/glandine.com\/product\/dolce-gabbana-schicker-slim-fit-blazer-aus-schurwolle\/"},"modified":"2024-11-30T12:53:50","modified_gmt":"2024-11-30T11:53:50","slug":"dolce-gabbana-schicker-slim-fit-blazer-aus-schurwolle","status":"publish","type":"product","link":"https:\/\/tpmadalina42.supserv.cozmoslabs.com\/fi\/tuote-2\/dolce-gabbana-schicker-slim-fit-blazer-aus-schurwolle\/","title":{"rendered":"Dolce &amp; Gabbana Schicker Slim Fit Blazer aus Schurwolle"},"content":{"rendered":"<p>Verstr\u00f6men Sie Eleganz mit diesem schmal geschnittenen Blazer <strong>Kirjailija: Dolce &amp; Gabbana<\/strong>, der perfekt f\u00fcr jeden raffinierten Anlass ist. Bekannt f\u00fcr seine exquisite Schneiderkunst, ist dieser Einreiher mit einem Revers im Schalkleidungsstil eine Mischung aus hochwertigen Materialien und bietet ein unvergleichliches Finish, f\u00fcr das D&amp;G bekannt ist. Ein unverzichtbares Kleidungsst\u00fcck, das Luxus mit zeitlosem Stil verbindet.<\/p>\n<ul>\n<li>Material: 94% Schurwolle, 5% Seide, 1% Polyester<\/li>\n<li>Futter: 85% Seide, 15% Viskose<\/li>\n<li>V\u00e4ri: Musta<\/li>\n<li>Alkuper\u00e4maa: Italia<\/li>\n<li>Stil: MARTINI, Einreihig, Schmale Passform<\/li>\n<li>Logon yksityiskohdat<\/li>\n<li>Eritt\u00e4in eksklusiivinen ja korkea ammattitaito<\/li>\n<\/ul>","protected":false},"excerpt":{"rendered":"<p>Verstr\u00f6men Sie Eleganz mit diesem schmal geschnittenen Blazer von Dolce &amp; Gabbana, der perfekt f\u00fcr jeden raffinierten Anlass ist. Bekannt f\u00fcr seine exquisite Schneiderkunst, ist dieser Einreiher mit einem Revers im Schalkleidungsstil eine Mischung aus hochwertigen Materialien und bietet ein unvergleichliches Finish, f\u00fcr das D&amp;G bekannt ist. Ein unverzichtbares Kleidungsst\u00fcck, das Luxus mit zeitlosem Stil [&hellip;]<\/p>","protected":false},"featured_media":175663,"template":"","meta":[],"product_brand":[1620],"product_cat":[1653,1633,1623],"product_tag":[],"class_list":{"0":"post-175670","1":"product","2":"type-product","3":"status-publish","4":"has-post-thumbnail","6":"product_brand-dolce-gabbana","7":"product_cat-blazers","8":"product_cat-maenner-kleidung","9":"product_cat-kleidung","11":"first","12":"instock","13":"sale","14":"taxable","15":"shipping-taxable","16":"purchasable","17":"product-type-variable"},"_links":{"self":[{"href":"https:\/\/tpmadalina42.supserv.cozmoslabs.com\/fi\/wp-json\/wp\/v2\/product\/175670","targetHints":{"allow":["GET"]}}],"collection":[{"href":"https:\/\/tpmadalina42.supserv.cozmoslabs.com\/fi\/wp-json\/wp\/v2\/product"}],"about":[{"href":"https:\/\/tpmadalina42.supserv.cozmoslabs.com\/fi\/wp-json\/wp\/v2\/types\/product"}],"wp:featuredmedia":[{"embeddable":true,"href":"https:\/\/tpmadalina42.supserv.cozmoslabs.com\/fi\/wp-json\/wp\/v2\/media\/175663"}],"wp:attachment":[{"href":"https:\/\/tpmadalina42.supserv.cozmoslabs.com\/fi\/wp-json\/wp\/v2\/media?parent=175670"}],"wp:term":[{"taxonomy":"product_brand","embeddable":true,"href":"https:\/\/tpmadalina42.supserv.cozmoslabs.com\/fi\/wp-json\/wp\/v2\/product_brand?post=175670"},{"taxonomy":"product_cat","embeddable":true,"href":"https:\/\/tpmadalina42.supserv.cozmoslabs.com\/fi\/wp-json\/wp\/v2\/product_cat?post=175670"},{"taxonomy":"product_tag","embeddable":true,"href":"https:\/\/tpmadalina42.supserv.cozmoslabs.com\/fi\/wp-json\/wp\/v2\/product_tag?post=175670"}],"curies":[{"name":"wp","href":"https:\/\/api.w.org\/{rel}","templated":true}]}}