{"id":175692,"date":"2024-07-27T18:15:39","date_gmt":"2024-07-28T01:15:39","guid":{"rendered":"https:\/\/glandine.com\/product\/dolce-gabbana-schlanker-dunkelblauer-martini-slim-fit-anzug\/"},"modified":"2024-11-30T12:54:12","modified_gmt":"2024-11-30T11:54:12","slug":"dolce-gabbana-schlanker-dunkelblauer-martini-slim-fit-anzug","status":"publish","type":"product","link":"https:\/\/tpmadalina42.supserv.cozmoslabs.com\/fi\/tuote-2\/dolce-gabbana-schlanker-dunkelblauer-martini-slim-fit-anzug\/","title":{"rendered":"Dolce &amp; Gabbana Schlanker dunkelblauer Martini Slim Fit Anzug"},"content":{"rendered":"<p>Erleben Sie den Gipfel des anspruchsvollen Stils mit diesem tadellosen <strong>Dolce &amp; Gabbana<\/strong> Slim Fit Anzug. Das Modell Martini ist perfekt geschnitten, um eine scharfe Silhouette zu betonen. Es ist in einem eleganten, dunkelblauen Farbton gehalten, der die Garderobe eines jeden Gentleman gekonnt erg\u00e4nzt. Mit einem einzigen Knopfverschluss, einem aufw\u00e4ndigen Seidenfutter und einer sorgf\u00e4ltigen Verarbeitung aus einer reichhaltigen Mischung aus Schurwolle, Polyester und Elastan verk\u00f6rpert dieser Anzug die Verschmelzung von Luxus und Komfort. Er wird in Italien hergestellt und spiegelt das Engagement f\u00fcr \u00fcberlegene Handwerkskunst und exklusives Design wider, damit Sie bei jeder Gelegenheit hervorragend aussehen.<\/p>\n<ul>\n<li>V\u00e4ri: Sininen<\/li>\n<li>Material: 58% Schurwolle, 38% Polyester, 4% Elastan<\/li>\n<li>Futter: 100% Seide<\/li>\n<li>Alkuper\u00e4maa: IT<\/li>\n<\/ul>","protected":false},"excerpt":{"rendered":"<p>Erleben Sie den Gipfel des anspruchsvollen Stils mit diesem tadellosen Dolce &amp; Gabbana Slim Fit Anzug. Das Modell Martini ist perfekt geschnitten, um eine scharfe Silhouette zu betonen. Es ist in einem eleganten, dunkelblauen Farbton gehalten, der die Garderobe eines jeden Gentleman gekonnt erg\u00e4nzt. Mit einem einzigen Knopfverschluss, einem aufw\u00e4ndigen Seidenfutter und einer sorgf\u00e4ltigen Verarbeitung [&hellip;]<\/p>","protected":false},"featured_media":175684,"template":"","meta":[],"product_brand":[1620],"product_cat":[1705,1633,1623],"product_tag":[],"class_list":{"0":"post-175692","1":"product","2":"type-product","3":"status-publish","4":"has-post-thumbnail","6":"product_brand-dolce-gabbana","7":"product_cat-anzuege","8":"product_cat-maenner-kleidung","9":"product_cat-kleidung","11":"first","12":"instock","13":"sale","14":"taxable","15":"shipping-taxable","16":"purchasable","17":"product-type-variable"},"_links":{"self":[{"href":"https:\/\/tpmadalina42.supserv.cozmoslabs.com\/fi\/wp-json\/wp\/v2\/product\/175692","targetHints":{"allow":["GET"]}}],"collection":[{"href":"https:\/\/tpmadalina42.supserv.cozmoslabs.com\/fi\/wp-json\/wp\/v2\/product"}],"about":[{"href":"https:\/\/tpmadalina42.supserv.cozmoslabs.com\/fi\/wp-json\/wp\/v2\/types\/product"}],"wp:featuredmedia":[{"embeddable":true,"href":"https:\/\/tpmadalina42.supserv.cozmoslabs.com\/fi\/wp-json\/wp\/v2\/media\/175684"}],"wp:attachment":[{"href":"https:\/\/tpmadalina42.supserv.cozmoslabs.com\/fi\/wp-json\/wp\/v2\/media?parent=175692"}],"wp:term":[{"taxonomy":"product_brand","embeddable":true,"href":"https:\/\/tpmadalina42.supserv.cozmoslabs.com\/fi\/wp-json\/wp\/v2\/product_brand?post=175692"},{"taxonomy":"product_cat","embeddable":true,"href":"https:\/\/tpmadalina42.supserv.cozmoslabs.com\/fi\/wp-json\/wp\/v2\/product_cat?post=175692"},{"taxonomy":"product_tag","embeddable":true,"href":"https:\/\/tpmadalina42.supserv.cozmoslabs.com\/fi\/wp-json\/wp\/v2\/product_tag?post=175692"}],"curies":[{"name":"wp","href":"https:\/\/api.w.org\/{rel}","templated":true}]}}