{"id":176173,"date":"2024-07-27T18:36:54","date_gmt":"2024-07-28T01:36:54","guid":{"rendered":"https:\/\/glandine.com\/product\/dolce-gabbana-florales-midi-wickelkleid-aus-seide\/"},"modified":"2024-11-30T13:16:49","modified_gmt":"2024-11-30T12:16:49","slug":"dolce-gabbana-florales-midi-wickelkleid-aus-seide","status":"publish","type":"product","link":"https:\/\/tpmadalina42.supserv.cozmoslabs.com\/fi\/tuote-2\/dolce-gabbana-florales-midi-wickelkleid-aus-seide\/","title":{"rendered":"Dolce &amp; Gabbana Florales Midi-Wickelkleid aus Seide"},"content":{"rendered":"<p>Erh\u00f6hen Sie Ihre Garderobe mit diesem atemberaubenden Floral Silk Midi Wrap Dress von Dolce &amp; Gabbana. Dieses wundersch\u00f6ne und brandneue Kleid (mit Etikett) ist 100% authentisch und strahlt mit seinem luxuri\u00f6sen Seidenstoff und dem farbenfrohen Blumendruck Eleganz aus. Es ist perfekt f\u00fcr jeden Anlass und verf\u00fcgt \u00fcber einen schmeichelhaften Tailleng\u00fcrtel und eine raffinierte Midi-L\u00e4nge, die f\u00fcr eine Silhouette sorgt, die die Essenz der Weiblichkeit einf\u00e4ngt. Dieses in Italien mit au\u00dfergew\u00f6hnlicher Sorgfalt gefertigte Kleid ist nicht einfach nur ein Kleid, sondern ein Statement f\u00fcr Stil und Qualit\u00e4t.<\/p>\n<ul>\n<li>Materiaali: 100% silkki<\/li>\n<li>V\u00e4ri: Moniv\u00e4rinen<\/li>\n<li>Futter: 53% Seide, 33% Nylon, 11% Baumwolle, 3% Elasthan<\/li>\n<li>Alkuper\u00e4maa: Italia<\/li>\n<\/ul>","protected":false},"excerpt":{"rendered":"<p>Erh\u00f6hen Sie Ihre Garderobe mit diesem atemberaubenden Floral Silk Midi Wrap Dress von Dolce &amp; Gabbana. Dieses wundersch\u00f6ne und brandneue Kleid (mit Etikett) ist 100% authentisch und strahlt mit seinem luxuri\u00f6sen Seidenstoff und dem farbenfrohen Blumendruck Eleganz aus. Es ist perfekt f\u00fcr jeden Anlass und verf\u00fcgt \u00fcber einen schmeichelhaften Tailleng\u00fcrtel und eine raffinierte Midi-L\u00e4nge, die [&hellip;]<\/p>","protected":false},"featured_media":176166,"template":"","meta":[],"product_brand":[1620],"product_cat":[1637,1659,1623],"product_tag":[],"class_list":{"0":"post-176173","1":"product","2":"type-product","3":"status-publish","4":"has-post-thumbnail","6":"product_brand-dolce-gabbana","7":"product_cat-frauen-kleidung","8":"product_cat-kleider","9":"product_cat-kleidung","11":"first","12":"instock","13":"sale","14":"taxable","15":"shipping-taxable","16":"purchasable","17":"product-type-variable"},"_links":{"self":[{"href":"https:\/\/tpmadalina42.supserv.cozmoslabs.com\/fi\/wp-json\/wp\/v2\/product\/176173","targetHints":{"allow":["GET"]}}],"collection":[{"href":"https:\/\/tpmadalina42.supserv.cozmoslabs.com\/fi\/wp-json\/wp\/v2\/product"}],"about":[{"href":"https:\/\/tpmadalina42.supserv.cozmoslabs.com\/fi\/wp-json\/wp\/v2\/types\/product"}],"wp:featuredmedia":[{"embeddable":true,"href":"https:\/\/tpmadalina42.supserv.cozmoslabs.com\/fi\/wp-json\/wp\/v2\/media\/176166"}],"wp:attachment":[{"href":"https:\/\/tpmadalina42.supserv.cozmoslabs.com\/fi\/wp-json\/wp\/v2\/media?parent=176173"}],"wp:term":[{"taxonomy":"product_brand","embeddable":true,"href":"https:\/\/tpmadalina42.supserv.cozmoslabs.com\/fi\/wp-json\/wp\/v2\/product_brand?post=176173"},{"taxonomy":"product_cat","embeddable":true,"href":"https:\/\/tpmadalina42.supserv.cozmoslabs.com\/fi\/wp-json\/wp\/v2\/product_cat?post=176173"},{"taxonomy":"product_tag","embeddable":true,"href":"https:\/\/tpmadalina42.supserv.cozmoslabs.com\/fi\/wp-json\/wp\/v2\/product_tag?post=176173"}],"curies":[{"name":"wp","href":"https:\/\/api.w.org\/{rel}","templated":true}]}}