{"id":176736,"date":"2024-07-28T01:20:17","date_gmt":"2024-07-28T08:20:17","guid":{"rendered":"https:\/\/glandine.com\/product\/dsquared%c2%b2-weisses-baumwoll-knopfleistenhemd-mit-kragen\/"},"modified":"2024-12-01T00:23:30","modified_gmt":"2024-11-30T23:23:30","slug":"dsquared%c2%b2-weisses-baumwoll-knopfleistenhemd-mit-kragen","status":"publish","type":"product","link":"https:\/\/tpmadalina42.supserv.cozmoslabs.com\/fi\/tuote-2\/dsquared\u00b2-weisses-baumwoll-knopfleistenhemd-mit-kragen\/","title":{"rendered":"Dsquared\u00b2 Valkoinen puuvillainen napillinen paita kauluksella"},"content":{"rendered":"<p>DSQUARED2<\/p>\n<p>Kaunis upouusi 100% aito DSQUARED2 pitk\u00e4hihainen napillinen paita.<br \/>\nModell: Lang\u00e4rmeliges Hemd<br \/>\nV\u00e4ri: Valkoinen<br \/>\nEdess\u00e4 nappikiinnitys<br \/>\nValmistettu Italiassa<br \/>\nLogon yksityiskohdat<br \/>\nMateriaali: 97% puuvilla 3% elastaani<\/p>\n<p>T\u00e4st\u00e4 tuotteesta puuttuu DSquared2-paperitarra.<\/p>","protected":false},"excerpt":{"rendered":"<p>DSQUARED2 Wundersch\u00f6nes brandneues, 100% authentisches DSQUARED2 Langarmhemd mit Knopfleiste. Modell: Lang\u00e4rmeliges Hemd Farbe: Wei\u00df Knopfverschluss vorne In Italien hergestellt Logo-Details Material: 97% Baumwolle 3% Elastan Bei diesem Artikel fehlt das DSquared2-Papieretikett.<\/p>","protected":false},"featured_media":176731,"template":"","meta":[],"product_brand":[1989],"product_cat":[1637,1696,1623],"product_tag":[],"class_list":{"0":"post-176736","1":"product","2":"type-product","3":"status-publish","4":"has-post-thumbnail","6":"product_brand-dsquared","7":"product_cat-frauen-kleidung","8":"product_cat-hemden-frauen-kleidung","9":"product_cat-kleidung","11":"first","12":"instock","13":"sale","14":"taxable","15":"shipping-taxable","16":"purchasable","17":"product-type-variable"},"_links":{"self":[{"href":"https:\/\/tpmadalina42.supserv.cozmoslabs.com\/fi\/wp-json\/wp\/v2\/product\/176736","targetHints":{"allow":["GET"]}}],"collection":[{"href":"https:\/\/tpmadalina42.supserv.cozmoslabs.com\/fi\/wp-json\/wp\/v2\/product"}],"about":[{"href":"https:\/\/tpmadalina42.supserv.cozmoslabs.com\/fi\/wp-json\/wp\/v2\/types\/product"}],"wp:featuredmedia":[{"embeddable":true,"href":"https:\/\/tpmadalina42.supserv.cozmoslabs.com\/fi\/wp-json\/wp\/v2\/media\/176731"}],"wp:attachment":[{"href":"https:\/\/tpmadalina42.supserv.cozmoslabs.com\/fi\/wp-json\/wp\/v2\/media?parent=176736"}],"wp:term":[{"taxonomy":"product_brand","embeddable":true,"href":"https:\/\/tpmadalina42.supserv.cozmoslabs.com\/fi\/wp-json\/wp\/v2\/product_brand?post=176736"},{"taxonomy":"product_cat","embeddable":true,"href":"https:\/\/tpmadalina42.supserv.cozmoslabs.com\/fi\/wp-json\/wp\/v2\/product_cat?post=176736"},{"taxonomy":"product_tag","embeddable":true,"href":"https:\/\/tpmadalina42.supserv.cozmoslabs.com\/fi\/wp-json\/wp\/v2\/product_tag?post=176736"}],"curies":[{"name":"wp","href":"https:\/\/api.w.org\/{rel}","templated":true}]}}