{"id":176751,"date":"2024-07-28T01:21:06","date_gmt":"2024-07-28T08:21:06","guid":{"rendered":"https:\/\/glandine.com\/product\/dsquared%c2%b2-blaues-denim-oberteil-mit-knopfleiste-aus-gewaschener-baumwolle\/"},"modified":"2024-12-01T00:24:03","modified_gmt":"2024-11-30T23:24:03","slug":"dsquared%c2%b2-blaues-denim-oberteil-mit-knopfleiste-aus-gewaschener-baumwolle","status":"publish","type":"product","link":"https:\/\/tpmadalina42.supserv.cozmoslabs.com\/fi\/tuote-2\/dsquared\u00b2-blaues-denim-oberteil-mit-knopfleiste-aus-gewaschener-baumwolle\/","title":{"rendered":"Dsquared\u00b2 Blaues Denim-Oberteil mit Knopfleiste aus gewaschener Baumwolle"},"content":{"rendered":"<p>DSQUARED2<\/p>\n<p>Wundersch\u00f6nes brandneues, 100% authentisches DSQUARED2 lang\u00e4rmeliges Button-Down-Denim-Top.<br \/>\nMalli: Pitk\u00e4hihainen toppi<br \/>\nV\u00e4ri: Sininen pesty<br \/>\nEdess\u00e4 nappikiinnitys<br \/>\nValmistettu Italiassa<br \/>\nLogon yksityiskohdat<br \/>\nMateriaali: 98% puuvilla 2% elastaani<\/p>\n<p><strong>T\u00e4st\u00e4 tuotteesta puuttuu DSquared2-paperitarra.<\/strong><\/p>","protected":false},"excerpt":{"rendered":"<p>DSQUARED2 Wundersch\u00f6nes brandneues, 100% authentisches DSQUARED2 lang\u00e4rmeliges Button-Down-Denim-Top. Modell: Lang\u00e4rmeliges Oberteil Farbe: Blue Washed Knopfverschluss vorne In Italien hergestellt Logo-Details Material: 98% Baumwolle 2% Elastan Bei diesem Artikel fehlt das DSquared2-Papieretikett.<\/p>","protected":false},"featured_media":176746,"template":"","meta":[],"product_brand":[1989],"product_cat":[1637,1696,1623],"product_tag":[],"class_list":{"0":"post-176751","1":"product","2":"type-product","3":"status-publish","4":"has-post-thumbnail","6":"product_brand-dsquared","7":"product_cat-frauen-kleidung","8":"product_cat-hemden-frauen-kleidung","9":"product_cat-kleidung","11":"first","12":"instock","13":"sale","14":"taxable","15":"shipping-taxable","16":"purchasable","17":"product-type-variable"},"_links":{"self":[{"href":"https:\/\/tpmadalina42.supserv.cozmoslabs.com\/fi\/wp-json\/wp\/v2\/product\/176751","targetHints":{"allow":["GET"]}}],"collection":[{"href":"https:\/\/tpmadalina42.supserv.cozmoslabs.com\/fi\/wp-json\/wp\/v2\/product"}],"about":[{"href":"https:\/\/tpmadalina42.supserv.cozmoslabs.com\/fi\/wp-json\/wp\/v2\/types\/product"}],"wp:featuredmedia":[{"embeddable":true,"href":"https:\/\/tpmadalina42.supserv.cozmoslabs.com\/fi\/wp-json\/wp\/v2\/media\/176746"}],"wp:attachment":[{"href":"https:\/\/tpmadalina42.supserv.cozmoslabs.com\/fi\/wp-json\/wp\/v2\/media?parent=176751"}],"wp:term":[{"taxonomy":"product_brand","embeddable":true,"href":"https:\/\/tpmadalina42.supserv.cozmoslabs.com\/fi\/wp-json\/wp\/v2\/product_brand?post=176751"},{"taxonomy":"product_cat","embeddable":true,"href":"https:\/\/tpmadalina42.supserv.cozmoslabs.com\/fi\/wp-json\/wp\/v2\/product_cat?post=176751"},{"taxonomy":"product_tag","embeddable":true,"href":"https:\/\/tpmadalina42.supserv.cozmoslabs.com\/fi\/wp-json\/wp\/v2\/product_tag?post=176751"}],"curies":[{"name":"wp","href":"https:\/\/api.w.org\/{rel}","templated":true}]}}