{"id":177235,"date":"2024-07-28T01:44:19","date_gmt":"2024-07-28T08:44:19","guid":{"rendered":"https:\/\/glandine.com\/product\/balenciaga-weisser-baumwoll-logo-pullover-mit-kapuze-sweatshirt-pullover\/"},"modified":"2024-12-01T01:47:16","modified_gmt":"2024-12-01T00:47:16","slug":"balenciaga-weisser-baumwoll-logo-pullover-mit-kapuze-sweatshirt-pullover","status":"publish","type":"product","link":"https:\/\/tpmadalina42.supserv.cozmoslabs.com\/fi\/tuote-2\/balenciaga-weisser-baumwoll-logo-pullover-mit-kapuze-sweatshirt-pullover\/","title":{"rendered":"Balenciaga White Cotton Logo Pullover Hupullinen villapaita"},"content":{"rendered":"<p>BALENCIAGA<\/p>\n<p>Absolut atemberaubend, 100% authentisch, ganz neu mit Tags BALENCIAGA Kapuzen-Sweatshirt mit Logo-Print.<br \/>\nModell: Pullover Kapuzenpulli<br \/>\nV\u00e4ri: Valkoinen<br \/>\nMateriaali: 100% puuvilla<br \/>\nLogon yksityiskohdat<br \/>\nHergestellt in Portugal<br \/>\n\u00dcbergro\u00dfe Passform<\/p>","protected":false},"excerpt":{"rendered":"<p>BALENCIAGA Absolut atemberaubend, 100% authentisch, ganz neu mit Tags BALENCIAGA Kapuzen-Sweatshirt mit Logo-Print. Modell: Pullover Kapuzenpulli Farbe: Wei\u00df Material: 100% Baumwolle Logo-Details Hergestellt in Portugal \u00dcbergro\u00dfe Passform<\/p>","protected":false},"featured_media":177229,"template":"","meta":[],"product_brand":[2392],"product_cat":[1633,1623],"product_tag":[],"class_list":{"0":"post-177235","1":"product","2":"type-product","3":"status-publish","4":"has-post-thumbnail","6":"product_brand-balenciaga","7":"product_cat-maenner-kleidung","8":"product_cat-kleidung","10":"first","11":"instock","12":"sale","13":"taxable","14":"shipping-taxable","15":"purchasable","16":"product-type-variable"},"_links":{"self":[{"href":"https:\/\/tpmadalina42.supserv.cozmoslabs.com\/fi\/wp-json\/wp\/v2\/product\/177235","targetHints":{"allow":["GET"]}}],"collection":[{"href":"https:\/\/tpmadalina42.supserv.cozmoslabs.com\/fi\/wp-json\/wp\/v2\/product"}],"about":[{"href":"https:\/\/tpmadalina42.supserv.cozmoslabs.com\/fi\/wp-json\/wp\/v2\/types\/product"}],"wp:featuredmedia":[{"embeddable":true,"href":"https:\/\/tpmadalina42.supserv.cozmoslabs.com\/fi\/wp-json\/wp\/v2\/media\/177229"}],"wp:attachment":[{"href":"https:\/\/tpmadalina42.supserv.cozmoslabs.com\/fi\/wp-json\/wp\/v2\/media?parent=177235"}],"wp:term":[{"taxonomy":"product_brand","embeddable":true,"href":"https:\/\/tpmadalina42.supserv.cozmoslabs.com\/fi\/wp-json\/wp\/v2\/product_brand?post=177235"},{"taxonomy":"product_cat","embeddable":true,"href":"https:\/\/tpmadalina42.supserv.cozmoslabs.com\/fi\/wp-json\/wp\/v2\/product_cat?post=177235"},{"taxonomy":"product_tag","embeddable":true,"href":"https:\/\/tpmadalina42.supserv.cozmoslabs.com\/fi\/wp-json\/wp\/v2\/product_tag?post=177235"}],"curies":[{"name":"wp","href":"https:\/\/api.w.org\/{rel}","templated":true}]}}