{"id":177378,"date":"2024-07-28T01:49:37","date_gmt":"2024-07-28T08:49:37","guid":{"rendered":"https:\/\/glandine.com\/product\/dsquared%c2%b2-schickes-graues-baumwoll-t-shirt-fuer-die-moderne-frau\/"},"modified":"2024-12-13T11:29:20","modified_gmt":"2024-12-13T10:29:20","slug":"dsquared%c2%b2-schickes-graues-baumwoll-t-shirt-fuer-die-moderne-frau","status":"publish","type":"product","link":"https:\/\/tpmadalina42.supserv.cozmoslabs.com\/fi\/tuote-2\/dsquared\u00b2-schickes-graues-baumwoll-t-shirt-fuer-die-moderne-frau\/","title":{"rendered":"Dsquared\u00b2 Schickes graues Baumwoll-T-Shirt f\u00fcr die moderne Frau"},"content":{"rendered":"<p>Verstr\u00f6men Sie m\u00fchelosen Stil mit diesem vielseitigen und bequemen grauen T-Shirt von Dsquared\u00b2. Das aus hochwertiger Baumwolle gefertigte Oberteil ist ein Zeugnis f\u00fcr l\u00e4ssigen Luxus und italienische Handwerkskunst. Perfekt f\u00fcr alle, die eine Mischung aus Schlichtheit und Eleganz f\u00fcr ihren Alltag suchen.<\/p>\n<ul>\n<li>Materiaali: puuvilla<\/li>\n<li>Alkuper\u00e4maa: IT<\/li>\n<li>V\u00e4ri: Harmaa<\/li>\n<\/ul>","protected":false},"excerpt":{"rendered":"<p>Verstr\u00f6men Sie m\u00fchelosen Stil mit diesem vielseitigen und bequemen grauen T-Shirt von Dsquared\u00b2. Das aus hochwertiger Baumwolle gefertigte Oberteil ist ein Zeugnis f\u00fcr l\u00e4ssigen Luxus und italienische Handwerkskunst. Perfekt f\u00fcr alle, die eine Mischung aus Schlichtheit und Eleganz f\u00fcr ihren Alltag suchen. Material: Baumwolle Herkunftsland: IT Farbe: Gray<\/p>","protected":false},"featured_media":177375,"template":"","meta":[],"product_brand":[1989],"product_cat":[1637,1623,1714],"product_tag":[],"class_list":{"0":"post-177378","1":"product","2":"type-product","3":"status-publish","4":"has-post-thumbnail","6":"product_brand-dsquared","7":"product_cat-frauen-kleidung","8":"product_cat-kleidung","9":"product_cat-oberteile-t-shirts","11":"first","12":"instock","13":"sale","14":"taxable","15":"shipping-taxable","16":"purchasable","17":"product-type-variable"},"_links":{"self":[{"href":"https:\/\/tpmadalina42.supserv.cozmoslabs.com\/fi\/wp-json\/wp\/v2\/product\/177378","targetHints":{"allow":["GET"]}}],"collection":[{"href":"https:\/\/tpmadalina42.supserv.cozmoslabs.com\/fi\/wp-json\/wp\/v2\/product"}],"about":[{"href":"https:\/\/tpmadalina42.supserv.cozmoslabs.com\/fi\/wp-json\/wp\/v2\/types\/product"}],"wp:featuredmedia":[{"embeddable":true,"href":"https:\/\/tpmadalina42.supserv.cozmoslabs.com\/fi\/wp-json\/wp\/v2\/media\/177375"}],"wp:attachment":[{"href":"https:\/\/tpmadalina42.supserv.cozmoslabs.com\/fi\/wp-json\/wp\/v2\/media?parent=177378"}],"wp:term":[{"taxonomy":"product_brand","embeddable":true,"href":"https:\/\/tpmadalina42.supserv.cozmoslabs.com\/fi\/wp-json\/wp\/v2\/product_brand?post=177378"},{"taxonomy":"product_cat","embeddable":true,"href":"https:\/\/tpmadalina42.supserv.cozmoslabs.com\/fi\/wp-json\/wp\/v2\/product_cat?post=177378"},{"taxonomy":"product_tag","embeddable":true,"href":"https:\/\/tpmadalina42.supserv.cozmoslabs.com\/fi\/wp-json\/wp\/v2\/product_tag?post=177378"}],"curies":[{"name":"wp","href":"https:\/\/api.w.org\/{rel}","templated":true}]}}