{"id":178468,"date":"2024-07-28T02:29:38","date_gmt":"2024-07-28T09:29:38","guid":{"rendered":"https:\/\/glandine.com\/product\/dolce-gabbana-weisser-gebluemter-a-linien-minirock\/"},"modified":"2024-12-01T02:26:18","modified_gmt":"2024-12-01T01:26:18","slug":"dolce-gabbana-weisser-gebluemter-a-linien-minirock","status":"publish","type":"product","link":"https:\/\/tpmadalina42.supserv.cozmoslabs.com\/fi\/tuote-2\/dolce-gabbana-weisser-gebluemter-a-linien-minirock\/","title":{"rendered":"Dolce &amp; Gabbana Wei\u00dfer gebl\u00fcmter A-Linien-Minirock"},"content":{"rendered":"<p>DOLCE &amp; GABBANA<\/p>\n<p>Wundersch\u00f6ne brandneu mit Tags, 100% Authentic DOLCE &amp; GABBANA floral Minirock.<br \/>\nModell: Mini, hohe Taille<br \/>\nV\u00e4ri: Valkoinen<br \/>\nMaterial: 68% Baumwolle 29% Polyester 3% Nylon<br \/>\nFutter: 86% Seide 8% Baumwolle 4% Elasthan 2% Nylon<br \/>\nVetoketjukiinnitys<br \/>\nLogon yksityiskohdat<br \/>\nValmistettu Italiassa<\/p>","protected":false},"excerpt":{"rendered":"<p>DOLCE &amp; GABBANA Wundersch\u00f6ne brandneu mit Tags, 100% Authentic DOLCE &amp; GABBANA floral Minirock. Modell: Mini, hohe Taille Farbe: Wei\u00df Material: 68% Baumwolle 29% Polyester 3% Nylon Futter: 86% Seide 8% Baumwolle 4% Elasthan 2% Nylon Verschluss mit Rei\u00dfverschluss Logo-Details In Italien hergestellt<\/p>","protected":false},"featured_media":178462,"template":"","meta":[],"product_brand":[1620],"product_cat":[1637,1623,1699],"product_tag":[],"class_list":{"0":"post-178468","1":"product","2":"type-product","3":"status-publish","4":"has-post-thumbnail","6":"product_brand-dolce-gabbana","7":"product_cat-frauen-kleidung","8":"product_cat-kleidung","9":"product_cat-roecke","11":"first","12":"instock","13":"sale","14":"taxable","15":"shipping-taxable","16":"purchasable","17":"product-type-variable"},"_links":{"self":[{"href":"https:\/\/tpmadalina42.supserv.cozmoslabs.com\/fi\/wp-json\/wp\/v2\/product\/178468","targetHints":{"allow":["GET"]}}],"collection":[{"href":"https:\/\/tpmadalina42.supserv.cozmoslabs.com\/fi\/wp-json\/wp\/v2\/product"}],"about":[{"href":"https:\/\/tpmadalina42.supserv.cozmoslabs.com\/fi\/wp-json\/wp\/v2\/types\/product"}],"wp:featuredmedia":[{"embeddable":true,"href":"https:\/\/tpmadalina42.supserv.cozmoslabs.com\/fi\/wp-json\/wp\/v2\/media\/178462"}],"wp:attachment":[{"href":"https:\/\/tpmadalina42.supserv.cozmoslabs.com\/fi\/wp-json\/wp\/v2\/media?parent=178468"}],"wp:term":[{"taxonomy":"product_brand","embeddable":true,"href":"https:\/\/tpmadalina42.supserv.cozmoslabs.com\/fi\/wp-json\/wp\/v2\/product_brand?post=178468"},{"taxonomy":"product_cat","embeddable":true,"href":"https:\/\/tpmadalina42.supserv.cozmoslabs.com\/fi\/wp-json\/wp\/v2\/product_cat?post=178468"},{"taxonomy":"product_tag","embeddable":true,"href":"https:\/\/tpmadalina42.supserv.cozmoslabs.com\/fi\/wp-json\/wp\/v2\/product_tag?post=178468"}],"curies":[{"name":"wp","href":"https:\/\/api.w.org\/{rel}","templated":true}]}}