{"id":181205,"date":"2024-07-28T03:44:16","date_gmt":"2024-07-28T10:44:16","guid":{"rendered":"https:\/\/glandine.com\/product\/dolce-gabbana-schwarzes-sicily-bag-print-ausgestelltes-midikleid\/"},"modified":"2024-12-01T04:23:29","modified_gmt":"2024-12-01T03:23:29","slug":"dolce-gabbana-schwarzes-sicily-bag-print-ausgestelltes-midikleid","status":"publish","type":"product","link":"https:\/\/tpmadalina42.supserv.cozmoslabs.com\/fi\/tuote-2\/dolce-gabbana-schwarzes-sicily-bag-print-ausgestelltes-midikleid\/","title":{"rendered":"Dolce &amp; Gabbana Schwarzes Sicily Bag Print ausgestelltes Midikleid"},"content":{"rendered":"<p>DOLCE &amp; GABBANA<\/p>\n<p>Dieses wundersch\u00f6ne, 100% authentische DOLCE &amp; GABBANA Kleid aus einer schwarzen und roten Seidenmischung mit Sizilien-Taschen-Print hat einen Rundhalsausschnitt, einen verdeckten Rei\u00dfverschluss hinten, lange \u00c4rmel, einen Allover-Print, eine taillierte Passform, einen ausgestellten Rock, eine mittlere L\u00e4nge und einen Bag Devotion Aufn\u00e4her.<br \/>\nModell: Ausgestelltes Kleid<br \/>\nFarbe: Schwarz mit rotem Sicily-Bag-Print<br \/>\nSchwarzes Seidenstretch-Innenfutter<br \/>\nVetoketjukiinnitys<br \/>\nLogon yksityiskohdat<br \/>\nValmistettu Italiassa<br \/>\nMaterial: 95% Seide 5% Elastan<br \/>\nFutter: 86% Seide, 8% Baumwolle, 4% Elastan, 2% Nylon<\/p>\n<p><strong>Dieser Artikel ist sehr leicht gebraucht (siehe Bilder f\u00fcr Details).<\/strong><\/p>","protected":false},"excerpt":{"rendered":"<p>DOLCE &amp; GABBANA Dieses wundersch\u00f6ne, 100% authentische DOLCE &amp; GABBANA Kleid aus einer schwarzen und roten Seidenmischung mit Sizilien-Taschen-Print hat einen Rundhalsausschnitt, einen verdeckten Rei\u00dfverschluss hinten, lange \u00c4rmel, einen Allover-Print, eine taillierte Passform, einen ausgestellten Rock, eine mittlere L\u00e4nge und einen Bag Devotion Aufn\u00e4her. Modell: Ausgestelltes Kleid Farbe: Schwarz mit rotem Sicily-Bag-Print Schwarzes Seidenstretch-Innenfutter Verschluss [&hellip;]<\/p>","protected":false},"featured_media":181198,"template":"","meta":[],"product_brand":[1620],"product_cat":[1637,1659,1623],"product_tag":[],"class_list":{"0":"post-181205","1":"product","2":"type-product","3":"status-publish","4":"has-post-thumbnail","6":"product_brand-dolce-gabbana","7":"product_cat-frauen-kleidung","8":"product_cat-kleider","9":"product_cat-kleidung","11":"first","12":"instock","13":"sale","14":"taxable","15":"shipping-taxable","16":"purchasable","17":"product-type-variable"},"_links":{"self":[{"href":"https:\/\/tpmadalina42.supserv.cozmoslabs.com\/fi\/wp-json\/wp\/v2\/product\/181205","targetHints":{"allow":["GET"]}}],"collection":[{"href":"https:\/\/tpmadalina42.supserv.cozmoslabs.com\/fi\/wp-json\/wp\/v2\/product"}],"about":[{"href":"https:\/\/tpmadalina42.supserv.cozmoslabs.com\/fi\/wp-json\/wp\/v2\/types\/product"}],"wp:featuredmedia":[{"embeddable":true,"href":"https:\/\/tpmadalina42.supserv.cozmoslabs.com\/fi\/wp-json\/wp\/v2\/media\/181198"}],"wp:attachment":[{"href":"https:\/\/tpmadalina42.supserv.cozmoslabs.com\/fi\/wp-json\/wp\/v2\/media?parent=181205"}],"wp:term":[{"taxonomy":"product_brand","embeddable":true,"href":"https:\/\/tpmadalina42.supserv.cozmoslabs.com\/fi\/wp-json\/wp\/v2\/product_brand?post=181205"},{"taxonomy":"product_cat","embeddable":true,"href":"https:\/\/tpmadalina42.supserv.cozmoslabs.com\/fi\/wp-json\/wp\/v2\/product_cat?post=181205"},{"taxonomy":"product_tag","embeddable":true,"href":"https:\/\/tpmadalina42.supserv.cozmoslabs.com\/fi\/wp-json\/wp\/v2\/product_tag?post=181205"}],"curies":[{"name":"wp","href":"https:\/\/api.w.org\/{rel}","templated":true}]}}