{"id":181369,"date":"2024-07-28T03:49:22","date_gmt":"2024-07-28T10:49:22","guid":{"rendered":"https:\/\/glandine.com\/product\/dolce-gabbana-beigefarbenes-aermelloses-rundhals-minikleid-mit-blumenmuster-2\/"},"modified":"2024-12-01T04:30:23","modified_gmt":"2024-12-01T03:30:23","slug":"dolce-gabbana-beigefarbenes-aermelloses-rundhals-minikleid-mit-blumenmuster-2","status":"publish","type":"product","link":"https:\/\/tpmadalina42.supserv.cozmoslabs.com\/fi\/tuote-2\/dolce-gabbana-beigefarbenes-aermelloses-rundhals-minikleid-mit-blumenmuster-2\/","title":{"rendered":"Dolce &amp; Gabbana Beige kukkakuvioinen hihaton py\u00f6re\u00e4kaula-minimekko"},"content":{"rendered":"<p>DOLCE &amp; GABBANA<\/p>\n<p>Wundersch\u00f6ne brandneue mit Tags, 100% Authentic Dolce &amp; Gabbana beige Minikleid mit bunten Blumendrucken. Luftige Seide Chiffon und \u00e4rmellos<br \/>\nModell: Minikleid<br \/>\nV\u00e4ri: beige<br \/>\nReissverschluss auf dem R\u00fccken<br \/>\nLogon yksityiskohdat<br \/>\nValmistettu Italiassa<br \/>\nEritt\u00e4in eksklusiivinen ja laadukas ty\u00f6<br \/>\nMateriaali: 100% silkki<\/p>\n<p><strong>Dieser Artikel hat einen kleinen Defekt, es fehlt ein Unterfutter (siehe Bilder f\u00fcr Details). Dies ist der Grund f\u00fcr den niedrigen Verkaufspreis und eine gute Gelegenheit, ein Schn\u00e4ppchen zu machen.<\/strong><\/p>","protected":false},"excerpt":{"rendered":"<p>DOLCE &amp; GABBANA Wundersch\u00f6ne brandneue mit Tags, 100% Authentic Dolce &amp; Gabbana beige Minikleid mit bunten Blumendrucken. Luftige Seide Chiffon und \u00e4rmellos Modell: Minikleid Farbe: Beige Reissverschluss auf dem R\u00fccken Logo-Details In Italien hergestellt Sehr exklusiv und hochwertig verarbeitet Material: 100% Seide Dieser Artikel hat einen kleinen Defekt, es fehlt ein Unterfutter (siehe Bilder f\u00fcr [&hellip;]<\/p>","protected":false},"featured_media":181361,"template":"","meta":[],"product_brand":[1620],"product_cat":[1637,1659,1623],"product_tag":[],"class_list":{"0":"post-181369","1":"product","2":"type-product","3":"status-publish","4":"has-post-thumbnail","6":"product_brand-dolce-gabbana","7":"product_cat-frauen-kleidung","8":"product_cat-kleider","9":"product_cat-kleidung","11":"first","12":"instock","13":"sale","14":"taxable","15":"shipping-taxable","16":"purchasable","17":"product-type-variable"},"_links":{"self":[{"href":"https:\/\/tpmadalina42.supserv.cozmoslabs.com\/fi\/wp-json\/wp\/v2\/product\/181369","targetHints":{"allow":["GET"]}}],"collection":[{"href":"https:\/\/tpmadalina42.supserv.cozmoslabs.com\/fi\/wp-json\/wp\/v2\/product"}],"about":[{"href":"https:\/\/tpmadalina42.supserv.cozmoslabs.com\/fi\/wp-json\/wp\/v2\/types\/product"}],"wp:featuredmedia":[{"embeddable":true,"href":"https:\/\/tpmadalina42.supserv.cozmoslabs.com\/fi\/wp-json\/wp\/v2\/media\/181361"}],"wp:attachment":[{"href":"https:\/\/tpmadalina42.supserv.cozmoslabs.com\/fi\/wp-json\/wp\/v2\/media?parent=181369"}],"wp:term":[{"taxonomy":"product_brand","embeddable":true,"href":"https:\/\/tpmadalina42.supserv.cozmoslabs.com\/fi\/wp-json\/wp\/v2\/product_brand?post=181369"},{"taxonomy":"product_cat","embeddable":true,"href":"https:\/\/tpmadalina42.supserv.cozmoslabs.com\/fi\/wp-json\/wp\/v2\/product_cat?post=181369"},{"taxonomy":"product_tag","embeddable":true,"href":"https:\/\/tpmadalina42.supserv.cozmoslabs.com\/fi\/wp-json\/wp\/v2\/product_tag?post=181369"}],"curies":[{"name":"wp","href":"https:\/\/api.w.org\/{rel}","templated":true}]}}