{"id":181380,"date":"2024-07-28T03:49:46","date_gmt":"2024-07-28T10:49:46","guid":{"rendered":"https:\/\/glandine.com\/product\/dolce-gabbana-fuchsia-fitted-cut-one-shoulder-midikleid\/"},"modified":"2024-12-01T04:31:20","modified_gmt":"2024-12-01T03:31:20","slug":"dolce-gabbana-fuchsia-fitted-cut-one-shoulder-midikleid","status":"publish","type":"product","link":"https:\/\/tpmadalina42.supserv.cozmoslabs.com\/fi\/tuote-2\/dolce-gabbana-fuchsia-fitted-cut-one-shoulder-midikleid\/","title":{"rendered":"Dolce &amp; Gabbana Fuchsia Fitted Cut One Shoulder Midikleid"},"content":{"rendered":"<p>DOLCE &amp; GABBANA<\/p>\n<p>Wundersch\u00f6ne brandneu mit Tags, 100% Authentic Dolce &amp; Gabbana<br \/>\nfuchsia, einen taillierten Schnitt, akzentuiert durch eine gro\u00dfe Schleife, und eine offene linke Schulter. Gro\u00dfe Drapierungen am Mieder und am Saum machen die Silhouette weicher und geben der Sache eine \u00c4hnlichkeit mit der antiken griechischen Tunika.<br \/>\nModell: Ein-Schulter-Wickelkleid<br \/>\nV\u00e4ri: fuksia<br \/>\nVetoketju takana<br \/>\nLogon yksityiskohdat<br \/>\nValmistettu Italiassa<br \/>\nEritt\u00e4in eksklusiivinen ja laadukas ty\u00f6<br \/>\nMateriaali: 100% silkki<\/p>\n<p><strong>Dieser Artikel hat einen Defekt, er hat Schmutzflecken auf der unteren Vorderseite (siehe Bilder f\u00fcr Details).<\/strong><\/p>","protected":false},"excerpt":{"rendered":"<p>DOLCE &amp; GABBANA Wundersch\u00f6ne brandneu mit Tags, 100% Authentic Dolce &amp; Gabbana fuchsia, einen taillierten Schnitt, akzentuiert durch eine gro\u00dfe Schleife, und eine offene linke Schulter. Gro\u00dfe Drapierungen am Mieder und am Saum machen die Silhouette weicher und geben der Sache eine \u00c4hnlichkeit mit der antiken griechischen Tunika. Modell: Ein-Schulter-Wickelkleid Farbe: Fuchsia Rei\u00dfverschlu\u00df auf dem [&hellip;]<\/p>","protected":false},"featured_media":181372,"template":"","meta":[],"product_brand":[1620],"product_cat":[1637,1659,1623],"product_tag":[],"class_list":{"0":"post-181380","1":"product","2":"type-product","3":"status-publish","4":"has-post-thumbnail","6":"product_brand-dolce-gabbana","7":"product_cat-frauen-kleidung","8":"product_cat-kleider","9":"product_cat-kleidung","11":"first","12":"instock","13":"sale","14":"taxable","15":"shipping-taxable","16":"purchasable","17":"product-type-variable"},"_links":{"self":[{"href":"https:\/\/tpmadalina42.supserv.cozmoslabs.com\/fi\/wp-json\/wp\/v2\/product\/181380","targetHints":{"allow":["GET"]}}],"collection":[{"href":"https:\/\/tpmadalina42.supserv.cozmoslabs.com\/fi\/wp-json\/wp\/v2\/product"}],"about":[{"href":"https:\/\/tpmadalina42.supserv.cozmoslabs.com\/fi\/wp-json\/wp\/v2\/types\/product"}],"wp:featuredmedia":[{"embeddable":true,"href":"https:\/\/tpmadalina42.supserv.cozmoslabs.com\/fi\/wp-json\/wp\/v2\/media\/181372"}],"wp:attachment":[{"href":"https:\/\/tpmadalina42.supserv.cozmoslabs.com\/fi\/wp-json\/wp\/v2\/media?parent=181380"}],"wp:term":[{"taxonomy":"product_brand","embeddable":true,"href":"https:\/\/tpmadalina42.supserv.cozmoslabs.com\/fi\/wp-json\/wp\/v2\/product_brand?post=181380"},{"taxonomy":"product_cat","embeddable":true,"href":"https:\/\/tpmadalina42.supserv.cozmoslabs.com\/fi\/wp-json\/wp\/v2\/product_cat?post=181380"},{"taxonomy":"product_tag","embeddable":true,"href":"https:\/\/tpmadalina42.supserv.cozmoslabs.com\/fi\/wp-json\/wp\/v2\/product_tag?post=181380"}],"curies":[{"name":"wp","href":"https:\/\/api.w.org\/{rel}","templated":true}]}}