{"id":181435,"date":"2024-07-28T03:52:00","date_gmt":"2024-07-28T10:52:00","guid":{"rendered":"https:\/\/glandine.com\/product\/dolce-gabbana-gruenes-gerafftes-midikleid-aus-stretch-tuell-mit-kristall\/"},"modified":"2024-12-01T04:32:15","modified_gmt":"2024-12-01T03:32:15","slug":"dolce-gabbana-gruenes-gerafftes-midikleid-aus-stretch-tuell-mit-kristall","status":"publish","type":"product","link":"https:\/\/tpmadalina42.supserv.cozmoslabs.com\/fi\/tuote-2\/dolce-gabbana-gruenes-gerafftes-midikleid-aus-stretch-tuell-mit-kristall\/","title":{"rendered":"Dolce &amp; Gabbana Vihre\u00e4 rypytetty joustava tyllikristallimekko"},"content":{"rendered":"<p>DOLCE &amp; GABBANA<\/p>\n<p>Dieses wundersch\u00f6ne, brandneue und 100% authentische Kleid von Dolce &amp; Gabbana wurde entworfen, um eine Sanduhr-Silhouette zu akzentuieren. Das figurbetonte Modell wurde in Italien aus Stretch-T\u00fcll gefertigt, der durchg\u00e4ngig gerafft ist und ein von einem Korsett inspiriertes, entbeintes Mieder besitzt.<br \/>\nModell: Bodycon, Midikleid<br \/>\nV\u00e4ri: Vihre\u00e4<br \/>\nRei\u00dfverschluss\u00f6ffnung auf der R\u00fcckseite<br \/>\nLogon yksityiskohdat<br \/>\nValmistettu Italiassa<br \/>\nMaterial: 53% Baumwolle 26% Nylon 21% Elastan<br \/>\nInnenfutter: 50% Baumwolle 25% Nylon 20% Elastan 5% Seide<\/p>\n<p><strong>Dieser Artikel hat einen kleinen Defekt, er hat gezogene F\u00e4den auf der Vorderseite (siehe Bilder f\u00fcr Details).<\/strong><\/p>","protected":false},"excerpt":{"rendered":"<p>DOLCE &amp; GABBANA Dieses wundersch\u00f6ne, brandneue und 100% authentische Kleid von Dolce &amp; Gabbana wurde entworfen, um eine Sanduhr-Silhouette zu akzentuieren. Das figurbetonte Modell wurde in Italien aus Stretch-T\u00fcll gefertigt, der durchg\u00e4ngig gerafft ist und ein von einem Korsett inspiriertes, entbeintes Mieder besitzt. Modell: Bodycon, Midikleid Farbe: Gr\u00fcn Rei\u00dfverschluss\u00f6ffnung auf der R\u00fcckseite Logo-Details In Italien [&hellip;]<\/p>","protected":false},"featured_media":181427,"template":"","meta":[],"product_brand":[1620],"product_cat":[1637,1659,1623],"product_tag":[],"class_list":{"0":"post-181435","1":"product","2":"type-product","3":"status-publish","4":"has-post-thumbnail","6":"product_brand-dolce-gabbana","7":"product_cat-frauen-kleidung","8":"product_cat-kleider","9":"product_cat-kleidung","11":"first","12":"instock","13":"sale","14":"taxable","15":"shipping-taxable","16":"purchasable","17":"product-type-variable"},"_links":{"self":[{"href":"https:\/\/tpmadalina42.supserv.cozmoslabs.com\/fi\/wp-json\/wp\/v2\/product\/181435","targetHints":{"allow":["GET"]}}],"collection":[{"href":"https:\/\/tpmadalina42.supserv.cozmoslabs.com\/fi\/wp-json\/wp\/v2\/product"}],"about":[{"href":"https:\/\/tpmadalina42.supserv.cozmoslabs.com\/fi\/wp-json\/wp\/v2\/types\/product"}],"wp:featuredmedia":[{"embeddable":true,"href":"https:\/\/tpmadalina42.supserv.cozmoslabs.com\/fi\/wp-json\/wp\/v2\/media\/181427"}],"wp:attachment":[{"href":"https:\/\/tpmadalina42.supserv.cozmoslabs.com\/fi\/wp-json\/wp\/v2\/media?parent=181435"}],"wp:term":[{"taxonomy":"product_brand","embeddable":true,"href":"https:\/\/tpmadalina42.supserv.cozmoslabs.com\/fi\/wp-json\/wp\/v2\/product_brand?post=181435"},{"taxonomy":"product_cat","embeddable":true,"href":"https:\/\/tpmadalina42.supserv.cozmoslabs.com\/fi\/wp-json\/wp\/v2\/product_cat?post=181435"},{"taxonomy":"product_tag","embeddable":true,"href":"https:\/\/tpmadalina42.supserv.cozmoslabs.com\/fi\/wp-json\/wp\/v2\/product_tag?post=181435"}],"curies":[{"name":"wp","href":"https:\/\/api.w.org\/{rel}","templated":true}]}}