{"id":182141,"date":"2024-07-28T04:21:01","date_gmt":"2024-07-28T11:21:01","guid":{"rendered":"https:\/\/glandine.com\/product\/zimmermann-multicolor-bademode-2\/"},"modified":"2024-12-01T05:11:35","modified_gmt":"2024-12-01T04:11:35","slug":"zimmermann-multicolor-bademode-2","status":"publish","type":"product","link":"https:\/\/tpmadalina42.supserv.cozmoslabs.com\/fi\/tuote-2\/zimmermann-multicolor-bademode-2\/","title":{"rendered":"Zimmermann Moniv\u00e4riset uimahousut"},"content":{"rendered":"<ul>\n<li>Luxuri\u00f6se Designer-Bademode und Strandbekleidung f\u00fcr Frauen<\/li>\n<li>Stilvolle und anspruchsvolle St\u00fccke<\/li>\n<li>Perfekt zum Faulenzen am Pool oder zum Sonnenbaden am Strand<\/li>\n<li>Liebe zum Detail und hochwertige Handwerkskunst<\/li>\n<li>Schicke Einteiler und verspielte Bikinis<\/li>\n<li>Vielf\u00e4ltige Modelle f\u00fcr jede K\u00f6rperform und jeden pers\u00f6nlichen Stil<\/li>\n<li>Auff\u00e4llige Prints und klassische Unis<\/li>\n<li>Setzen Sie diesen Sommer ein Zeichen mit Zimmermann Womens Beachwear<\/li>\n<li>Material: AzuraRT<\/li>\n<\/ul>","protected":false},"excerpt":{"rendered":"<p>Luxuri\u00f6se Designer-Bademode und Strandbekleidung f\u00fcr Frauen Stilvolle und anspruchsvolle St\u00fccke Perfekt zum Faulenzen am Pool oder zum Sonnenbaden am Strand Liebe zum Detail und hochwertige Handwerkskunst Schicke Einteiler und verspielte Bikinis Vielf\u00e4ltige Modelle f\u00fcr jede K\u00f6rperform und jeden pers\u00f6nlichen Stil Auff\u00e4llige Prints und klassische Unis Setzen Sie diesen Sommer ein Zeichen mit Zimmermann Womens Beachwear [&hellip;]<\/p>","protected":false},"featured_media":182138,"template":"","meta":[],"product_brand":[2599],"product_cat":[1708,1637,1623],"product_tag":[],"class_list":{"0":"post-182141","1":"product","2":"type-product","3":"status-publish","4":"has-post-thumbnail","6":"product_brand-zimmermann","7":"product_cat-bademode","8":"product_cat-frauen-kleidung","9":"product_cat-kleidung","11":"first","12":"instock","13":"sale","14":"taxable","15":"shipping-taxable","16":"purchasable","17":"product-type-variable"},"_links":{"self":[{"href":"https:\/\/tpmadalina42.supserv.cozmoslabs.com\/fi\/wp-json\/wp\/v2\/product\/182141","targetHints":{"allow":["GET"]}}],"collection":[{"href":"https:\/\/tpmadalina42.supserv.cozmoslabs.com\/fi\/wp-json\/wp\/v2\/product"}],"about":[{"href":"https:\/\/tpmadalina42.supserv.cozmoslabs.com\/fi\/wp-json\/wp\/v2\/types\/product"}],"wp:featuredmedia":[{"embeddable":true,"href":"https:\/\/tpmadalina42.supserv.cozmoslabs.com\/fi\/wp-json\/wp\/v2\/media\/182138"}],"wp:attachment":[{"href":"https:\/\/tpmadalina42.supserv.cozmoslabs.com\/fi\/wp-json\/wp\/v2\/media?parent=182141"}],"wp:term":[{"taxonomy":"product_brand","embeddable":true,"href":"https:\/\/tpmadalina42.supserv.cozmoslabs.com\/fi\/wp-json\/wp\/v2\/product_brand?post=182141"},{"taxonomy":"product_cat","embeddable":true,"href":"https:\/\/tpmadalina42.supserv.cozmoslabs.com\/fi\/wp-json\/wp\/v2\/product_cat?post=182141"},{"taxonomy":"product_tag","embeddable":true,"href":"https:\/\/tpmadalina42.supserv.cozmoslabs.com\/fi\/wp-json\/wp\/v2\/product_tag?post=182141"}],"curies":[{"name":"wp","href":"https:\/\/api.w.org\/{rel}","templated":true}]}}