{"id":182212,"date":"2024-07-28T04:23:16","date_gmt":"2024-07-28T11:23:16","guid":{"rendered":"https:\/\/glandine.com\/product\/dolce-gabbana-perforierte-jacke-mit-durchgehendem-reissverschluss-aus-blauem-leder\/"},"modified":"2024-12-01T05:18:51","modified_gmt":"2024-12-01T04:18:51","slug":"dolce-gabbana-perforierte-jacke-mit-durchgehendem-reissverschluss-aus-blauem-leder","status":"publish","type":"product","link":"https:\/\/tpmadalina42.supserv.cozmoslabs.com\/fi\/tuote-2\/dolce-gabbana-perforierte-jacke-mit-durchgehendem-reissverschluss-aus-blauem-leder\/","title":{"rendered":"Dolce &amp; Gabbana Perforierte Jacke mit durchgehendem Rei\u00dfverschluss aus blauem Leder"},"content":{"rendered":"<p>DOLCE &amp; GABBANA<\/p>\n<p>Absolut atemberaubend, 100% authentisch, ganz neu mit Tags Dolce &amp; Gabbana Leder perforiert Jacke. Durchgehender Rei\u00dfverschluss.<br \/>\nModell: Jacke mit durchgehendem Rei\u00dfverschluss<br \/>\nV\u00e4ri: Sininen<br \/>\nT\u00e4yspitk\u00e4 vetoketju<br \/>\nLogon yksityiskohdat<br \/>\nValmistettu Italiassa<br \/>\nMateriaali: 100% nahka<\/p>\n<p><strong>Dieser Artikel hat einen kleinen Fehler, es hat eine Verf\u00e4rbung auf der ganzen Jacke (siehe Bilder f\u00fcr Details).<\/strong><\/p>","protected":false},"excerpt":{"rendered":"<p>DOLCE &amp; GABBANA Absolut atemberaubend, 100% authentisch, ganz neu mit Tags Dolce &amp; Gabbana Leder perforiert Jacke. Durchgehender Rei\u00dfverschluss. Modell: Jacke mit durchgehendem Rei\u00dfverschluss Farbe: Blau Durchgehender Rei\u00dfverschluss Logo-Details In Italien hergestellt Material: 100% Leder Dieser Artikel hat einen kleinen Fehler, es hat eine Verf\u00e4rbung auf der ganzen Jacke (siehe Bilder f\u00fcr Details).<\/p>","protected":false},"featured_media":182204,"template":"","meta":[],"product_brand":[1620],"product_cat":[1633,1669,1623],"product_tag":[],"class_list":{"0":"post-182212","1":"product","2":"type-product","3":"status-publish","4":"has-post-thumbnail","6":"product_brand-dolce-gabbana","7":"product_cat-maenner-kleidung","8":"product_cat-jacken","9":"product_cat-kleidung","11":"first","12":"instock","13":"sale","14":"taxable","15":"shipping-taxable","16":"purchasable","17":"product-type-variable"},"_links":{"self":[{"href":"https:\/\/tpmadalina42.supserv.cozmoslabs.com\/fi\/wp-json\/wp\/v2\/product\/182212","targetHints":{"allow":["GET"]}}],"collection":[{"href":"https:\/\/tpmadalina42.supserv.cozmoslabs.com\/fi\/wp-json\/wp\/v2\/product"}],"about":[{"href":"https:\/\/tpmadalina42.supserv.cozmoslabs.com\/fi\/wp-json\/wp\/v2\/types\/product"}],"wp:featuredmedia":[{"embeddable":true,"href":"https:\/\/tpmadalina42.supserv.cozmoslabs.com\/fi\/wp-json\/wp\/v2\/media\/182204"}],"wp:attachment":[{"href":"https:\/\/tpmadalina42.supserv.cozmoslabs.com\/fi\/wp-json\/wp\/v2\/media?parent=182212"}],"wp:term":[{"taxonomy":"product_brand","embeddable":true,"href":"https:\/\/tpmadalina42.supserv.cozmoslabs.com\/fi\/wp-json\/wp\/v2\/product_brand?post=182212"},{"taxonomy":"product_cat","embeddable":true,"href":"https:\/\/tpmadalina42.supserv.cozmoslabs.com\/fi\/wp-json\/wp\/v2\/product_cat?post=182212"},{"taxonomy":"product_tag","embeddable":true,"href":"https:\/\/tpmadalina42.supserv.cozmoslabs.com\/fi\/wp-json\/wp\/v2\/product_tag?post=182212"}],"curies":[{"name":"wp","href":"https:\/\/api.w.org\/{rel}","templated":true}]}}