{"id":182448,"date":"2024-07-28T04:31:56","date_gmt":"2024-07-28T11:31:56","guid":{"rendered":"https:\/\/glandine.com\/product\/jacob-cohen-elegante-slim-fit-fransenjeans-2\/"},"modified":"2024-12-09T11:54:21","modified_gmt":"2024-12-09T10:54:21","slug":"jacob-cohen-elegante-slim-fit-fransenjeans-2","status":"publish","type":"product","link":"https:\/\/tpmadalina42.supserv.cozmoslabs.com\/fi\/tuote-2\/jacob-cohen-elegante-slim-fit-fransenjeans-2\/","title":{"rendered":"Jacob Cohen Elegante Slim-Fit-Fransenjeans"},"content":{"rendered":"<p>Veredeln Sie Ihre Denim-Kollektion mit einem Hauch von Pferdecharme in dieser exquisiten Slim-Fit-Fransenjeans. Die Jeans ist so geschnitten, dass sie Ihre Silhouette betont. Sie hat ein klassisches 5-Pocket-Design und ist mit einem gestickten Logo verziert, das ihr einen besonderen Touch verleiht. Das schicke Ponyfell-Etikett und die verspielten Fransen an der Unterseite sorgen f\u00fcr eine Mischung aus Luxus und temperamentvollem Stil, perfekt f\u00fcr vielseitige Modekenner. Die von Jacob Cohen mit Pr\u00e4zision gefertigte Jeans garantiert mit ihrer hochwertigen Baumwollmischung Qualit\u00e4t und Komfort.<\/p>\n<ul>\n<li>Materiaali: 98% puuvilla, 2% elastaani.<\/li>\n<li>V\u00e4ri: Sininen<\/li>\n<li>Alkuper\u00e4maa: Italia<\/li>\n<\/ul>","protected":false},"excerpt":{"rendered":"<p>Veredeln Sie Ihre Denim-Kollektion mit einem Hauch von Pferdecharme in dieser exquisiten Slim-Fit-Fransenjeans. Die Jeans ist so geschnitten, dass sie Ihre Silhouette betont. Sie hat ein klassisches 5-Pocket-Design und ist mit einem gestickten Logo verziert, das ihr einen besonderen Touch verleiht. Das schicke Ponyfell-Etikett und die verspielten Fransen an der Unterseite sorgen f\u00fcr eine Mischung [&hellip;]<\/p>","protected":false},"featured_media":182445,"template":"","meta":[],"product_brand":[2179],"product_cat":[1637,1686,1623],"product_tag":[],"class_list":{"0":"post-182448","1":"product","2":"type-product","3":"status-publish","4":"has-post-thumbnail","6":"product_brand-jacob-cohen","7":"product_cat-frauen-kleidung","8":"product_cat-jeans-hosen-frauen-kleidung","9":"product_cat-kleidung","11":"first","12":"instock","13":"sale","14":"taxable","15":"shipping-taxable","16":"purchasable","17":"product-type-variable"},"_links":{"self":[{"href":"https:\/\/tpmadalina42.supserv.cozmoslabs.com\/fi\/wp-json\/wp\/v2\/product\/182448","targetHints":{"allow":["GET"]}}],"collection":[{"href":"https:\/\/tpmadalina42.supserv.cozmoslabs.com\/fi\/wp-json\/wp\/v2\/product"}],"about":[{"href":"https:\/\/tpmadalina42.supserv.cozmoslabs.com\/fi\/wp-json\/wp\/v2\/types\/product"}],"wp:featuredmedia":[{"embeddable":true,"href":"https:\/\/tpmadalina42.supserv.cozmoslabs.com\/fi\/wp-json\/wp\/v2\/media\/182445"}],"wp:attachment":[{"href":"https:\/\/tpmadalina42.supserv.cozmoslabs.com\/fi\/wp-json\/wp\/v2\/media?parent=182448"}],"wp:term":[{"taxonomy":"product_brand","embeddable":true,"href":"https:\/\/tpmadalina42.supserv.cozmoslabs.com\/fi\/wp-json\/wp\/v2\/product_brand?post=182448"},{"taxonomy":"product_cat","embeddable":true,"href":"https:\/\/tpmadalina42.supserv.cozmoslabs.com\/fi\/wp-json\/wp\/v2\/product_cat?post=182448"},{"taxonomy":"product_tag","embeddable":true,"href":"https:\/\/tpmadalina42.supserv.cozmoslabs.com\/fi\/wp-json\/wp\/v2\/product_tag?post=182448"}],"curies":[{"name":"wp","href":"https:\/\/api.w.org\/{rel}","templated":true}]}}