{"id":184387,"date":"2024-07-28T05:37:08","date_gmt":"2024-07-28T12:37:08","guid":{"rendered":"https:\/\/glandine.com\/product\/dolce-gabbana-opulenter-beigefarbener-mantel-mit-shearling-kragen\/"},"modified":"2024-11-29T23:22:40","modified_gmt":"2024-11-29T22:22:40","slug":"dolce-gabbana-opulenter-beigefarbener-mantel-mit-shearling-kragen","status":"publish","type":"product","link":"https:\/\/tpmadalina42.supserv.cozmoslabs.com\/fi\/tuote-2\/dolce-gabbana-opulenter-beigefarbener-mantel-mit-shearling-kragen\/","title":{"rendered":"Dolce &amp; Gabbana Ylellinen beige takki, jossa on kaulakaulus"},"content":{"rendered":"<p>G\u00f6nnen Sie sich den Inbegriff von Luxus mit diesem eleganten und raffinierten beigen Mantel von Dolce &amp; Gabbana. Dieses exquisite St\u00fcck zieht alle Blicke auf sich und unterstreicht Ihren Stil mit seiner raffinierten Silhouette und hochwertigen Qualit\u00e4t. Ein Pl\u00fcschkragen aus Shearling verleiht ihm einen Hauch von Klasse, und die sorgf\u00e4ltige Verarbeitung unterstreicht die Hingabe der Marke f\u00fcr Exzellenz. Perfekt f\u00fcr den anspruchsvollen Gentleman, der sowohl Komfort als auch erstklassige Mode sch\u00e4tzt.<\/p>\n<ul>\n<li>Merkki: Dolce &amp; Gabbana<\/li>\n<li>V\u00e4ri: beige<\/li>\n<li>Material: 2% Seide, 90% Kamelhaar, 8% Kaschmir<\/li>\n<li>Alkuper\u00e4maa: Italia<\/li>\n<li>Knopf und Tailleng\u00fcrtelverschluss<\/li>\n<li>Zwei Au\u00dfentaschen<\/li>\n<li>Logon yksityiskohdat<\/li>\n<\/ul>","protected":false},"excerpt":{"rendered":"<p>G\u00f6nnen Sie sich den Inbegriff von Luxus mit diesem eleganten und raffinierten beigen Mantel von Dolce &amp; Gabbana. Dieses exquisite St\u00fcck zieht alle Blicke auf sich und unterstreicht Ihren Stil mit seiner raffinierten Silhouette und hochwertigen Qualit\u00e4t. Ein Pl\u00fcschkragen aus Shearling verleiht ihm einen Hauch von Klasse, und die sorgf\u00e4ltige Verarbeitung unterstreicht die Hingabe der [&hellip;]<\/p>","protected":false},"featured_media":184381,"template":"","meta":[],"product_brand":[1620],"product_cat":[1633,1669,1623],"product_tag":[],"class_list":{"0":"post-184387","1":"product","2":"type-product","3":"status-publish","4":"has-post-thumbnail","6":"product_brand-dolce-gabbana","7":"product_cat-maenner-kleidung","8":"product_cat-jacken","9":"product_cat-kleidung","11":"first","12":"instock","13":"sale","14":"taxable","15":"shipping-taxable","16":"purchasable","17":"product-type-variable"},"_links":{"self":[{"href":"https:\/\/tpmadalina42.supserv.cozmoslabs.com\/fi\/wp-json\/wp\/v2\/product\/184387","targetHints":{"allow":["GET"]}}],"collection":[{"href":"https:\/\/tpmadalina42.supserv.cozmoslabs.com\/fi\/wp-json\/wp\/v2\/product"}],"about":[{"href":"https:\/\/tpmadalina42.supserv.cozmoslabs.com\/fi\/wp-json\/wp\/v2\/types\/product"}],"wp:featuredmedia":[{"embeddable":true,"href":"https:\/\/tpmadalina42.supserv.cozmoslabs.com\/fi\/wp-json\/wp\/v2\/media\/184381"}],"wp:attachment":[{"href":"https:\/\/tpmadalina42.supserv.cozmoslabs.com\/fi\/wp-json\/wp\/v2\/media?parent=184387"}],"wp:term":[{"taxonomy":"product_brand","embeddable":true,"href":"https:\/\/tpmadalina42.supserv.cozmoslabs.com\/fi\/wp-json\/wp\/v2\/product_brand?post=184387"},{"taxonomy":"product_cat","embeddable":true,"href":"https:\/\/tpmadalina42.supserv.cozmoslabs.com\/fi\/wp-json\/wp\/v2\/product_cat?post=184387"},{"taxonomy":"product_tag","embeddable":true,"href":"https:\/\/tpmadalina42.supserv.cozmoslabs.com\/fi\/wp-json\/wp\/v2\/product_tag?post=184387"}],"curies":[{"name":"wp","href":"https:\/\/api.w.org\/{rel}","templated":true}]}}