{"id":184724,"date":"2024-07-28T05:50:50","date_gmt":"2024-07-28T12:50:50","guid":{"rendered":"https:\/\/glandine.com\/product\/dolce-gabbana-rote-doppelreihige-ledermanteljacke\/"},"modified":"2024-12-01T05:27:03","modified_gmt":"2024-12-01T04:27:03","slug":"dolce-gabbana-rote-doppelreihige-ledermanteljacke","status":"publish","type":"product","link":"https:\/\/tpmadalina42.supserv.cozmoslabs.com\/fi\/tuote-2\/dolce-gabbana-rote-doppelreihige-ledermanteljacke\/","title":{"rendered":"Dolce &amp; Gabbana Rote doppelreihige Ledermanteljacke"},"content":{"rendered":"<p>DOLCE &amp; GABBANA<\/p>\n<p>Absolut atemberaubend, 100% authentisch, ganz neu mit Tags Dolce &amp; Gabbana Double breasted Jacke.<br \/>\nModell: Mantel Jacke<br \/>\nV\u00e4ri: punainen<br \/>\nZwei Fronttaschen und zwei Au\u00dfentaschen<br \/>\nNapin sulkeminen<br \/>\nLogon yksityiskohdat<br \/>\nValmistettu Italiassa<br \/>\nMaterial: 90% Leder 8% Schurwolle 2% Elastan<br \/>\nInnenfutter: 83% Schurwolle 15% Leder 2% Elastan<\/p>\n<p><strong>Dieser Artikel hat einen kleinen Fehler, er hat einen Kratzer auf dem Leder (siehe Bilder f\u00fcr Details). Dies ist der Grund f\u00fcr den niedrigen Verkaufspreis und eine gute Gelegenheit, ein Schn\u00e4ppchen zu machen.<\/strong><\/p>","protected":false},"excerpt":{"rendered":"<p>DOLCE &amp; GABBANA Absolut atemberaubend, 100% authentisch, ganz neu mit Tags Dolce &amp; Gabbana Double breasted Jacke. Modell: Mantel Jacke Farbe: Rot Zwei Fronttaschen und zwei Au\u00dfentaschen Knopfverschluss Logo-Details In Italien hergestellt Material: 90% Leder 8% Schurwolle 2% Elastan Innenfutter: 83% Schurwolle 15% Leder 2% Elastan Dieser Artikel hat einen kleinen Fehler, er hat einen [&hellip;]<\/p>","protected":false},"featured_media":184716,"template":"","meta":[],"product_brand":[1620],"product_cat":[1633,1669,1623],"product_tag":[],"class_list":{"0":"post-184724","1":"product","2":"type-product","3":"status-publish","4":"has-post-thumbnail","6":"product_brand-dolce-gabbana","7":"product_cat-maenner-kleidung","8":"product_cat-jacken","9":"product_cat-kleidung","11":"first","12":"instock","13":"sale","14":"taxable","15":"shipping-taxable","16":"purchasable","17":"product-type-variable"},"_links":{"self":[{"href":"https:\/\/tpmadalina42.supserv.cozmoslabs.com\/fi\/wp-json\/wp\/v2\/product\/184724","targetHints":{"allow":["GET"]}}],"collection":[{"href":"https:\/\/tpmadalina42.supserv.cozmoslabs.com\/fi\/wp-json\/wp\/v2\/product"}],"about":[{"href":"https:\/\/tpmadalina42.supserv.cozmoslabs.com\/fi\/wp-json\/wp\/v2\/types\/product"}],"wp:featuredmedia":[{"embeddable":true,"href":"https:\/\/tpmadalina42.supserv.cozmoslabs.com\/fi\/wp-json\/wp\/v2\/media\/184716"}],"wp:attachment":[{"href":"https:\/\/tpmadalina42.supserv.cozmoslabs.com\/fi\/wp-json\/wp\/v2\/media?parent=184724"}],"wp:term":[{"taxonomy":"product_brand","embeddable":true,"href":"https:\/\/tpmadalina42.supserv.cozmoslabs.com\/fi\/wp-json\/wp\/v2\/product_brand?post=184724"},{"taxonomy":"product_cat","embeddable":true,"href":"https:\/\/tpmadalina42.supserv.cozmoslabs.com\/fi\/wp-json\/wp\/v2\/product_cat?post=184724"},{"taxonomy":"product_tag","embeddable":true,"href":"https:\/\/tpmadalina42.supserv.cozmoslabs.com\/fi\/wp-json\/wp\/v2\/product_tag?post=184724"}],"curies":[{"name":"wp","href":"https:\/\/api.w.org\/{rel}","templated":true}]}}