{"id":184852,"date":"2024-07-28T05:55:02","date_gmt":"2024-07-28T12:55:02","guid":{"rendered":"https:\/\/glandine.com\/product\/dolce-gabbana-rote-leder-kristall-sonnenbrille-gold-metall-schluesselanhaenger-schluesselanhaenger\/"},"modified":"2024-12-01T05:28:02","modified_gmt":"2024-12-01T04:28:02","slug":"dolce-gabbana-rote-leder-kristall-sonnenbrille-gold-metall-schluesselanhaenger-schluesselanhaenger","status":"publish","type":"product","link":"https:\/\/tpmadalina42.supserv.cozmoslabs.com\/fi\/tuote-2\/dolce-gabbana-rote-leder-kristall-sonnenbrille-gold-metall-schluesselanhaenger-schluesselanhaenger\/","title":{"rendered":"Dolce &amp; Gabbana Rote Leder-Kristall-Sonnenbrille Gold-Metall-Schl\u00fcsselanh\u00e4nger Schl\u00fcsselanh\u00e4nger"},"content":{"rendered":"<p>DOLCE &amp; GABBANA<\/p>\n<p>Absolut atemberaubend, 100% authentisch, aus Vorbesitz mit Tags Dolce &amp; Gabbana Schl\u00fcsselanh\u00e4nger \/ Schl\u00fcsselanh\u00e4nger, verf\u00fcgt \u00fcber einen Messingring und Logo graviert Metall-Hardware.<br \/>\nMaterialien: Leder, Messing und Kristall<br \/>\nFarbe: Rot, Gold<br \/>\nGr\u00f6\u00dfe: 18cm x 5cm<br \/>\nBefestigung am Schl\u00fcsselring<br \/>\nLogon yksityiskohdat, metallihelat logokaiverruksella<br \/>\nValmistettu Italiassa<\/p>\n<p><strong>Dieser Artikel ist aus Vorbesitz, es gibt Kratzer auf der Sonnenbrille (siehe Bilder f\u00fcr Details).<\/strong><\/p>","protected":false},"excerpt":{"rendered":"<p>DOLCE &amp; GABBANA Absolut atemberaubend, 100% authentisch, aus Vorbesitz mit Tags Dolce &amp; Gabbana Schl\u00fcsselanh\u00e4nger \/ Schl\u00fcsselanh\u00e4nger, verf\u00fcgt \u00fcber einen Messingring und Logo graviert Metall-Hardware. Materialien: Leder, Messing und Kristall Farbe: Rot, Gold Gr\u00f6\u00dfe: 18cm x 5cm Befestigung am Schl\u00fcsselring Logo-Details, Metallbeschl\u00e4ge mit Logogravur Hergestellt in Italien Dieser Artikel ist aus Vorbesitz, es gibt Kratzer [&hellip;]<\/p>","protected":false},"featured_media":184846,"template":"","meta":[],"product_brand":[1620],"product_cat":[1621,1632,1673],"product_tag":[],"class_list":{"0":"post-184852","1":"product","2":"type-product","3":"status-publish","4":"has-post-thumbnail","6":"product_brand-dolce-gabbana","7":"product_cat-accessoire","8":"product_cat-frauen-zubehoer","9":"product_cat-schluesselanhaenger-frauen-zubehoer","11":"first","12":"instock","13":"sale","14":"taxable","15":"shipping-taxable","16":"purchasable","17":"product-type-simple"},"_links":{"self":[{"href":"https:\/\/tpmadalina42.supserv.cozmoslabs.com\/fi\/wp-json\/wp\/v2\/product\/184852","targetHints":{"allow":["GET"]}}],"collection":[{"href":"https:\/\/tpmadalina42.supserv.cozmoslabs.com\/fi\/wp-json\/wp\/v2\/product"}],"about":[{"href":"https:\/\/tpmadalina42.supserv.cozmoslabs.com\/fi\/wp-json\/wp\/v2\/types\/product"}],"wp:featuredmedia":[{"embeddable":true,"href":"https:\/\/tpmadalina42.supserv.cozmoslabs.com\/fi\/wp-json\/wp\/v2\/media\/184846"}],"wp:attachment":[{"href":"https:\/\/tpmadalina42.supserv.cozmoslabs.com\/fi\/wp-json\/wp\/v2\/media?parent=184852"}],"wp:term":[{"taxonomy":"product_brand","embeddable":true,"href":"https:\/\/tpmadalina42.supserv.cozmoslabs.com\/fi\/wp-json\/wp\/v2\/product_brand?post=184852"},{"taxonomy":"product_cat","embeddable":true,"href":"https:\/\/tpmadalina42.supserv.cozmoslabs.com\/fi\/wp-json\/wp\/v2\/product_cat?post=184852"},{"taxonomy":"product_tag","embeddable":true,"href":"https:\/\/tpmadalina42.supserv.cozmoslabs.com\/fi\/wp-json\/wp\/v2\/product_tag?post=184852"}],"curies":[{"name":"wp","href":"https:\/\/api.w.org\/{rel}","templated":true}]}}