{"id":185266,"date":"2024-07-28T06:09:11","date_gmt":"2024-07-28T13:09:11","guid":{"rendered":"https:\/\/glandine.com\/product\/john-galliano-elegante-baumwollhose-mit-weitem-bein\/"},"modified":"2024-11-30T05:22:15","modified_gmt":"2024-11-30T04:22:15","slug":"john-galliano-elegante-baumwollhose-mit-weitem-bein","status":"publish","type":"product","link":"https:\/\/tpmadalina42.supserv.cozmoslabs.com\/fi\/tuote-2\/john-galliano-elegante-baumwollhose-mit-weitem-bein\/","title":{"rendered":"John Galliano Tyylikk\u00e4\u00e4t leve\u00e4lahkeiset puuvillahousut"},"content":{"rendered":"<p>Steigern Sie Ihren Stil mit dieser wundersch\u00f6nen, brandneuen wei\u00dfen Hose, die mit gr\u00f6\u00dfter Sorgfalt von John Galliano gefertigt wurde. Diese Hose mit weitem Bein wurde f\u00fcr diejenigen entworfen, die eine Mischung aus Komfort und Eleganz zu sch\u00e4tzen wissen. Sie ist dehnbar und eignet sich perfekt, um einen raffinierten Look f\u00fcr jeden Anlass zu kreieren.<\/p>\n<ul>\n<li>V\u00e4ri: Valkoinen<\/li>\n<li>Materiaali: 95% puuvilla 5% elastaani<\/li>\n<li>Alkuper\u00e4maa: Italia<\/li>\n<li>Logon yksityiskohdat<\/li>\n<\/ul>","protected":false},"excerpt":{"rendered":"<p>Steigern Sie Ihren Stil mit dieser wundersch\u00f6nen, brandneuen wei\u00dfen Hose, die mit gr\u00f6\u00dfter Sorgfalt von John Galliano gefertigt wurde. Diese Hose mit weitem Bein wurde f\u00fcr diejenigen entworfen, die eine Mischung aus Komfort und Eleganz zu sch\u00e4tzen wissen. Sie ist dehnbar und eignet sich perfekt, um einen raffinierten Look f\u00fcr jeden Anlass zu kreieren. Farbe: [&hellip;]<\/p>","protected":false},"featured_media":185259,"template":"","meta":[],"product_brand":[1762],"product_cat":[1633,1671,1623],"product_tag":[],"class_list":{"0":"post-185266","1":"product","2":"type-product","3":"status-publish","4":"has-post-thumbnail","6":"product_brand-john-galliano","7":"product_cat-maenner-kleidung","8":"product_cat-jeans-hosen","9":"product_cat-kleidung","11":"first","12":"instock","13":"sale","14":"taxable","15":"shipping-taxable","16":"purchasable","17":"product-type-variable"},"_links":{"self":[{"href":"https:\/\/tpmadalina42.supserv.cozmoslabs.com\/fi\/wp-json\/wp\/v2\/product\/185266","targetHints":{"allow":["GET"]}}],"collection":[{"href":"https:\/\/tpmadalina42.supserv.cozmoslabs.com\/fi\/wp-json\/wp\/v2\/product"}],"about":[{"href":"https:\/\/tpmadalina42.supserv.cozmoslabs.com\/fi\/wp-json\/wp\/v2\/types\/product"}],"wp:featuredmedia":[{"embeddable":true,"href":"https:\/\/tpmadalina42.supserv.cozmoslabs.com\/fi\/wp-json\/wp\/v2\/media\/185259"}],"wp:attachment":[{"href":"https:\/\/tpmadalina42.supserv.cozmoslabs.com\/fi\/wp-json\/wp\/v2\/media?parent=185266"}],"wp:term":[{"taxonomy":"product_brand","embeddable":true,"href":"https:\/\/tpmadalina42.supserv.cozmoslabs.com\/fi\/wp-json\/wp\/v2\/product_brand?post=185266"},{"taxonomy":"product_cat","embeddable":true,"href":"https:\/\/tpmadalina42.supserv.cozmoslabs.com\/fi\/wp-json\/wp\/v2\/product_cat?post=185266"},{"taxonomy":"product_tag","embeddable":true,"href":"https:\/\/tpmadalina42.supserv.cozmoslabs.com\/fi\/wp-json\/wp\/v2\/product_tag?post=185266"}],"curies":[{"name":"wp","href":"https:\/\/api.w.org\/{rel}","templated":true}]}}