{"id":185423,"date":"2024-07-28T06:18:19","date_gmt":"2024-07-28T13:18:19","guid":{"rendered":"https:\/\/glandine.com\/product\/dolce-gabbana-elegante-graue-karierte-capri-wollhosen\/"},"modified":"2024-11-29T13:25:55","modified_gmt":"2024-11-29T12:25:55","slug":"dolce-gabbana-elegante-graue-karierte-capri-wollhosen","status":"publish","type":"product","link":"https:\/\/tpmadalina42.supserv.cozmoslabs.com\/fi\/tuote-2\/dolce-gabbana-elegante-graue-karierte-capri-wollhosen\/","title":{"rendered":"Dolce &amp; Gabbana Elegante graue karierte Capri-Wollhosen"},"content":{"rendered":"<p>Mit dieser exquisiten Caprihose von Dolce &amp; Gabbana sind Sie auf der H\u00f6he der Zeit. Perfekt f\u00fcr jedes elegante Ensemble, sind sie brandneu mit Etiketten, die 100% Authentizit\u00e4t und tadellosen Stil gew\u00e4hrleisten. Die Hose ist aus feinster 100%iger Wolle gefertigt und hat ein schickes graues Karomuster, mit dem Sie garantiert ein Statement setzen. Der Rei\u00dfverschluss und die Logodetails verleihen ihr einen Hauch von Luxus, w\u00e4hrend die italienische Handwerkskunst unvergleichliche Qualit\u00e4t und Komfort verspricht. Werten Sie Ihre Garderobe mit diesem zeitlosen St\u00fcck auf.<\/p>\n<ul>\n<li>V\u00e4ri: Harmaa<\/li>\n<li>Materiaali: 100% villa<\/li>\n<li>Alkuper\u00e4maa: IT<\/li>\n<\/ul>","protected":false},"excerpt":{"rendered":"<p>Mit dieser exquisiten Caprihose von Dolce &amp; Gabbana sind Sie auf der H\u00f6he der Zeit. Perfekt f\u00fcr jedes elegante Ensemble, sind sie brandneu mit Etiketten, die 100% Authentizit\u00e4t und tadellosen Stil gew\u00e4hrleisten. Die Hose ist aus feinster 100%iger Wolle gefertigt und hat ein schickes graues Karomuster, mit dem Sie garantiert ein Statement setzen. Der Rei\u00dfverschluss [&hellip;]<\/p>","protected":false},"featured_media":185417,"template":"","meta":[],"product_brand":[1620],"product_cat":[1637,1686,1623],"product_tag":[],"class_list":{"0":"post-185423","1":"product","2":"type-product","3":"status-publish","4":"has-post-thumbnail","6":"product_brand-dolce-gabbana","7":"product_cat-frauen-kleidung","8":"product_cat-jeans-hosen-frauen-kleidung","9":"product_cat-kleidung","11":"first","12":"instock","13":"sale","14":"taxable","15":"shipping-taxable","16":"purchasable","17":"product-type-variable"},"_links":{"self":[{"href":"https:\/\/tpmadalina42.supserv.cozmoslabs.com\/fi\/wp-json\/wp\/v2\/product\/185423","targetHints":{"allow":["GET"]}}],"collection":[{"href":"https:\/\/tpmadalina42.supserv.cozmoslabs.com\/fi\/wp-json\/wp\/v2\/product"}],"about":[{"href":"https:\/\/tpmadalina42.supserv.cozmoslabs.com\/fi\/wp-json\/wp\/v2\/types\/product"}],"wp:featuredmedia":[{"embeddable":true,"href":"https:\/\/tpmadalina42.supserv.cozmoslabs.com\/fi\/wp-json\/wp\/v2\/media\/185417"}],"wp:attachment":[{"href":"https:\/\/tpmadalina42.supserv.cozmoslabs.com\/fi\/wp-json\/wp\/v2\/media?parent=185423"}],"wp:term":[{"taxonomy":"product_brand","embeddable":true,"href":"https:\/\/tpmadalina42.supserv.cozmoslabs.com\/fi\/wp-json\/wp\/v2\/product_brand?post=185423"},{"taxonomy":"product_cat","embeddable":true,"href":"https:\/\/tpmadalina42.supserv.cozmoslabs.com\/fi\/wp-json\/wp\/v2\/product_cat?post=185423"},{"taxonomy":"product_tag","embeddable":true,"href":"https:\/\/tpmadalina42.supserv.cozmoslabs.com\/fi\/wp-json\/wp\/v2\/product_tag?post=185423"}],"curies":[{"name":"wp","href":"https:\/\/api.w.org\/{rel}","templated":true}]}}