{"id":186347,"date":"2024-07-29T00:06:51","date_gmt":"2024-07-29T07:06:51","guid":{"rendered":"https:\/\/glandine.com\/product\/dolce-gabbana-exquisite-seidenhosen-mit-pfauenmuster\/"},"modified":"2024-11-29T20:23:08","modified_gmt":"2024-11-29T19:23:08","slug":"dolce-gabbana-exquisite-seidenhosen-mit-pfauenmuster","status":"publish","type":"product","link":"https:\/\/tpmadalina42.supserv.cozmoslabs.com\/fi\/tuote-2\/dolce-gabbana-exquisite-seidenhosen-mit-pfauenmuster\/","title":{"rendered":"Dolce &amp; Gabbana Exquisite Seidenhosen mit Pfauenmuster"},"content":{"rendered":"<p>Mit dieser exquisiten Hose mit atemberaubendem Pfauenprint sind Sie stilvoll unterwegs. Die aus reiner Seide gefertigte Hose von Dolce &amp; Gabbana verf\u00fcgt \u00fcber ein schlankes, gerades Bein und eine praktische Leistentasche auf der R\u00fcckseite, die eine perfekte Mischung aus Luxus und Funktionalit\u00e4t darstellt. Die schmal zulaufende Passform und der leuchtende Blauton mit dem mehrfarbigen Motiv machen sie zu einem echten Hingucker in Ihrem Kleiderschrank.<\/p>\n<ul>\n<li>Materiaali: 100% silkki<\/li>\n<li>Farbe: Blau mit Multicolor-Motiv<\/li>\n<li>Passform: Schlanke, konische Passform<\/li>\n<li>Zwei Vorder- und zwei Ges\u00e4\u00dftaschen<\/li>\n<li>Hosenschlitz mit Rei\u00dfverschluss<\/li>\n<li>Logon yksityiskohdat<\/li>\n<li>Alkuper\u00e4maa: IT<\/li>\n<\/ul>","protected":false},"excerpt":{"rendered":"<p>Mit dieser exquisiten Hose mit atemberaubendem Pfauenprint sind Sie stilvoll unterwegs. Die aus reiner Seide gefertigte Hose von Dolce &amp; Gabbana verf\u00fcgt \u00fcber ein schlankes, gerades Bein und eine praktische Leistentasche auf der R\u00fcckseite, die eine perfekte Mischung aus Luxus und Funktionalit\u00e4t darstellt. Die schmal zulaufende Passform und der leuchtende Blauton mit dem mehrfarbigen Motiv [&hellip;]<\/p>","protected":false},"featured_media":186343,"template":"","meta":[],"product_brand":[1620],"product_cat":[1633,1671,1623],"product_tag":[],"class_list":{"0":"post-186347","1":"product","2":"type-product","3":"status-publish","4":"has-post-thumbnail","6":"product_brand-dolce-gabbana","7":"product_cat-maenner-kleidung","8":"product_cat-jeans-hosen","9":"product_cat-kleidung","11":"first","12":"instock","13":"sale","14":"taxable","15":"shipping-taxable","16":"purchasable","17":"product-type-variable"},"_links":{"self":[{"href":"https:\/\/tpmadalina42.supserv.cozmoslabs.com\/fi\/wp-json\/wp\/v2\/product\/186347","targetHints":{"allow":["GET"]}}],"collection":[{"href":"https:\/\/tpmadalina42.supserv.cozmoslabs.com\/fi\/wp-json\/wp\/v2\/product"}],"about":[{"href":"https:\/\/tpmadalina42.supserv.cozmoslabs.com\/fi\/wp-json\/wp\/v2\/types\/product"}],"wp:featuredmedia":[{"embeddable":true,"href":"https:\/\/tpmadalina42.supserv.cozmoslabs.com\/fi\/wp-json\/wp\/v2\/media\/186343"}],"wp:attachment":[{"href":"https:\/\/tpmadalina42.supserv.cozmoslabs.com\/fi\/wp-json\/wp\/v2\/media?parent=186347"}],"wp:term":[{"taxonomy":"product_brand","embeddable":true,"href":"https:\/\/tpmadalina42.supserv.cozmoslabs.com\/fi\/wp-json\/wp\/v2\/product_brand?post=186347"},{"taxonomy":"product_cat","embeddable":true,"href":"https:\/\/tpmadalina42.supserv.cozmoslabs.com\/fi\/wp-json\/wp\/v2\/product_cat?post=186347"},{"taxonomy":"product_tag","embeddable":true,"href":"https:\/\/tpmadalina42.supserv.cozmoslabs.com\/fi\/wp-json\/wp\/v2\/product_tag?post=186347"}],"curies":[{"name":"wp","href":"https:\/\/api.w.org\/{rel}","templated":true}]}}