{"id":186387,"date":"2024-07-29T00:39:38","date_gmt":"2024-07-29T07:39:38","guid":{"rendered":"https:\/\/glandine.com\/product\/tom-ford-elegantes-gruenes-baumwollhemd-fuer-maenner\/"},"modified":"2024-11-30T22:53:53","modified_gmt":"2024-11-30T21:53:53","slug":"tom-ford-elegantes-gruenes-baumwollhemd-fuer-maenner","status":"publish","type":"product","link":"https:\/\/tpmadalina42.supserv.cozmoslabs.com\/fi\/tuote-2\/tom-ford-elegantes-gruenes-baumwollhemd-fuer-maenner\/","title":{"rendered":"Tom Ford Elegantes gr\u00fcnes Baumwollhemd f\u00fcr M\u00e4nner"},"content":{"rendered":"<p>Entdecken Sie den Inbegriff von Raffinesse mit unserem schicken gr\u00fcnen Baumwollhemd f\u00fcr Herren. Dieses fein gearbeitete Kleidungsst\u00fcck verk\u00f6rpert den Luxus und die Liebe zum Detail, f\u00fcr die die Marke Tom Ford steht. Perfekt f\u00fcr alle Anl\u00e4sse, die einen Hauch von Klasse erfordern. Der hochwertige Stoff und die auff\u00e4llige Farbe sorgen daf\u00fcr, dass Sie in jedem Raum der bestgekleidete Mann sind.<\/p>\n<ul>\n<li>Materiaali: puuvilla<\/li>\n<li>Alkuper\u00e4maa: Italia<\/li>\n<li>V\u00e4ri: Vihre\u00e4<\/li>\n<\/ul>","protected":false},"excerpt":{"rendered":"<p>Entdecken Sie den Inbegriff von Raffinesse mit unserem schicken gr\u00fcnen Baumwollhemd f\u00fcr Herren. Dieses fein gearbeitete Kleidungsst\u00fcck verk\u00f6rpert den Luxus und die Liebe zum Detail, f\u00fcr die die Marke Tom Ford steht. Perfekt f\u00fcr alle Anl\u00e4sse, die einen Hauch von Klasse erfordern. Der hochwertige Stoff und die auff\u00e4llige Farbe sorgen daf\u00fcr, dass Sie in jedem [&hellip;]<\/p>","protected":false},"featured_media":186384,"template":"","meta":[],"product_brand":[2405],"product_cat":[1695,1633,1623],"product_tag":[],"class_list":{"0":"post-186387","1":"product","2":"type-product","3":"status-publish","4":"has-post-thumbnail","6":"product_brand-tom-ford","7":"product_cat-hemden","8":"product_cat-maenner-kleidung","9":"product_cat-kleidung","11":"first","12":"instock","13":"sale","14":"taxable","15":"shipping-taxable","16":"purchasable","17":"product-type-variable"},"_links":{"self":[{"href":"https:\/\/tpmadalina42.supserv.cozmoslabs.com\/fi\/wp-json\/wp\/v2\/product\/186387","targetHints":{"allow":["GET"]}}],"collection":[{"href":"https:\/\/tpmadalina42.supserv.cozmoslabs.com\/fi\/wp-json\/wp\/v2\/product"}],"about":[{"href":"https:\/\/tpmadalina42.supserv.cozmoslabs.com\/fi\/wp-json\/wp\/v2\/types\/product"}],"wp:featuredmedia":[{"embeddable":true,"href":"https:\/\/tpmadalina42.supserv.cozmoslabs.com\/fi\/wp-json\/wp\/v2\/media\/186384"}],"wp:attachment":[{"href":"https:\/\/tpmadalina42.supserv.cozmoslabs.com\/fi\/wp-json\/wp\/v2\/media?parent=186387"}],"wp:term":[{"taxonomy":"product_brand","embeddable":true,"href":"https:\/\/tpmadalina42.supserv.cozmoslabs.com\/fi\/wp-json\/wp\/v2\/product_brand?post=186387"},{"taxonomy":"product_cat","embeddable":true,"href":"https:\/\/tpmadalina42.supserv.cozmoslabs.com\/fi\/wp-json\/wp\/v2\/product_cat?post=186387"},{"taxonomy":"product_tag","embeddable":true,"href":"https:\/\/tpmadalina42.supserv.cozmoslabs.com\/fi\/wp-json\/wp\/v2\/product_tag?post=186387"}],"curies":[{"name":"wp","href":"https:\/\/api.w.org\/{rel}","templated":true}]}}