{"id":186419,"date":"2024-07-29T00:42:27","date_gmt":"2024-07-29T07:42:27","guid":{"rendered":"https:\/\/glandine.com\/product\/lardini-elegante-graue-jacke-aus-italienischem-polyester-fuer-frauen\/"},"modified":"2024-11-30T22:57:38","modified_gmt":"2024-11-30T21:57:38","slug":"lardini-elegante-graue-jacke-aus-italienischem-polyester-fuer-frauen","status":"publish","type":"product","link":"https:\/\/tpmadalina42.supserv.cozmoslabs.com\/fi\/tuote-2\/lardini-elegante-graue-jacke-aus-italienischem-polyester-fuer-frauen\/","title":{"rendered":"Lardini Elegantti harmaa takki italialaisesta polyesterist\u00e4 naisille"},"content":{"rendered":"<p>Entdecken Sie den Inbegriff italienischer Handwerkskunst mit dieser eleganten grauen Jacke von Lardini. Sorgf\u00e4ltig aus hochwertigem Polyester gefertigt, steht dieses St\u00fcck f\u00fcr Raffinesse und zeitlosen Stil. Perfekt f\u00fcr die Aufwertung jeder Kleidung, verspricht diese Jacke eine gesch\u00e4tzte Erg\u00e4nzung zu Ihrer Garderobe zu sein. Erleben Sie die Mischung aus Komfort und Luxus, die nur Lardini bieten kann.<\/p>\n<ul>\n<li>Materiaali: polyesteri<\/li>\n<li>Alkuper\u00e4maa: IT<\/li>\n<li>V\u00e4ri: Harmaa<\/li>\n<\/ul>","protected":false},"excerpt":{"rendered":"<p>Entdecken Sie den Inbegriff italienischer Handwerkskunst mit dieser eleganten grauen Jacke von Lardini. Sorgf\u00e4ltig aus hochwertigem Polyester gefertigt, steht dieses St\u00fcck f\u00fcr Raffinesse und zeitlosen Stil. Perfekt f\u00fcr die Aufwertung jeder Kleidung, verspricht diese Jacke eine gesch\u00e4tzte Erg\u00e4nzung zu Ihrer Garderobe zu sein. Erleben Sie die Mischung aus Komfort und Luxus, die nur Lardini bieten [&hellip;]<\/p>","protected":false},"featured_media":186413,"template":"","meta":[],"product_brand":[2401],"product_cat":[1637,1670,1623],"product_tag":[],"class_list":{"0":"post-186419","1":"product","2":"type-product","3":"status-publish","4":"has-post-thumbnail","6":"product_brand-lardini","7":"product_cat-frauen-kleidung","8":"product_cat-jacken-maentel","9":"product_cat-kleidung","11":"first","12":"instock","13":"sale","14":"taxable","15":"shipping-taxable","16":"purchasable","17":"product-type-variable"},"_links":{"self":[{"href":"https:\/\/tpmadalina42.supserv.cozmoslabs.com\/fi\/wp-json\/wp\/v2\/product\/186419","targetHints":{"allow":["GET"]}}],"collection":[{"href":"https:\/\/tpmadalina42.supserv.cozmoslabs.com\/fi\/wp-json\/wp\/v2\/product"}],"about":[{"href":"https:\/\/tpmadalina42.supserv.cozmoslabs.com\/fi\/wp-json\/wp\/v2\/types\/product"}],"wp:featuredmedia":[{"embeddable":true,"href":"https:\/\/tpmadalina42.supserv.cozmoslabs.com\/fi\/wp-json\/wp\/v2\/media\/186413"}],"wp:attachment":[{"href":"https:\/\/tpmadalina42.supserv.cozmoslabs.com\/fi\/wp-json\/wp\/v2\/media?parent=186419"}],"wp:term":[{"taxonomy":"product_brand","embeddable":true,"href":"https:\/\/tpmadalina42.supserv.cozmoslabs.com\/fi\/wp-json\/wp\/v2\/product_brand?post=186419"},{"taxonomy":"product_cat","embeddable":true,"href":"https:\/\/tpmadalina42.supserv.cozmoslabs.com\/fi\/wp-json\/wp\/v2\/product_cat?post=186419"},{"taxonomy":"product_tag","embeddable":true,"href":"https:\/\/tpmadalina42.supserv.cozmoslabs.com\/fi\/wp-json\/wp\/v2\/product_tag?post=186419"}],"curies":[{"name":"wp","href":"https:\/\/api.w.org\/{rel}","templated":true}]}}