{"id":186489,"date":"2024-07-29T01:20:57","date_gmt":"2024-07-29T08:20:57","guid":{"rendered":"https:\/\/glandine.com\/product\/u-s-polo-assn-elegantes-graues-langaermeliges-poloshirt\/"},"modified":"2024-11-30T07:05:36","modified_gmt":"2024-11-30T06:05:36","slug":"u-s-polo-assn-elegantes-graues-langaermeliges-poloshirt","status":"publish","type":"product","link":"https:\/\/tpmadalina42.supserv.cozmoslabs.com\/fi\/tuote-2\/u-s-polo-assn-elegantes-graues-langaermeliges-poloshirt\/","title":{"rendered":"US POLO ASSN. Tyylik\u00e4s harmaa pitk\u00e4hihainen poolopaita"},"content":{"rendered":"<p>Entdecken Sie den Inbegriff von l\u00e4ssiger Eleganz mit unserer neuesten Ankunft, einem wundersch\u00f6nen, neuen 100% authentischen Polo-Kragenpullover von Ralph Lauren. Dieses lang\u00e4rmelige Polo verstr\u00f6mt mit seinem schlichten grauen Farbton einen raffinierten Charme und ist mit den subtilen, aber ikonischen Logodetails verziert, die das luxuri\u00f6se Erbe des Unternehmens best\u00e4tigen.<\/p>\n<p>Alkuper\u00e4maa: IT<br \/>\nV\u00e4ri: Harmaa<\/p>","protected":false},"excerpt":{"rendered":"<p>Entdecken Sie den Inbegriff von l\u00e4ssiger Eleganz mit unserer neuesten Ankunft, einem wundersch\u00f6nen, neuen 100% authentischen Polo-Kragenpullover von Ralph Lauren. Dieses lang\u00e4rmelige Polo verstr\u00f6mt mit seinem schlichten grauen Farbton einen raffinierten Charme und ist mit den subtilen, aber ikonischen Logodetails verziert, die das luxuri\u00f6se Erbe des Unternehmens best\u00e4tigen. Herkunftsland: IT Farbe: Grau<\/p>","protected":false},"featured_media":186482,"template":"","meta":[],"product_brand":[2310],"product_cat":[1637,1623,1714],"product_tag":[],"class_list":{"0":"post-186489","1":"product","2":"type-product","3":"status-publish","4":"has-post-thumbnail","6":"product_brand-u-s-polo-assn","7":"product_cat-frauen-kleidung","8":"product_cat-kleidung","9":"product_cat-oberteile-t-shirts","11":"first","12":"instock","13":"sale","14":"taxable","15":"shipping-taxable","16":"purchasable","17":"product-type-variable"},"_links":{"self":[{"href":"https:\/\/tpmadalina42.supserv.cozmoslabs.com\/fi\/wp-json\/wp\/v2\/product\/186489","targetHints":{"allow":["GET"]}}],"collection":[{"href":"https:\/\/tpmadalina42.supserv.cozmoslabs.com\/fi\/wp-json\/wp\/v2\/product"}],"about":[{"href":"https:\/\/tpmadalina42.supserv.cozmoslabs.com\/fi\/wp-json\/wp\/v2\/types\/product"}],"wp:featuredmedia":[{"embeddable":true,"href":"https:\/\/tpmadalina42.supserv.cozmoslabs.com\/fi\/wp-json\/wp\/v2\/media\/186482"}],"wp:attachment":[{"href":"https:\/\/tpmadalina42.supserv.cozmoslabs.com\/fi\/wp-json\/wp\/v2\/media?parent=186489"}],"wp:term":[{"taxonomy":"product_brand","embeddable":true,"href":"https:\/\/tpmadalina42.supserv.cozmoslabs.com\/fi\/wp-json\/wp\/v2\/product_brand?post=186489"},{"taxonomy":"product_cat","embeddable":true,"href":"https:\/\/tpmadalina42.supserv.cozmoslabs.com\/fi\/wp-json\/wp\/v2\/product_cat?post=186489"},{"taxonomy":"product_tag","embeddable":true,"href":"https:\/\/tpmadalina42.supserv.cozmoslabs.com\/fi\/wp-json\/wp\/v2\/product_tag?post=186489"}],"curies":[{"name":"wp","href":"https:\/\/api.w.org\/{rel}","templated":true}]}}