{"id":193415,"date":"2024-07-29T11:45:59","date_gmt":"2024-07-29T18:45:59","guid":{"rendered":"https:\/\/glandine.com\/product\/dolce-gabbana-elegantes-weisses-seidenmantel-minikleid\/"},"modified":"2024-11-30T06:22:35","modified_gmt":"2024-11-30T05:22:35","slug":"dolce-gabbana-elegantes-weisses-seidenmantel-minikleid","status":"publish","type":"product","link":"https:\/\/tpmadalina42.supserv.cozmoslabs.com\/fi\/tuote-2\/dolce-gabbana-elegantes-weisses-seidenmantel-minikleid\/","title":{"rendered":"Dolce &amp; Gabbana Elegantes wei\u00dfes Seidenmantel-Minikleid"},"content":{"rendered":"<p>G\u00f6nnen Sie sich den Inbegriff von italienischem Luxus mit diesem atemberaubenden Dolce &amp; Gabbana Etuikleid, einer makellosen Erg\u00e4nzung Ihrer Haute Couture Kollektion. Dieses wundersch\u00f6ne und brandneue Kleidungsst\u00fcck ist ein Beispiel f\u00fcr hohe Handwerkskunst und Exklusivit\u00e4t. Perfekt f\u00fcr gehobene Anl\u00e4sse, spiegelt es einen raffinierten Sinn f\u00fcr Stil wider, w\u00e4hrend es dank seiner \u00fcppigen Seidenmischung mit einem Hauch von Elastan eine bequeme Passform bietet. Der makellose wei\u00dfe Farbton bringt die kultigen Logodetails zur Geltung und macht es zu einem wahrhaft exquisiten Kleidungsst\u00fcck made in Italy.<\/p>\n<ul>\n<li>V\u00e4ri: Valkoinen<\/li>\n<li>Material: 94% Seide 6% Elastan<\/li>\n<li>Innenfutter: 96% Seide 4% Elastan<\/li>\n<li>Alkuper\u00e4maa: IT<\/li>\n<\/ul>","protected":false},"excerpt":{"rendered":"<p>G\u00f6nnen Sie sich den Inbegriff von italienischem Luxus mit diesem atemberaubenden Dolce &amp; Gabbana Etuikleid, einer makellosen Erg\u00e4nzung Ihrer Haute Couture Kollektion. Dieses wundersch\u00f6ne und brandneue Kleidungsst\u00fcck ist ein Beispiel f\u00fcr hohe Handwerkskunst und Exklusivit\u00e4t. Perfekt f\u00fcr gehobene Anl\u00e4sse, spiegelt es einen raffinierten Sinn f\u00fcr Stil wider, w\u00e4hrend es dank seiner \u00fcppigen Seidenmischung mit einem [&hellip;]<\/p>","protected":false},"featured_media":193409,"template":"","meta":[],"product_brand":[1620],"product_cat":[1637,1659,1623],"product_tag":[],"class_list":{"0":"post-193415","1":"product","2":"type-product","3":"status-publish","4":"has-post-thumbnail","6":"product_brand-dolce-gabbana","7":"product_cat-frauen-kleidung","8":"product_cat-kleider","9":"product_cat-kleidung","11":"first","12":"instock","13":"sale","14":"taxable","15":"shipping-taxable","16":"purchasable","17":"product-type-variable"},"_links":{"self":[{"href":"https:\/\/tpmadalina42.supserv.cozmoslabs.com\/fi\/wp-json\/wp\/v2\/product\/193415","targetHints":{"allow":["GET"]}}],"collection":[{"href":"https:\/\/tpmadalina42.supserv.cozmoslabs.com\/fi\/wp-json\/wp\/v2\/product"}],"about":[{"href":"https:\/\/tpmadalina42.supserv.cozmoslabs.com\/fi\/wp-json\/wp\/v2\/types\/product"}],"wp:featuredmedia":[{"embeddable":true,"href":"https:\/\/tpmadalina42.supserv.cozmoslabs.com\/fi\/wp-json\/wp\/v2\/media\/193409"}],"wp:attachment":[{"href":"https:\/\/tpmadalina42.supserv.cozmoslabs.com\/fi\/wp-json\/wp\/v2\/media?parent=193415"}],"wp:term":[{"taxonomy":"product_brand","embeddable":true,"href":"https:\/\/tpmadalina42.supserv.cozmoslabs.com\/fi\/wp-json\/wp\/v2\/product_brand?post=193415"},{"taxonomy":"product_cat","embeddable":true,"href":"https:\/\/tpmadalina42.supserv.cozmoslabs.com\/fi\/wp-json\/wp\/v2\/product_cat?post=193415"},{"taxonomy":"product_tag","embeddable":true,"href":"https:\/\/tpmadalina42.supserv.cozmoslabs.com\/fi\/wp-json\/wp\/v2\/product_tag?post=193415"}],"curies":[{"name":"wp","href":"https:\/\/api.w.org\/{rel}","templated":true}]}}