{"id":193473,"date":"2024-07-29T11:48:48","date_gmt":"2024-07-29T18:48:48","guid":{"rendered":"https:\/\/glandine.com\/product\/dolce-gabbana-schwarz-weiss-zebra-leder-heels-slingback-schuhe\/"},"modified":"2024-12-01T05:51:56","modified_gmt":"2024-12-01T04:51:56","slug":"dolce-gabbana-schwarz-weiss-zebra-leder-heels-slingback-schuhe","status":"publish","type":"product","link":"https:\/\/tpmadalina42.supserv.cozmoslabs.com\/fi\/tuote-2\/dolce-gabbana-schwarz-weiss-zebra-leder-heels-slingback-schuhe\/","title":{"rendered":"Dolce &amp; Gabbana Schwarz Wei\u00df Zebra Leder Heels Slingback Schuhe"},"content":{"rendered":"<p>DOLCE &amp; GABBANA<\/p>\n<p>Wundersch\u00f6ne Preowned mit Tags, 100% Authentic Dolce &amp; Gabbana Slingback Fersen Sandalen mit Zebrastreifen drucken.<br \/>\nMalli: Heels sandaalit<br \/>\nFarbe: Schwarz, wei\u00dfes Zebramuster<br \/>\nPohja nahkaa<br \/>\nLogon yksityiskohdat<br \/>\nValmistettu Italiassa<br \/>\nMaterial: 80% Leder 20% Viskose<\/p>\n<p><strong>T\u00e4m\u00e4 tuote on eritt\u00e4in v\u00e4h\u00e4n k\u00e4ytetty, eritt\u00e4in pieni\u00e4 k\u00e4yt\u00f6n j\u00e4lki\u00e4 (katso tarkemmat tiedot kuvista).<\/strong><\/p>","protected":false},"excerpt":{"rendered":"<p>DOLCE &amp; GABBANA Wundersch\u00f6ne Preowned mit Tags, 100% Authentic Dolce &amp; Gabbana Slingback Fersen Sandalen mit Zebrastreifen drucken. Modell: Heels Sandalen Farbe: Schwarz, wei\u00dfes Zebramuster Leder Bodensohle Logo-Details Hergestellt in Italien Material: 80% Leder 20% Viskose Dieser Artikel ist sehr leicht gebraucht, es gibt sehr geringe Gebrauchsspuren (siehe Bilder f\u00fcr Details).<\/p>","protected":false},"featured_media":193465,"template":"","meta":[],"product_brand":[1620],"product_cat":[1635,1692,1624],"product_tag":[],"class_list":{"0":"post-193473","1":"product","2":"type-product","3":"status-publish","4":"has-post-thumbnail","6":"product_brand-dolce-gabbana","7":"product_cat-frauen-schuhe","8":"product_cat-sandalen-frauen-schuhe","9":"product_cat-schuhe","11":"first","12":"instock","13":"sale","14":"taxable","15":"shipping-taxable","16":"purchasable","17":"product-type-variable"},"_links":{"self":[{"href":"https:\/\/tpmadalina42.supserv.cozmoslabs.com\/fi\/wp-json\/wp\/v2\/product\/193473","targetHints":{"allow":["GET"]}}],"collection":[{"href":"https:\/\/tpmadalina42.supserv.cozmoslabs.com\/fi\/wp-json\/wp\/v2\/product"}],"about":[{"href":"https:\/\/tpmadalina42.supserv.cozmoslabs.com\/fi\/wp-json\/wp\/v2\/types\/product"}],"wp:featuredmedia":[{"embeddable":true,"href":"https:\/\/tpmadalina42.supserv.cozmoslabs.com\/fi\/wp-json\/wp\/v2\/media\/193465"}],"wp:attachment":[{"href":"https:\/\/tpmadalina42.supserv.cozmoslabs.com\/fi\/wp-json\/wp\/v2\/media?parent=193473"}],"wp:term":[{"taxonomy":"product_brand","embeddable":true,"href":"https:\/\/tpmadalina42.supserv.cozmoslabs.com\/fi\/wp-json\/wp\/v2\/product_brand?post=193473"},{"taxonomy":"product_cat","embeddable":true,"href":"https:\/\/tpmadalina42.supserv.cozmoslabs.com\/fi\/wp-json\/wp\/v2\/product_cat?post=193473"},{"taxonomy":"product_tag","embeddable":true,"href":"https:\/\/tpmadalina42.supserv.cozmoslabs.com\/fi\/wp-json\/wp\/v2\/product_tag?post=193473"}],"curies":[{"name":"wp","href":"https:\/\/api.w.org\/{rel}","templated":true}]}}