{"id":193612,"date":"2024-07-29T11:58:10","date_gmt":"2024-07-29T18:58:10","guid":{"rendered":"https:\/\/glandine.com\/product\/dolce-gabbana-rosa-tuerkei-feder-verschoenert-sandalen-schuhe\/"},"modified":"2024-12-01T05:51:01","modified_gmt":"2024-12-01T04:51:01","slug":"dolce-gabbana-rosa-tuerkei-feder-verschoenert-sandalen-schuhe","status":"publish","type":"product","link":"https:\/\/tpmadalina42.supserv.cozmoslabs.com\/fi\/tuote-2\/dolce-gabbana-rosa-tuerkei-feder-verschoenert-sandalen-schuhe\/","title":{"rendered":"Dolce &amp; Gabbana Rosa T\u00fcrkei Feder versch\u00f6nert Sandalen Schuhe"},"content":{"rendered":"<p>DOLCE &amp; GABBANA<\/p>\n<p>Wundersch\u00f6ne brandneu mit Tags, 100% Authentic Dolce &amp; Gabbana Kn\u00f6chelriemen versch\u00f6nert Fersen Sandalen.<br \/>\nMalli: Heels sandaalit<br \/>\nV\u00e4ri: Pinkki<br \/>\nMaterial: 86% Truthahnfedern 10% Viskose 4% Seide<br \/>\nPohja: nahkaa<br \/>\nSoljen sulkeminen<br \/>\nLogon yksityiskohdat<br \/>\nEritt\u00e4in korkea laatu ja mukavuus<br \/>\nValmistettu Italiassa<\/p>\n<p><strong>Dieser Artikel hat einen kleinen Fehler, es gibt Flecken auf beiden Schuhen (siehe Bilder f\u00fcr Details). <\/strong><\/p>","protected":false},"excerpt":{"rendered":"<p>DOLCE &amp; GABBANA Wundersch\u00f6ne brandneu mit Tags, 100% Authentic Dolce &amp; Gabbana Kn\u00f6chelriemen versch\u00f6nert Fersen Sandalen. Modell: Heels Sandalen Farbe: Rosa Material: 86% Truthahnfedern 10% Viskose 4% Seide Sohle: Leder Schnallenverschluss Logo-Details Sehr hohe Qualit\u00e4t und Komfort Hergestellt in Italien Dieser Artikel hat einen kleinen Fehler, es gibt Flecken auf beiden Schuhen (siehe Bilder f\u00fcr [&hellip;]<\/p>","protected":false},"featured_media":193604,"template":"","meta":[],"product_brand":[1620],"product_cat":[1635,1692,1624],"product_tag":[],"class_list":{"0":"post-193612","1":"product","2":"type-product","3":"status-publish","4":"has-post-thumbnail","6":"product_brand-dolce-gabbana","7":"product_cat-frauen-schuhe","8":"product_cat-sandalen-frauen-schuhe","9":"product_cat-schuhe","11":"first","12":"instock","13":"sale","14":"taxable","15":"shipping-taxable","16":"purchasable","17":"product-type-variable"},"_links":{"self":[{"href":"https:\/\/tpmadalina42.supserv.cozmoslabs.com\/fi\/wp-json\/wp\/v2\/product\/193612","targetHints":{"allow":["GET"]}}],"collection":[{"href":"https:\/\/tpmadalina42.supserv.cozmoslabs.com\/fi\/wp-json\/wp\/v2\/product"}],"about":[{"href":"https:\/\/tpmadalina42.supserv.cozmoslabs.com\/fi\/wp-json\/wp\/v2\/types\/product"}],"wp:featuredmedia":[{"embeddable":true,"href":"https:\/\/tpmadalina42.supserv.cozmoslabs.com\/fi\/wp-json\/wp\/v2\/media\/193604"}],"wp:attachment":[{"href":"https:\/\/tpmadalina42.supserv.cozmoslabs.com\/fi\/wp-json\/wp\/v2\/media?parent=193612"}],"wp:term":[{"taxonomy":"product_brand","embeddable":true,"href":"https:\/\/tpmadalina42.supserv.cozmoslabs.com\/fi\/wp-json\/wp\/v2\/product_brand?post=193612"},{"taxonomy":"product_cat","embeddable":true,"href":"https:\/\/tpmadalina42.supserv.cozmoslabs.com\/fi\/wp-json\/wp\/v2\/product_cat?post=193612"},{"taxonomy":"product_tag","embeddable":true,"href":"https:\/\/tpmadalina42.supserv.cozmoslabs.com\/fi\/wp-json\/wp\/v2\/product_tag?post=193612"}],"curies":[{"name":"wp","href":"https:\/\/api.w.org\/{rel}","templated":true}]}}