{"id":194127,"date":"2024-07-29T16:29:51","date_gmt":"2024-07-29T23:29:51","guid":{"rendered":"https:\/\/glandine.com\/product\/c-p-company-glatte-schwarze-polyamid-jacke-fuer-maenner\/"},"modified":"2024-11-30T22:26:29","modified_gmt":"2024-11-30T21:26:29","slug":"c-p-company-glatte-schwarze-polyamid-jacke-fuer-maenner","status":"publish","type":"product","link":"https:\/\/tpmadalina42.supserv.cozmoslabs.com\/fi\/tuote-2\/c-p-company-glatte-schwarze-polyamid-jacke-fuer-maenner\/","title":{"rendered":"C.P. Company Glatte schwarze Polyamid-Jacke f\u00fcr M\u00e4nner"},"content":{"rendered":"<p>Gehen Sie stilvoll aus mit dieser eleganten schwarzen Jacke des renommierten Labels C.P. Company. Diese Jacke, die Funktionalit\u00e4t und High-End-Mode perfekt vereint, ist ein Must-Have f\u00fcr den modernen Mann, der Komfort und Klasse sucht. Aus hochwertigem Polyamid gefertigt, ist sie strapazierf\u00e4hig, leicht und ideal f\u00fcr den \u00dcbergang zwischen den Jahreszeiten.<\/p>\n<ul>\n<li>Materiaali: polyamidi<\/li>\n<li>Alkuper\u00e4maa: TN<\/li>\n<li>V\u00e4ri: Musta<\/li>\n<\/ul>","protected":false},"excerpt":{"rendered":"<p>Gehen Sie stilvoll aus mit dieser eleganten schwarzen Jacke des renommierten Labels C.P. Company. Diese Jacke, die Funktionalit\u00e4t und High-End-Mode perfekt vereint, ist ein Must-Have f\u00fcr den modernen Mann, der Komfort und Klasse sucht. Aus hochwertigem Polyamid gefertigt, ist sie strapazierf\u00e4hig, leicht und ideal f\u00fcr den \u00dcbergang zwischen den Jahreszeiten. Material: Polyamid Herkunftsland: TN Farbe: [&hellip;]<\/p>","protected":false},"featured_media":194121,"template":"","meta":[],"product_brand":[2560],"product_cat":[1633,1669,1623],"product_tag":[],"class_list":{"0":"post-194127","1":"product","2":"type-product","3":"status-publish","4":"has-post-thumbnail","6":"product_brand-c-p-company","7":"product_cat-maenner-kleidung","8":"product_cat-jacken","9":"product_cat-kleidung","11":"first","12":"instock","13":"sale","14":"taxable","15":"shipping-taxable","16":"purchasable","17":"product-type-variable"},"_links":{"self":[{"href":"https:\/\/tpmadalina42.supserv.cozmoslabs.com\/fi\/wp-json\/wp\/v2\/product\/194127","targetHints":{"allow":["GET"]}}],"collection":[{"href":"https:\/\/tpmadalina42.supserv.cozmoslabs.com\/fi\/wp-json\/wp\/v2\/product"}],"about":[{"href":"https:\/\/tpmadalina42.supserv.cozmoslabs.com\/fi\/wp-json\/wp\/v2\/types\/product"}],"wp:featuredmedia":[{"embeddable":true,"href":"https:\/\/tpmadalina42.supserv.cozmoslabs.com\/fi\/wp-json\/wp\/v2\/media\/194121"}],"wp:attachment":[{"href":"https:\/\/tpmadalina42.supserv.cozmoslabs.com\/fi\/wp-json\/wp\/v2\/media?parent=194127"}],"wp:term":[{"taxonomy":"product_brand","embeddable":true,"href":"https:\/\/tpmadalina42.supserv.cozmoslabs.com\/fi\/wp-json\/wp\/v2\/product_brand?post=194127"},{"taxonomy":"product_cat","embeddable":true,"href":"https:\/\/tpmadalina42.supserv.cozmoslabs.com\/fi\/wp-json\/wp\/v2\/product_cat?post=194127"},{"taxonomy":"product_tag","embeddable":true,"href":"https:\/\/tpmadalina42.supserv.cozmoslabs.com\/fi\/wp-json\/wp\/v2\/product_tag?post=194127"}],"curies":[{"name":"wp","href":"https:\/\/api.w.org\/{rel}","templated":true}]}}