{"id":194155,"date":"2024-07-30T00:16:51","date_gmt":"2024-07-30T07:16:51","guid":{"rendered":"https:\/\/glandine.com\/product\/dolce-gabbana-gelbe-schmetterling-applique-sandalen-schuhe\/"},"modified":"2024-12-09T16:12:02","modified_gmt":"2024-12-09T15:12:02","slug":"dolce-gabbana-gelbe-schmetterling-applique-sandalen-schuhe","status":"publish","type":"product","link":"https:\/\/tpmadalina42.supserv.cozmoslabs.com\/fi\/tuote-2\/dolce-gabbana-gelbe-schmetterling-applique-sandalen-schuhe\/","title":{"rendered":"Dolce &amp; Gabbana Yellow Butterfly Applique Sandals -keng\u00e4t"},"content":{"rendered":"<p>DOLCE &amp; GABBANA<\/p>\n<p>Wundersch\u00f6ne Preowned mit Tags, 100% Authentic Dolce &amp; Gabbana Schuhe Satin Riemchensandalen mit verstellbaren Kn\u00f6chelriemen detailliert und Blumen Schmetterling versch\u00f6nert R\u00fcckseite und Ferse, Stilettoabsatz und Ledersohle.<br \/>\nMalli: Heels sandaalit<br \/>\nV\u00e4ri: Keltainen<br \/>\nBlume Schmetterling Prellung<br \/>\nPohja nahkaa<br \/>\nLogon yksityiskohdat<br \/>\nValmistettu Italiassa<br \/>\nMaterial: 67% Viskose 31% Seide 2% Leder<\/p>\n<p><strong>Dieser Artikel ist aus Vorbesitz (siehe Bilder f\u00fcr Details). <\/strong><\/p>","protected":false},"excerpt":{"rendered":"<p>DOLCE &amp; GABBANA Wundersch\u00f6ne Preowned mit Tags, 100% Authentic Dolce &amp; Gabbana Schuhe Satin Riemchensandalen mit verstellbaren Kn\u00f6chelriemen detailliert und Blumen Schmetterling versch\u00f6nert R\u00fcckseite und Ferse, Stilettoabsatz und Ledersohle. Modell: Heels Sandalen Farbe: Gelb Blume Schmetterling Prellung Leder Bodensohle Logo Details In Italien hergestellt Material: 67% Viskose 31% Seide 2% Leder Dieser Artikel ist aus [&hellip;]<\/p>","protected":false},"featured_media":194147,"template":"","meta":[],"product_brand":[1620],"product_cat":[1635,1692,1624],"product_tag":[],"class_list":{"0":"post-194155","1":"product","2":"type-product","3":"status-publish","4":"has-post-thumbnail","6":"product_brand-dolce-gabbana","7":"product_cat-frauen-schuhe","8":"product_cat-sandalen-frauen-schuhe","9":"product_cat-schuhe","11":"first","12":"instock","13":"sale","14":"taxable","15":"shipping-taxable","16":"purchasable","17":"product-type-variable"},"_links":{"self":[{"href":"https:\/\/tpmadalina42.supserv.cozmoslabs.com\/fi\/wp-json\/wp\/v2\/product\/194155","targetHints":{"allow":["GET"]}}],"collection":[{"href":"https:\/\/tpmadalina42.supserv.cozmoslabs.com\/fi\/wp-json\/wp\/v2\/product"}],"about":[{"href":"https:\/\/tpmadalina42.supserv.cozmoslabs.com\/fi\/wp-json\/wp\/v2\/types\/product"}],"wp:featuredmedia":[{"embeddable":true,"href":"https:\/\/tpmadalina42.supserv.cozmoslabs.com\/fi\/wp-json\/wp\/v2\/media\/194147"}],"wp:attachment":[{"href":"https:\/\/tpmadalina42.supserv.cozmoslabs.com\/fi\/wp-json\/wp\/v2\/media?parent=194155"}],"wp:term":[{"taxonomy":"product_brand","embeddable":true,"href":"https:\/\/tpmadalina42.supserv.cozmoslabs.com\/fi\/wp-json\/wp\/v2\/product_brand?post=194155"},{"taxonomy":"product_cat","embeddable":true,"href":"https:\/\/tpmadalina42.supserv.cozmoslabs.com\/fi\/wp-json\/wp\/v2\/product_cat?post=194155"},{"taxonomy":"product_tag","embeddable":true,"href":"https:\/\/tpmadalina42.supserv.cozmoslabs.com\/fi\/wp-json\/wp\/v2\/product_tag?post=194155"}],"curies":[{"name":"wp","href":"https:\/\/api.w.org\/{rel}","templated":true}]}}