{"id":195766,"date":"2024-07-30T06:05:40","date_gmt":"2024-07-30T13:05:40","guid":{"rendered":"https:\/\/glandine.com\/product\/dolce-gabbana-gelbe-seide-verstellbare-hals-maenner-fliege-2\/"},"modified":"2024-12-01T06:16:39","modified_gmt":"2024-12-01T05:16:39","slug":"dolce-gabbana-gelbe-seide-verstellbare-hals-maenner-fliege-2","status":"publish","type":"product","link":"https:\/\/tpmadalina42.supserv.cozmoslabs.com\/fi\/tuote-2\/dolce-gabbana-gelbe-seide-verstellbare-hals-maenner-fliege-2\/","title":{"rendered":"Dolce &amp; Gabbana Gelbe Seide Verstellbare Hals M\u00e4nner Fliege"},"content":{"rendered":"<p>DOLCE &amp; GABBANA<\/p>\n<p>Absolut atemberaubend, 100% authentisch, ganz neu mit Tags Dolce &amp; Gabbana Fliege.<br \/>\nV\u00e4ri: Keltainen<br \/>\nMalli: sidottu<br \/>\nMateriaali: 100% silkki<br \/>\nBreite: 12cm x 4cm<br \/>\nS\u00e4\u00e4dett\u00e4v\u00e4 pituus kaulus, yksi koko sopii kaikille<br \/>\nLogon yksityiskohdat<br \/>\nValmistettu Italiassa<\/p>","protected":false},"excerpt":{"rendered":"<p>DOLCE &amp; GABBANA Absolut atemberaubend, 100% authentisch, ganz neu mit Tags Dolce &amp; Gabbana Fliege. Farbe: Gelb Modell: Gebunden Material: 100% Seide Breite: 12cm x 4cm Verstellbare L\u00e4nge Halsband, Einheitsgr\u00f6\u00dfe Logo-Details In Italien hergestellt<\/p>","protected":false},"featured_media":195761,"template":"","meta":[],"product_brand":[1620],"product_cat":[1621,1631,1712],"product_tag":[],"class_list":{"0":"post-195766","1":"product","2":"type-product","3":"status-publish","4":"has-post-thumbnail","6":"product_brand-dolce-gabbana","7":"product_cat-accessoire","8":"product_cat-maenner-zubehoer","9":"product_cat-krawatten-fliegen","11":"first","12":"instock","13":"sale","14":"taxable","15":"shipping-taxable","16":"purchasable","17":"product-type-simple"},"_links":{"self":[{"href":"https:\/\/tpmadalina42.supserv.cozmoslabs.com\/fi\/wp-json\/wp\/v2\/product\/195766","targetHints":{"allow":["GET"]}}],"collection":[{"href":"https:\/\/tpmadalina42.supserv.cozmoslabs.com\/fi\/wp-json\/wp\/v2\/product"}],"about":[{"href":"https:\/\/tpmadalina42.supserv.cozmoslabs.com\/fi\/wp-json\/wp\/v2\/types\/product"}],"wp:featuredmedia":[{"embeddable":true,"href":"https:\/\/tpmadalina42.supserv.cozmoslabs.com\/fi\/wp-json\/wp\/v2\/media\/195761"}],"wp:attachment":[{"href":"https:\/\/tpmadalina42.supserv.cozmoslabs.com\/fi\/wp-json\/wp\/v2\/media?parent=195766"}],"wp:term":[{"taxonomy":"product_brand","embeddable":true,"href":"https:\/\/tpmadalina42.supserv.cozmoslabs.com\/fi\/wp-json\/wp\/v2\/product_brand?post=195766"},{"taxonomy":"product_cat","embeddable":true,"href":"https:\/\/tpmadalina42.supserv.cozmoslabs.com\/fi\/wp-json\/wp\/v2\/product_cat?post=195766"},{"taxonomy":"product_tag","embeddable":true,"href":"https:\/\/tpmadalina42.supserv.cozmoslabs.com\/fi\/wp-json\/wp\/v2\/product_tag?post=195766"}],"curies":[{"name":"wp","href":"https:\/\/api.w.org\/{rel}","templated":true}]}}