{"id":195926,"date":"2024-07-30T06:16:07","date_gmt":"2024-07-30T13:16:07","guid":{"rendered":"https:\/\/glandine.com\/product\/dolce-gabbana-weisses-wildleder-baumwolle-einstellbare-hals-maenner-fliege\/"},"modified":"2024-12-01T06:17:43","modified_gmt":"2024-12-01T05:17:43","slug":"dolce-gabbana-weisses-wildleder-baumwolle-einstellbare-hals-maenner-fliege","status":"publish","type":"product","link":"https:\/\/tpmadalina42.supserv.cozmoslabs.com\/fi\/tuote-2\/dolce-gabbana-weisses-wildleder-baumwolle-einstellbare-hals-maenner-fliege\/","title":{"rendered":"Dolce &amp; Gabbana Wei\u00dfes Wildleder Baumwolle Einstellbare Hals M\u00e4nner Fliege"},"content":{"rendered":"<p>DOLCE &amp; GABBANA<\/p>\n<p>Aivan upea, 100% aito, upouusi tunnisteilla Dolce &amp; Gabbana rusetti. Br\u00e4ndin mestarit lis\u00e4siv\u00e4t mallin takaosaan pienen metallisen lukon koukun muodossa.<br \/>\nFarbe: Off Wei\u00df<br \/>\nMalli: sidottu<br \/>\nMaterial: 98% Baumwolle 2% Seide<br \/>\nBreite: 12cm x 4cm<br \/>\nS\u00e4\u00e4dett\u00e4v\u00e4 pituus kaulus, yksi koko sopii kaikille<br \/>\nLogon yksityiskohdat<br \/>\nValmistettu Italiassa<\/p>","protected":false},"excerpt":{"rendered":"<p>DOLCE &amp; GABBANA Absolut atemberaubend, 100% authentisch, ganz neu mit Tags Dolce &amp; Gabbana Fliege. Die Meister der Marke f\u00fcgte eine kleine Metallspange in Form eines Hakens auf der R\u00fcckseite des Modells. Farbe: Off Wei\u00df Modell: Gebunden Material: 98% Baumwolle 2% Seide Breite: 12cm x 4cm Verstellbare L\u00e4nge Halsband, Einheitsgr\u00f6\u00dfe Logo-Details In Italien hergestellt<\/p>","protected":false},"featured_media":195922,"template":"","meta":[],"product_brand":[1620],"product_cat":[1621,1631,1712],"product_tag":[],"class_list":{"0":"post-195926","1":"product","2":"type-product","3":"status-publish","4":"has-post-thumbnail","6":"product_brand-dolce-gabbana","7":"product_cat-accessoire","8":"product_cat-maenner-zubehoer","9":"product_cat-krawatten-fliegen","11":"first","12":"instock","13":"sale","14":"taxable","15":"shipping-taxable","16":"purchasable","17":"product-type-simple"},"_links":{"self":[{"href":"https:\/\/tpmadalina42.supserv.cozmoslabs.com\/fi\/wp-json\/wp\/v2\/product\/195926","targetHints":{"allow":["GET"]}}],"collection":[{"href":"https:\/\/tpmadalina42.supserv.cozmoslabs.com\/fi\/wp-json\/wp\/v2\/product"}],"about":[{"href":"https:\/\/tpmadalina42.supserv.cozmoslabs.com\/fi\/wp-json\/wp\/v2\/types\/product"}],"wp:featuredmedia":[{"embeddable":true,"href":"https:\/\/tpmadalina42.supserv.cozmoslabs.com\/fi\/wp-json\/wp\/v2\/media\/195922"}],"wp:attachment":[{"href":"https:\/\/tpmadalina42.supserv.cozmoslabs.com\/fi\/wp-json\/wp\/v2\/media?parent=195926"}],"wp:term":[{"taxonomy":"product_brand","embeddable":true,"href":"https:\/\/tpmadalina42.supserv.cozmoslabs.com\/fi\/wp-json\/wp\/v2\/product_brand?post=195926"},{"taxonomy":"product_cat","embeddable":true,"href":"https:\/\/tpmadalina42.supserv.cozmoslabs.com\/fi\/wp-json\/wp\/v2\/product_cat?post=195926"},{"taxonomy":"product_tag","embeddable":true,"href":"https:\/\/tpmadalina42.supserv.cozmoslabs.com\/fi\/wp-json\/wp\/v2\/product_tag?post=195926"}],"curies":[{"name":"wp","href":"https:\/\/api.w.org\/{rel}","templated":true}]}}