{"id":197207,"date":"2024-07-30T12:05:53","date_gmt":"2024-07-30T19:05:53","guid":{"rendered":"https:\/\/glandine.com\/product\/wayfarer-elegante-duffel-reisetasche-in-erdigem-braun\/"},"modified":"2024-11-29T21:32:44","modified_gmt":"2024-11-29T20:32:44","slug":"wayfarer-elegante-duffel-reisetasche-in-erdigem-braun","status":"publish","type":"product","link":"https:\/\/tpmadalina42.supserv.cozmoslabs.com\/fi\/tuote-2\/wayfarer-elegante-duffel-reisetasche-in-erdigem-braun\/","title":{"rendered":"WAYFARER Tyylik\u00e4s matkalaukku maanl\u00e4heisen ruskeana"},"content":{"rendered":"<p>Beginnen Sie Ihr n\u00e4chstes Abenteuer mit unserer atemberaubenden WAYFARER Duffel Bag &#8211; dem Inbegriff von Stil und Funktionalit\u00e4t. Dieser elegante Reisebegleiter in einem satten, erdigen Braunton ist aus hochwertigem Stoff gefertigt und garantiert Langlebigkeit und eine zeitlose \u00c4sthetik f\u00fcr den modernen Reisenden. Ein bequemer Stoffriemen und ein sicherer Rei\u00dfverschluss verbinden Funktionalit\u00e4t mit Stil, w\u00e4hrend das WAYFARER Logo-Detail einen Hauch von Luxus verleiht. Die optimale Gr\u00f6\u00dfe von 25 cm x 35 cm x 18 cm mit einem 5 cm langen Riemen ist perfekt f\u00fcr Ihre Reiseutensilien. Erleben Sie die Essenz von Designer-Reisen mit dieser exquisiten Reisetasche, die in Italien hergestellt wurde.<\/p>\n<ul>\n<li>Materiaali: kangas<\/li>\n<li>V\u00e4ri: Ruskea<\/li>\n<li>Alkuper\u00e4maa: IT<\/li>\n<li>Kahva: kangashihna<\/li>\n<li>Logo Details: WAYFARER<\/li>\n<\/ul>","protected":false},"excerpt":{"rendered":"<p>Beginnen Sie Ihr n\u00e4chstes Abenteuer mit unserer atemberaubenden WAYFARER Duffel Bag &#8211; dem Inbegriff von Stil und Funktionalit\u00e4t. Dieser elegante Reisebegleiter in einem satten, erdigen Braunton ist aus hochwertigem Stoff gefertigt und garantiert Langlebigkeit und eine zeitlose \u00c4sthetik f\u00fcr den modernen Reisenden. Ein bequemer Stoffriemen und ein sicherer Rei\u00dfverschluss verbinden Funktionalit\u00e4t mit Stil, w\u00e4hrend das [&hellip;]<\/p>","protected":false},"featured_media":197203,"template":"","meta":[],"product_brand":[2217],"product_cat":[1630,1677],"product_tag":[],"class_list":{"0":"post-197207","1":"product","2":"type-product","3":"status-publish","4":"has-post-thumbnail","6":"product_brand-wayfarer","7":"product_cat-frauen","8":"product_cat-reisegepaeck-und-reisen","10":"first","11":"instock","12":"sale","13":"taxable","14":"shipping-taxable","15":"purchasable","16":"product-type-simple"},"_links":{"self":[{"href":"https:\/\/tpmadalina42.supserv.cozmoslabs.com\/fi\/wp-json\/wp\/v2\/product\/197207","targetHints":{"allow":["GET"]}}],"collection":[{"href":"https:\/\/tpmadalina42.supserv.cozmoslabs.com\/fi\/wp-json\/wp\/v2\/product"}],"about":[{"href":"https:\/\/tpmadalina42.supserv.cozmoslabs.com\/fi\/wp-json\/wp\/v2\/types\/product"}],"wp:featuredmedia":[{"embeddable":true,"href":"https:\/\/tpmadalina42.supserv.cozmoslabs.com\/fi\/wp-json\/wp\/v2\/media\/197203"}],"wp:attachment":[{"href":"https:\/\/tpmadalina42.supserv.cozmoslabs.com\/fi\/wp-json\/wp\/v2\/media?parent=197207"}],"wp:term":[{"taxonomy":"product_brand","embeddable":true,"href":"https:\/\/tpmadalina42.supserv.cozmoslabs.com\/fi\/wp-json\/wp\/v2\/product_brand?post=197207"},{"taxonomy":"product_cat","embeddable":true,"href":"https:\/\/tpmadalina42.supserv.cozmoslabs.com\/fi\/wp-json\/wp\/v2\/product_cat?post=197207"},{"taxonomy":"product_tag","embeddable":true,"href":"https:\/\/tpmadalina42.supserv.cozmoslabs.com\/fi\/wp-json\/wp\/v2\/product_tag?post=197207"}],"curies":[{"name":"wp","href":"https:\/\/api.w.org\/{rel}","templated":true}]}}