{"id":197221,"date":"2024-07-30T12:06:46","date_gmt":"2024-07-30T19:06:46","guid":{"rendered":"https:\/\/glandine.com\/product\/wayfarer-chic-beige-stoff-handtasche\/"},"modified":"2024-11-29T21:33:01","modified_gmt":"2024-11-29T20:33:01","slug":"wayfarer-chic-beige-stoff-handtasche","status":"publish","type":"product","link":"https:\/\/tpmadalina42.supserv.cozmoslabs.com\/fi\/tuote-2\/wayfarer-chic-beige-stoff-handtasche\/","title":{"rendered":"WAYFARER Chic beige kangask\u00e4silaukku"},"content":{"rendered":"<p>Erweitern Sie Ihr Accessoire-Sortiment mit dieser umwerfenden beigen Handtasche von WAYFARER. Perfekt f\u00fcr jede Gelegenheit, kombiniert dieses edle St\u00fcck Funktionalit\u00e4t mit Luxus, mit einem sicheren Rei\u00dfverschluss und einem bequemen Stoffriemen. Diese 100% authentische Tasche, die aus hochwertigem Stoff gefertigt und mit Logodetails verziert ist, verk\u00f6rpert italienische Handwerkskunst und ein Auge f\u00fcr Stil. Egal, ob Sie in der Freizeit unterwegs sind oder sich f\u00fcr eine Veranstaltung herausputzen, diese Handtasche wertet Ihr Ensemble mit ihrer schlichten Eleganz auf.<\/p>\n<ul>\n<li>Marke: WAYFARER<\/li>\n<li>Materiaali: kangas<\/li>\n<li>V\u00e4ri: beige<\/li>\n<li>Alkuper\u00e4maa: Italia<\/li>\n<li>Abmessungen: 34cm x 31cm x 1cm<\/li>\n<li>Riemen: 110cm<\/li>\n<\/ul>","protected":false},"excerpt":{"rendered":"<p>Erweitern Sie Ihr Accessoire-Sortiment mit dieser umwerfenden beigen Handtasche von WAYFARER. Perfekt f\u00fcr jede Gelegenheit, kombiniert dieses edle St\u00fcck Funktionalit\u00e4t mit Luxus, mit einem sicheren Rei\u00dfverschluss und einem bequemen Stoffriemen. Diese 100% authentische Tasche, die aus hochwertigem Stoff gefertigt und mit Logodetails verziert ist, verk\u00f6rpert italienische Handwerkskunst und ein Auge f\u00fcr Stil. Egal, ob Sie [&hellip;]<\/p>","protected":false},"featured_media":197217,"template":"","meta":[],"product_brand":[2217],"product_cat":[1630,1745],"product_tag":[],"class_list":{"0":"post-197221","1":"product","2":"type-product","3":"status-publish","4":"has-post-thumbnail","6":"product_brand-wayfarer","7":"product_cat-frauen","8":"product_cat-umhaengetaschen-frauen","10":"first","11":"instock","12":"sale","13":"taxable","14":"shipping-taxable","15":"purchasable","16":"product-type-simple"},"_links":{"self":[{"href":"https:\/\/tpmadalina42.supserv.cozmoslabs.com\/fi\/wp-json\/wp\/v2\/product\/197221","targetHints":{"allow":["GET"]}}],"collection":[{"href":"https:\/\/tpmadalina42.supserv.cozmoslabs.com\/fi\/wp-json\/wp\/v2\/product"}],"about":[{"href":"https:\/\/tpmadalina42.supserv.cozmoslabs.com\/fi\/wp-json\/wp\/v2\/types\/product"}],"wp:featuredmedia":[{"embeddable":true,"href":"https:\/\/tpmadalina42.supserv.cozmoslabs.com\/fi\/wp-json\/wp\/v2\/media\/197217"}],"wp:attachment":[{"href":"https:\/\/tpmadalina42.supserv.cozmoslabs.com\/fi\/wp-json\/wp\/v2\/media?parent=197221"}],"wp:term":[{"taxonomy":"product_brand","embeddable":true,"href":"https:\/\/tpmadalina42.supserv.cozmoslabs.com\/fi\/wp-json\/wp\/v2\/product_brand?post=197221"},{"taxonomy":"product_cat","embeddable":true,"href":"https:\/\/tpmadalina42.supserv.cozmoslabs.com\/fi\/wp-json\/wp\/v2\/product_cat?post=197221"},{"taxonomy":"product_tag","embeddable":true,"href":"https:\/\/tpmadalina42.supserv.cozmoslabs.com\/fi\/wp-json\/wp\/v2\/product_tag?post=197221"}],"curies":[{"name":"wp","href":"https:\/\/api.w.org\/{rel}","templated":true}]}}