{"id":197439,"date":"2024-07-30T12:19:00","date_gmt":"2024-07-30T19:19:00","guid":{"rendered":"https:\/\/glandine.com\/product\/karl-lagerfeld-elegante-salbeigruene-tote-umhaengetasche\/"},"modified":"2024-11-30T00:17:23","modified_gmt":"2024-11-29T23:17:23","slug":"karl-lagerfeld-elegante-salbeigruene-tote-umhaengetasche","status":"publish","type":"product","link":"https:\/\/tpmadalina42.supserv.cozmoslabs.com\/fi\/tuote-2\/karl-lagerfeld-elegante-salbeigruene-tote-umhaengetasche\/","title":{"rendered":"Karl Lagerfeld Tyylik\u00e4s salviavihre\u00e4 olkalaukku"},"content":{"rendered":"<p>Umfassen Sie Eleganz und Funktionalit\u00e4t mit der neuesten Ankunft aus Karl Lagerfelds Kollektion! Diese wundersch\u00f6ne salbeigr\u00fcne Umh\u00e4ngetasche wird brandneu mit Etikett und eigenem Staubbeutel geliefert, was ihre Authentizit\u00e4t und ihren makellosen Zustand garantiert. Die Tasche wurde f\u00fcr moderne, modebewusste Menschen entworfen und verf\u00fcgt \u00fcber zwei ger\u00e4umige Hauptf\u00e4cher, ein inneres Rei\u00dfverschlussfach und ein zus\u00e4tzliches inneres Rei\u00dfverschlussfach, die alle durch silberfarbene Beschl\u00e4ge gesichert sind. Der abnehmbare und verstellbare Schulterriemen macht die Tasche zu einem idealen Begleiter f\u00fcr jede Gelegenheit. Sie kann sowohl \u00fcber der Schulter als auch als Crossbody getragen werden, ganz wie es Ihrem Stil entspricht.<\/p>\n<ul>\n<li>Farbe: Salbei Gr\u00fcn<\/li>\n<li>Material: Polyurethan<\/li>\n<li>Alkuper\u00e4maa: CN<\/li>\n<li>Riemen: 110cm abnehmbarer und verstellbarer Schulterriemen<\/li>\n<li>Ma\u00dfe L*H*B: 35cm*26cm*12cm<\/li>\n<\/ul>","protected":false},"excerpt":{"rendered":"<p>Umfassen Sie Eleganz und Funktionalit\u00e4t mit der neuesten Ankunft aus Karl Lagerfelds Kollektion! Diese wundersch\u00f6ne salbeigr\u00fcne Umh\u00e4ngetasche wird brandneu mit Etikett und eigenem Staubbeutel geliefert, was ihre Authentizit\u00e4t und ihren makellosen Zustand garantiert. Die Tasche wurde f\u00fcr moderne, modebewusste Menschen entworfen und verf\u00fcgt \u00fcber zwei ger\u00e4umige Hauptf\u00e4cher, ein inneres Rei\u00dfverschlussfach und ein zus\u00e4tzliches inneres Rei\u00dfverschlussfach, [&hellip;]<\/p>","protected":false},"featured_media":197431,"template":"","meta":[],"product_brand":[2020],"product_cat":[1630,1715,1745],"product_tag":[],"class_list":{"0":"post-197439","1":"product","2":"type-product","3":"status-publish","4":"has-post-thumbnail","6":"product_brand-karl-lagerfeld","7":"product_cat-frauen","8":"product_cat-tragetaschen","9":"product_cat-umhaengetaschen-frauen","11":"first","12":"instock","13":"sale","14":"taxable","15":"shipping-taxable","16":"purchasable","17":"product-type-simple"},"_links":{"self":[{"href":"https:\/\/tpmadalina42.supserv.cozmoslabs.com\/fi\/wp-json\/wp\/v2\/product\/197439","targetHints":{"allow":["GET"]}}],"collection":[{"href":"https:\/\/tpmadalina42.supserv.cozmoslabs.com\/fi\/wp-json\/wp\/v2\/product"}],"about":[{"href":"https:\/\/tpmadalina42.supserv.cozmoslabs.com\/fi\/wp-json\/wp\/v2\/types\/product"}],"wp:featuredmedia":[{"embeddable":true,"href":"https:\/\/tpmadalina42.supserv.cozmoslabs.com\/fi\/wp-json\/wp\/v2\/media\/197431"}],"wp:attachment":[{"href":"https:\/\/tpmadalina42.supserv.cozmoslabs.com\/fi\/wp-json\/wp\/v2\/media?parent=197439"}],"wp:term":[{"taxonomy":"product_brand","embeddable":true,"href":"https:\/\/tpmadalina42.supserv.cozmoslabs.com\/fi\/wp-json\/wp\/v2\/product_brand?post=197439"},{"taxonomy":"product_cat","embeddable":true,"href":"https:\/\/tpmadalina42.supserv.cozmoslabs.com\/fi\/wp-json\/wp\/v2\/product_cat?post=197439"},{"taxonomy":"product_tag","embeddable":true,"href":"https:\/\/tpmadalina42.supserv.cozmoslabs.com\/fi\/wp-json\/wp\/v2\/product_tag?post=197439"}],"curies":[{"name":"wp","href":"https:\/\/api.w.org\/{rel}","templated":true}]}}