{"id":197606,"date":"2024-07-30T12:28:21","date_gmt":"2024-07-30T19:28:21","guid":{"rendered":"https:\/\/glandine.com\/product\/versace-elegante-mintgruene-kameratasche-aus-leder\/"},"modified":"2024-11-30T04:22:11","modified_gmt":"2024-11-30T03:22:11","slug":"versace-elegante-mintgruene-kameratasche-aus-leder","status":"publish","type":"product","link":"https:\/\/tpmadalina42.supserv.cozmoslabs.com\/fi\/tuote-2\/versace-elegante-mintgruene-kameratasche-aus-leder\/","title":{"rendered":"Versace Elegant mintunvihre\u00e4 nahkainen kameralaukku"},"content":{"rendered":"<p>Gehen Sie stilvoll aus mit dieser atemberaubenden mintgr\u00fcnen Versace Camera Case Schultertasche, die perfekt ist, um Ihrem Outfit einen Farbtupfer zu verleihen. Aus luxuri\u00f6sem Kalbsleder gefertigt und mit goldfarbenen Metallbeschl\u00e4gen akzentuiert, kombiniert diese Tasche Mode mit Funktionalit\u00e4t. Sie verf\u00fcgt \u00fcber einen sicheren Rei\u00dfverschluss, ein \u00fcbersichtliches Hauptfach mit einer Innentasche sowie eine Au\u00dfentasche mit schickem Klappdeckelverschluss. Kombinieren Sie sie mit jedem Ensemble und werten Sie Ihren Look sofort auf. Der abnehmbare und verstellbare Lederriemen bietet vielseitige Tragem\u00f6glichkeiten, so dass die Tasche sowohl \u00fcber der Schulter als auch am K\u00f6rper getragen werden kann.<\/p>\n<ul>\n<li>Merkki: Versace<\/li>\n<li>V\u00e4ri: Vihre\u00e4<\/li>\n<li>Materiaali: vasikan nahka<\/li>\n<li>Alkuper\u00e4maa: IT<\/li>\n<li>Riemen: 120cm Abnehmbarer und verstellbarer Schulterriemen aus Leder<\/li>\n<li>Abmessungen: L*H*B: 25cm*18cm*7cm<\/li>\n<\/ul>","protected":false},"excerpt":{"rendered":"<p>Gehen Sie stilvoll aus mit dieser atemberaubenden mintgr\u00fcnen Versace Camera Case Schultertasche, die perfekt ist, um Ihrem Outfit einen Farbtupfer zu verleihen. Aus luxuri\u00f6sem Kalbsleder gefertigt und mit goldfarbenen Metallbeschl\u00e4gen akzentuiert, kombiniert diese Tasche Mode mit Funktionalit\u00e4t. Sie verf\u00fcgt \u00fcber einen sicheren Rei\u00dfverschluss, ein \u00fcbersichtliches Hauptfach mit einer Innentasche sowie eine Au\u00dfentasche mit schickem Klappdeckelverschluss. [&hellip;]<\/p>","protected":false},"featured_media":197602,"template":"","meta":[],"product_brand":[2120],"product_cat":[1731,1630,1745],"product_tag":[],"class_list":{"0":"post-197606","1":"product","2":"type-product","3":"status-publish","4":"has-post-thumbnail","6":"product_brand-versace","7":"product_cat-crossbody-taschen","8":"product_cat-frauen","9":"product_cat-umhaengetaschen-frauen","11":"first","12":"instock","13":"sale","14":"taxable","15":"shipping-taxable","16":"purchasable","17":"product-type-simple"},"_links":{"self":[{"href":"https:\/\/tpmadalina42.supserv.cozmoslabs.com\/fi\/wp-json\/wp\/v2\/product\/197606","targetHints":{"allow":["GET"]}}],"collection":[{"href":"https:\/\/tpmadalina42.supserv.cozmoslabs.com\/fi\/wp-json\/wp\/v2\/product"}],"about":[{"href":"https:\/\/tpmadalina42.supserv.cozmoslabs.com\/fi\/wp-json\/wp\/v2\/types\/product"}],"wp:featuredmedia":[{"embeddable":true,"href":"https:\/\/tpmadalina42.supserv.cozmoslabs.com\/fi\/wp-json\/wp\/v2\/media\/197602"}],"wp:attachment":[{"href":"https:\/\/tpmadalina42.supserv.cozmoslabs.com\/fi\/wp-json\/wp\/v2\/media?parent=197606"}],"wp:term":[{"taxonomy":"product_brand","embeddable":true,"href":"https:\/\/tpmadalina42.supserv.cozmoslabs.com\/fi\/wp-json\/wp\/v2\/product_brand?post=197606"},{"taxonomy":"product_cat","embeddable":true,"href":"https:\/\/tpmadalina42.supserv.cozmoslabs.com\/fi\/wp-json\/wp\/v2\/product_cat?post=197606"},{"taxonomy":"product_tag","embeddable":true,"href":"https:\/\/tpmadalina42.supserv.cozmoslabs.com\/fi\/wp-json\/wp\/v2\/product_tag?post=197606"}],"curies":[{"name":"wp","href":"https:\/\/api.w.org\/{rel}","templated":true}]}}