{"id":197639,"date":"2024-07-30T12:30:02","date_gmt":"2024-07-30T19:30:02","guid":{"rendered":"https:\/\/glandine.com\/product\/dolce-gabbana-beige-floral-leder-schulterriemen-accessoire\/"},"modified":"2024-11-30T04:28:27","modified_gmt":"2024-11-30T03:28:27","slug":"dolce-gabbana-beige-floral-leder-schulterriemen-accessoire","status":"publish","type":"product","link":"https:\/\/tpmadalina42.supserv.cozmoslabs.com\/fi\/tuote-2\/dolce-gabbana-beige-floral-leder-schulterriemen-accessoire\/","title":{"rendered":"Dolce &amp; Gabbana Beige kukkainen nahkainen olkahihna"},"content":{"rendered":"<p>Schm\u00fccken Sie Ihre Handtasche mit einem exquisiten Hauch italienischer Eleganz. Wir pr\u00e4sentieren einen atemberaubenden, brandneuen Schulterriemen von <strong>Dolce &amp; Gabbana<\/strong>. Dieses Accessoire wurde f\u00fcr die Frau entworfen, die Luxus und Stil zu sch\u00e4tzen wei\u00df. Es ist in einem wundersch\u00f6nen Beigeton mit lebhaften Blumenapplikationen gehalten und eignet sich perfekt, um jedem Outfit einen Hauch von Farbe und Raffinesse zu verleihen. Fachm\u00e4nnisch aus feinstem Leder gefertigt, tr\u00e4gt dieses Armband das unverkennbare Zeichen von Dolce &amp; Gabbanas Engagement f\u00fcr Premium-Qualit\u00e4t und Design.<\/p>\n<p>Die Logodetails unterstreichen auf subtile Weise den Kultstatus der Marke, w\u00e4hrend die handwerkliche Verarbeitung das Erbe des Made in Italy widerspiegelt. Mit einer idealen L\u00e4nge von 70 cm und einer komfortablen Breite von 5 cm ist sie die perfekte Mischung aus Mode und Funktion f\u00fcr Ihre geliebte Handtasche.<\/p>\n<ul>\n<li>V\u00e4ri: Moniv\u00e4rinen<\/li>\n<li>Materiaali: nahka<\/li>\n<li>Alkuper\u00e4maa: IT<\/li>\n<li>Sukupuoli: naiset<\/li>\n<\/ul>","protected":false},"excerpt":{"rendered":"<p>Schm\u00fccken Sie Ihre Handtasche mit einem exquisiten Hauch italienischer Eleganz. Wir pr\u00e4sentieren einen atemberaubenden, brandneuen Schulterriemen von Dolce &amp; Gabbana. Dieses Accessoire wurde f\u00fcr die Frau entworfen, die Luxus und Stil zu sch\u00e4tzen wei\u00df. Es ist in einem wundersch\u00f6nen Beigeton mit lebhaften Blumenapplikationen gehalten und eignet sich perfekt, um jedem Outfit einen Hauch von Farbe [&hellip;]<\/p>","protected":false},"featured_media":197631,"template":"","meta":[],"product_brand":[1620],"product_cat":[1630,1674],"product_tag":[],"class_list":{"0":"post-197639","1":"product","2":"type-product","3":"status-publish","4":"has-post-thumbnail","6":"product_brand-dolce-gabbana","7":"product_cat-frauen","8":"product_cat-leder-accessoires","10":"first","11":"instock","12":"sale","13":"taxable","14":"shipping-taxable","15":"purchasable","16":"product-type-simple"},"_links":{"self":[{"href":"https:\/\/tpmadalina42.supserv.cozmoslabs.com\/fi\/wp-json\/wp\/v2\/product\/197639","targetHints":{"allow":["GET"]}}],"collection":[{"href":"https:\/\/tpmadalina42.supserv.cozmoslabs.com\/fi\/wp-json\/wp\/v2\/product"}],"about":[{"href":"https:\/\/tpmadalina42.supserv.cozmoslabs.com\/fi\/wp-json\/wp\/v2\/types\/product"}],"wp:featuredmedia":[{"embeddable":true,"href":"https:\/\/tpmadalina42.supserv.cozmoslabs.com\/fi\/wp-json\/wp\/v2\/media\/197631"}],"wp:attachment":[{"href":"https:\/\/tpmadalina42.supserv.cozmoslabs.com\/fi\/wp-json\/wp\/v2\/media?parent=197639"}],"wp:term":[{"taxonomy":"product_brand","embeddable":true,"href":"https:\/\/tpmadalina42.supserv.cozmoslabs.com\/fi\/wp-json\/wp\/v2\/product_brand?post=197639"},{"taxonomy":"product_cat","embeddable":true,"href":"https:\/\/tpmadalina42.supserv.cozmoslabs.com\/fi\/wp-json\/wp\/v2\/product_cat?post=197639"},{"taxonomy":"product_tag","embeddable":true,"href":"https:\/\/tpmadalina42.supserv.cozmoslabs.com\/fi\/wp-json\/wp\/v2\/product_tag?post=197639"}],"curies":[{"name":"wp","href":"https:\/\/api.w.org\/{rel}","templated":true}]}}