{"id":197735,"date":"2024-07-30T12:35:16","date_gmt":"2024-07-30T19:35:16","guid":{"rendered":"https:\/\/glandine.com\/product\/costume-national-schicke-weisse-ledermuenzboerse-mit-riemen\/"},"modified":"2024-11-30T05:00:19","modified_gmt":"2024-11-30T04:00:19","slug":"costume-national-schicke-weisse-ledermuenzboerse-mit-riemen","status":"publish","type":"product","link":"https:\/\/tpmadalina42.supserv.cozmoslabs.com\/fi\/tuote-2\/costume-national-schicke-weisse-ledermuenzboerse-mit-riemen\/","title":{"rendered":"Costume National Chic valkoinen nahkainen kolikkolaukku hihnalla"},"content":{"rendered":"<p>G\u00f6nnen Sie sich die Eleganz von Costume National mit dieser wundersch\u00f6nen, brandneuen M\u00fcnzb\u00f6rse, die mit einem Etikett versehen ist und Ihrer Sammlung einen Hauch von Luxus verleihen wird. Aus feinstem Leder gefertigt, ist dieses wei\u00dfe Portemonnaie nicht nur ein praktisches Accessoire, sondern auch ein Statement. Die praktische Handschlaufe erm\u00f6glicht ein einfaches Tragen und verbindet Funktionalit\u00e4t mit Stil. Dieses in Italien gefertigte Accessoire verspricht Raffinesse und Qualit\u00e4t, wie sie f\u00fcr die renommierte Marke Costume National typisch sind.<\/p>\n<ul>\n<li>Materiaali: 100% nahka<\/li>\n<li>V\u00e4ri: Valkoinen<\/li>\n<li>Alkuper\u00e4maa: IT<\/li>\n<li>Mitat: 10cm x 8cm<\/li>\n<\/ul>","protected":false},"excerpt":{"rendered":"<p>G\u00f6nnen Sie sich die Eleganz von Costume National mit dieser wundersch\u00f6nen, brandneuen M\u00fcnzb\u00f6rse, die mit einem Etikett versehen ist und Ihrer Sammlung einen Hauch von Luxus verleihen wird. Aus feinstem Leder gefertigt, ist dieses wei\u00dfe Portemonnaie nicht nur ein praktisches Accessoire, sondern auch ein Statement. Die praktische Handschlaufe erm\u00f6glicht ein einfaches Tragen und verbindet Funktionalit\u00e4t [&hellip;]<\/p>","protected":false},"featured_media":197729,"template":"","meta":[],"product_brand":[1790],"product_cat":[1630,1722],"product_tag":[],"class_list":{"0":"post-197735","1":"product","2":"type-product","3":"status-publish","4":"has-post-thumbnail","6":"product_brand-costume-national","7":"product_cat-frauen","8":"product_cat-geldboersen-frauen","10":"first","11":"instock","12":"sale","13":"taxable","14":"shipping-taxable","15":"purchasable","16":"product-type-simple"},"_links":{"self":[{"href":"https:\/\/tpmadalina42.supserv.cozmoslabs.com\/fi\/wp-json\/wp\/v2\/product\/197735","targetHints":{"allow":["GET"]}}],"collection":[{"href":"https:\/\/tpmadalina42.supserv.cozmoslabs.com\/fi\/wp-json\/wp\/v2\/product"}],"about":[{"href":"https:\/\/tpmadalina42.supserv.cozmoslabs.com\/fi\/wp-json\/wp\/v2\/types\/product"}],"wp:featuredmedia":[{"embeddable":true,"href":"https:\/\/tpmadalina42.supserv.cozmoslabs.com\/fi\/wp-json\/wp\/v2\/media\/197729"}],"wp:attachment":[{"href":"https:\/\/tpmadalina42.supserv.cozmoslabs.com\/fi\/wp-json\/wp\/v2\/media?parent=197735"}],"wp:term":[{"taxonomy":"product_brand","embeddable":true,"href":"https:\/\/tpmadalina42.supserv.cozmoslabs.com\/fi\/wp-json\/wp\/v2\/product_brand?post=197735"},{"taxonomy":"product_cat","embeddable":true,"href":"https:\/\/tpmadalina42.supserv.cozmoslabs.com\/fi\/wp-json\/wp\/v2\/product_cat?post=197735"},{"taxonomy":"product_tag","embeddable":true,"href":"https:\/\/tpmadalina42.supserv.cozmoslabs.com\/fi\/wp-json\/wp\/v2\/product_tag?post=197735"}],"curies":[{"name":"wp","href":"https:\/\/api.w.org\/{rel}","templated":true}]}}