{"id":197952,"date":"2024-07-30T12:55:08","date_gmt":"2024-07-30T19:55:08","guid":{"rendered":"https:\/\/glandine.com\/product\/chloe-elegante-schulterhandtasche-aus-braunem-kalbsleder-in-sepia\/"},"modified":"2024-11-30T11:48:17","modified_gmt":"2024-11-30T10:48:17","slug":"chloe-elegante-schulterhandtasche-aus-braunem-kalbsleder-in-sepia","status":"publish","type":"product","link":"https:\/\/tpmadalina42.supserv.cozmoslabs.com\/fi\/tuote-2\/chloe-elegante-schulterhandtasche-aus-braunem-kalbsleder-in-sepia\/","title":{"rendered":"Chlo\u00e9 Elegant olkalaukku ruskeasta seepiavasikannahasta"},"content":{"rendered":"<p>Tauchen Sie ein in den Inbegriff von Eleganz mit dieser atemberaubenden Chlo\u00e9 Tess Handtasche. Mit ihrem satten Sepiabraun f\u00e4llt sie auf und ist aus feinstem 100 % Kalbsleder Bos Taurus gefertigt, das ein unvergleichlich luxuri\u00f6ses Gef\u00fchl vermittelt. Die Kieselstruktur der Handtasche und die gl\u00e4nzenden goldfarbenen Beschl\u00e4ge, einschlie\u00dflich der markanten Metallringdetails auf der Vorderseite, strahlen Raffinesse und auff\u00e4lligen Stil aus. Der abnehmbare und verstellbare Schulterriemen aus Leder und der einzelne, abgerundete Henkel machen diese Handtasche vielseitig einsetzbar und verwandeln sie m\u00fchelos von einer schicken Umh\u00e4ngetasche in eine elegante Handtasche.<\/p>\n<p>Dieses in Italien gefertigte Accessoire aus der Kollektion Fr\u00fchjahr\/Sommer 24 ist nicht nur ein modisches Highlight, sondern auch ein praktischer Begleiter. Sie verf\u00fcgt \u00fcber ein Steckfach auf der Vorder- und R\u00fcckseite sowie ein Innenfach mit Rei\u00dfverschluss, die alle innen gef\u00fcttert sind, um Haltbarkeit und Stil zu gew\u00e4hrleisten.<\/p>\n<p>Abmessungen: L 15cm x H 23cm x B 10cm &#8211; eine perfekte Gr\u00f6\u00dfe, um Ihre wichtigsten Dinge mit Leichtigkeit zu tragen und gleichzeitig ein luxuri\u00f6ses Statement abzugeben.<\/p>\n<ul>\n<li>V\u00e4ri: Ruskea<\/li>\n<li>Material: 100% Kalbsleder Bos Taurus<\/li>\n<li>Alkuper\u00e4maa: Italia<\/li>\n<\/ul>","protected":false},"excerpt":{"rendered":"<p>Tauchen Sie ein in den Inbegriff von Eleganz mit dieser atemberaubenden Chlo\u00e9 Tess Handtasche. Mit ihrem satten Sepiabraun f\u00e4llt sie auf und ist aus feinstem 100 % Kalbsleder Bos Taurus gefertigt, das ein unvergleichlich luxuri\u00f6ses Gef\u00fchl vermittelt. Die Kieselstruktur der Handtasche und die gl\u00e4nzenden goldfarbenen Beschl\u00e4ge, einschlie\u00dflich der markanten Metallringdetails auf der Vorderseite, strahlen Raffinesse [&hellip;]<\/p>","protected":false},"featured_media":197948,"template":"","meta":[],"product_brand":[2375],"product_cat":[1630,1664,1745],"product_tag":[],"class_list":{"0":"post-197952","1":"product","2":"type-product","3":"status-publish","4":"has-post-thumbnail","6":"product_brand-chloe","7":"product_cat-frauen","8":"product_cat-handtaschen","9":"product_cat-umhaengetaschen-frauen","11":"first","12":"instock","13":"sale","14":"taxable","15":"shipping-taxable","16":"purchasable","17":"product-type-simple"},"_links":{"self":[{"href":"https:\/\/tpmadalina42.supserv.cozmoslabs.com\/fi\/wp-json\/wp\/v2\/product\/197952","targetHints":{"allow":["GET"]}}],"collection":[{"href":"https:\/\/tpmadalina42.supserv.cozmoslabs.com\/fi\/wp-json\/wp\/v2\/product"}],"about":[{"href":"https:\/\/tpmadalina42.supserv.cozmoslabs.com\/fi\/wp-json\/wp\/v2\/types\/product"}],"wp:featuredmedia":[{"embeddable":true,"href":"https:\/\/tpmadalina42.supserv.cozmoslabs.com\/fi\/wp-json\/wp\/v2\/media\/197948"}],"wp:attachment":[{"href":"https:\/\/tpmadalina42.supserv.cozmoslabs.com\/fi\/wp-json\/wp\/v2\/media?parent=197952"}],"wp:term":[{"taxonomy":"product_brand","embeddable":true,"href":"https:\/\/tpmadalina42.supserv.cozmoslabs.com\/fi\/wp-json\/wp\/v2\/product_brand?post=197952"},{"taxonomy":"product_cat","embeddable":true,"href":"https:\/\/tpmadalina42.supserv.cozmoslabs.com\/fi\/wp-json\/wp\/v2\/product_cat?post=197952"},{"taxonomy":"product_tag","embeddable":true,"href":"https:\/\/tpmadalina42.supserv.cozmoslabs.com\/fi\/wp-json\/wp\/v2\/product_tag?post=197952"}],"curies":[{"name":"wp","href":"https:\/\/api.w.org\/{rel}","templated":true}]}}