{"id":198076,"date":"2024-07-30T13:03:54","date_gmt":"2024-07-30T20:03:54","guid":{"rendered":"https:\/\/glandine.com\/product\/dolce-gabbana-exotische-rosa-leder-mini-spiegeltasche-mit-quaste\/"},"modified":"2024-11-30T13:30:05","modified_gmt":"2024-11-30T12:30:05","slug":"dolce-gabbana-exotische-rosa-leder-mini-spiegeltasche-mit-quaste","status":"publish","type":"product","link":"https:\/\/tpmadalina42.supserv.cozmoslabs.com\/fi\/tuote-2\/dolce-gabbana-exotische-rosa-leder-mini-spiegeltasche-mit-quaste\/","title":{"rendered":"Dolce &amp; Gabbana eksoottinen vaaleanpunainen nahkainen tupsu minipeililaukku"},"content":{"rendered":"<p>G\u00f6nnen Sie sich die Opulenz von <strong>Dolce &amp; Gabbana<\/strong> mit dieser umwerfenden, 100% authentischen Mini Mirror Bag. Dieses Accessoire ist sowohl praktisch als auch schick und perfekt f\u00fcr unterwegs. Mit einem Umh\u00e4ngeriemen, der mit verspielten Quasten verziert ist, haben Sie die H\u00e4nde frei, w\u00e4hrend Sie modisch ganz vorne mit dabei sind. Das exquisite rosa Exotenleder wird durch goldene Metalldetails erg\u00e4nzt und verleiht jedem Outfit einen Hauch von Luxus. Dieses wundersch\u00f6n gearbeitete St\u00fcck spiegelt die hohe italienische Handwerkskunst und das exklusive Design wider und macht es zu einer beneidenswerten Erg\u00e4nzung Ihrer Sammlung.<\/p>\n<ul>\n<li>Materiaali: 100% eksoottinen nahka<\/li>\n<li>Farbe: Rosa mit goldenen Metalldetails<\/li>\n<li>Riemen: Nackenriemen mit Quasten<\/li>\n<li>Innenfutter: Goldfarbenes Innenfutter<\/li>\n<li>Verschluss: Schlie\u00dfe<\/li>\n<li>Logo: Eingravierte Logo-Hardware<\/li>\n<li>Alkuper\u00e4: Valmistettu Italiassa<\/li>\n<li>Gr\u00f6\u00dfe: 8cm x 5cm x 3cm<\/li>\n<li>Riemenl\u00e4nge: 55cm x 1cm<\/li>\n<\/ul>","protected":false},"excerpt":{"rendered":"<p>G\u00f6nnen Sie sich die Opulenz von Dolce &amp; Gabbana mit dieser umwerfenden, 100% authentischen Mini Mirror Bag. Dieses Accessoire ist sowohl praktisch als auch schick und perfekt f\u00fcr unterwegs. Mit einem Umh\u00e4ngeriemen, der mit verspielten Quasten verziert ist, haben Sie die H\u00e4nde frei, w\u00e4hrend Sie modisch ganz vorne mit dabei sind. Das exquisite rosa Exotenleder [&hellip;]<\/p>","protected":false},"featured_media":198068,"template":"","meta":[],"product_brand":[1620],"product_cat":[1630,1664],"product_tag":[],"class_list":{"0":"post-198076","1":"product","2":"type-product","3":"status-publish","4":"has-post-thumbnail","6":"product_brand-dolce-gabbana","7":"product_cat-frauen","8":"product_cat-handtaschen","10":"first","11":"instock","12":"sale","13":"taxable","14":"shipping-taxable","15":"purchasable","16":"product-type-simple"},"_links":{"self":[{"href":"https:\/\/tpmadalina42.supserv.cozmoslabs.com\/fi\/wp-json\/wp\/v2\/product\/198076","targetHints":{"allow":["GET"]}}],"collection":[{"href":"https:\/\/tpmadalina42.supserv.cozmoslabs.com\/fi\/wp-json\/wp\/v2\/product"}],"about":[{"href":"https:\/\/tpmadalina42.supserv.cozmoslabs.com\/fi\/wp-json\/wp\/v2\/types\/product"}],"wp:featuredmedia":[{"embeddable":true,"href":"https:\/\/tpmadalina42.supserv.cozmoslabs.com\/fi\/wp-json\/wp\/v2\/media\/198068"}],"wp:attachment":[{"href":"https:\/\/tpmadalina42.supserv.cozmoslabs.com\/fi\/wp-json\/wp\/v2\/media?parent=198076"}],"wp:term":[{"taxonomy":"product_brand","embeddable":true,"href":"https:\/\/tpmadalina42.supserv.cozmoslabs.com\/fi\/wp-json\/wp\/v2\/product_brand?post=198076"},{"taxonomy":"product_cat","embeddable":true,"href":"https:\/\/tpmadalina42.supserv.cozmoslabs.com\/fi\/wp-json\/wp\/v2\/product_cat?post=198076"},{"taxonomy":"product_tag","embeddable":true,"href":"https:\/\/tpmadalina42.supserv.cozmoslabs.com\/fi\/wp-json\/wp\/v2\/product_tag?post=198076"}],"curies":[{"name":"wp","href":"https:\/\/api.w.org\/{rel}","templated":true}]}}