{"id":198165,"date":"2024-07-30T13:09:25","date_gmt":"2024-07-30T20:09:25","guid":{"rendered":"https:\/\/glandine.com\/product\/versace-elegante-crossbody-tasche-aus-weissem-lammleder\/"},"modified":"2024-11-30T14:43:37","modified_gmt":"2024-11-30T13:43:37","slug":"versace-elegante-crossbody-tasche-aus-weissem-lammleder","status":"publish","type":"product","link":"https:\/\/tpmadalina42.supserv.cozmoslabs.com\/fi\/tuote-2\/versace-elegante-crossbody-tasche-aus-weissem-lammleder\/","title":{"rendered":"Versace Elegant crossbody laukku valkoista karitsannahkaa"},"content":{"rendered":"<p>Entdecken Sie den ultimativen Hauch von Eleganz mit unserer atemberaubenden Versace Pouch Crossbody Bag, perfekt, um Ihrem Ensemble ein raffiniertes Flair zu verleihen. Die aus luxuri\u00f6sem Lammleder gefertigte Tasche in makellosem Wei\u00df verf\u00fcgt \u00fcber ein elegantes Design mit dem kultigen Medusa-Kopf-Logo. Der Rei\u00dfverschluss gibt den Blick frei auf ein kompaktes und dennoch gut organisiertes Innenleben mit einem Steckfach, das durch ein externes Steckfach f\u00fcr den einfachen Zugriff auf das Wesentliche erg\u00e4nzt wird. Die Tasche ist mit einem abnehmbaren Schulterriemen aus Kette und Leder ausgestattet, so dass Sie sie \u00fcber der Schulter oder als Crossbody tragen k\u00f6nnen. Die goldfarbenen Beschl\u00e4ge verleihen ihr einen Hauch von Glamour und machen sie zu einer tadellosen Wahl f\u00fcr jeden modebewussten Menschen.<\/p>\n<ul>\n<li>V\u00e4ri: Valkoinen<\/li>\n<li>Materiaali: lampaan nahka<\/li>\n<li>Riemen: 110 cm abnehmbare Kette und Lederriemen<\/li>\n<li>Abmessungen: 23cm * 15cm * 4cm<\/li>\n<li>Alkuper\u00e4maa: Italia<\/li>\n<\/ul>","protected":false},"excerpt":{"rendered":"<p>Entdecken Sie den ultimativen Hauch von Eleganz mit unserer atemberaubenden Versace Pouch Crossbody Bag, perfekt, um Ihrem Ensemble ein raffiniertes Flair zu verleihen. Die aus luxuri\u00f6sem Lammleder gefertigte Tasche in makellosem Wei\u00df verf\u00fcgt \u00fcber ein elegantes Design mit dem kultigen Medusa-Kopf-Logo. Der Rei\u00dfverschluss gibt den Blick frei auf ein kompaktes und dennoch gut organisiertes Innenleben [&hellip;]<\/p>","protected":false},"featured_media":198161,"template":"","meta":[],"product_brand":[2120],"product_cat":[1731,1630],"product_tag":[],"class_list":{"0":"post-198165","1":"product","2":"type-product","3":"status-publish","4":"has-post-thumbnail","6":"product_brand-versace","7":"product_cat-crossbody-taschen","8":"product_cat-frauen","10":"first","11":"instock","12":"sale","13":"taxable","14":"shipping-taxable","15":"purchasable","16":"product-type-simple"},"_links":{"self":[{"href":"https:\/\/tpmadalina42.supserv.cozmoslabs.com\/fi\/wp-json\/wp\/v2\/product\/198165","targetHints":{"allow":["GET"]}}],"collection":[{"href":"https:\/\/tpmadalina42.supserv.cozmoslabs.com\/fi\/wp-json\/wp\/v2\/product"}],"about":[{"href":"https:\/\/tpmadalina42.supserv.cozmoslabs.com\/fi\/wp-json\/wp\/v2\/types\/product"}],"wp:featuredmedia":[{"embeddable":true,"href":"https:\/\/tpmadalina42.supserv.cozmoslabs.com\/fi\/wp-json\/wp\/v2\/media\/198161"}],"wp:attachment":[{"href":"https:\/\/tpmadalina42.supserv.cozmoslabs.com\/fi\/wp-json\/wp\/v2\/media?parent=198165"}],"wp:term":[{"taxonomy":"product_brand","embeddable":true,"href":"https:\/\/tpmadalina42.supserv.cozmoslabs.com\/fi\/wp-json\/wp\/v2\/product_brand?post=198165"},{"taxonomy":"product_cat","embeddable":true,"href":"https:\/\/tpmadalina42.supserv.cozmoslabs.com\/fi\/wp-json\/wp\/v2\/product_cat?post=198165"},{"taxonomy":"product_tag","embeddable":true,"href":"https:\/\/tpmadalina42.supserv.cozmoslabs.com\/fi\/wp-json\/wp\/v2\/product_tag?post=198165"}],"curies":[{"name":"wp","href":"https:\/\/api.w.org\/{rel}","templated":true}]}}