{"id":198636,"date":"2024-07-30T13:39:04","date_gmt":"2024-07-30T20:39:04","guid":{"rendered":"https:\/\/glandine.com\/product\/balenciaga-zweifarbige-clutch-aus-exotischem-leder\/"},"modified":"2024-11-30T19:28:55","modified_gmt":"2024-11-30T18:28:55","slug":"balenciaga-zweifarbige-clutch-aus-exotischem-leder","status":"publish","type":"product","link":"https:\/\/tpmadalina42.supserv.cozmoslabs.com\/fi\/tuote-2\/balenciaga-zweifarbige-clutch-aus-exotischem-leder\/","title":{"rendered":"Balenciaga kaksis\u00e4vyinen kytkin eksoottista nahkaa"},"content":{"rendered":"<p>G\u00f6nnen Sie sich den Inbegriff von Luxus mit unserer atemberaubenden zweifarbigen Clutch, perfekt f\u00fcr modebewusste Menschen, die ein Statement setzen wollen. Eine meisterhafte Mischung aus Raffinesse und k\u00fchnem Stil, diese auff\u00e4llige Handtasche ist aus feinstem Alligator- und Kalbsleder gefertigt. Mit ihren exquisiten Beige- und Rott\u00f6nen ist diese Clutch von Balenciaga ein Synonym f\u00fcr Eleganz und High Fashion.<\/p>\n<p>Das elegante schwarze Innenfutter und die diskreten Logodetails zeugen von der au\u00dfergew\u00f6hnlichen italienischen Handwerkskunst, f\u00fcr die Balenciaga bekannt ist. Ob f\u00fcr eine Abendgala oder ein schickes Tagesereignis, diese Clutch zieht garantiert alle Blicke auf sich und zeugt von Ihrem tadellosen Geschmack.<\/p>\n<ul>\n<li>Material: Leder und Alligatorleder<\/li>\n<li>Alkuper\u00e4maa: IT<\/li>\n<li>Farbe: Beige, Rot<\/li>\n<\/ul>","protected":false},"excerpt":{"rendered":"<p>G\u00f6nnen Sie sich den Inbegriff von Luxus mit unserer atemberaubenden zweifarbigen Clutch, perfekt f\u00fcr modebewusste Menschen, die ein Statement setzen wollen. Eine meisterhafte Mischung aus Raffinesse und k\u00fchnem Stil, diese auff\u00e4llige Handtasche ist aus feinstem Alligator- und Kalbsleder gefertigt. Mit ihren exquisiten Beige- und Rott\u00f6nen ist diese Clutch von Balenciaga ein Synonym f\u00fcr Eleganz und [&hellip;]<\/p>","protected":false},"featured_media":198630,"template":"","meta":[],"product_brand":[2392],"product_cat":[1729,1630],"product_tag":[],"class_list":{"0":"post-198636","1":"product","2":"type-product","3":"status-publish","4":"has-post-thumbnail","6":"product_brand-balenciaga","7":"product_cat-clutch-taschen","8":"product_cat-frauen","10":"first","11":"instock","12":"sale","13":"taxable","14":"shipping-taxable","15":"purchasable","16":"product-type-simple"},"_links":{"self":[{"href":"https:\/\/tpmadalina42.supserv.cozmoslabs.com\/fi\/wp-json\/wp\/v2\/product\/198636","targetHints":{"allow":["GET"]}}],"collection":[{"href":"https:\/\/tpmadalina42.supserv.cozmoslabs.com\/fi\/wp-json\/wp\/v2\/product"}],"about":[{"href":"https:\/\/tpmadalina42.supserv.cozmoslabs.com\/fi\/wp-json\/wp\/v2\/types\/product"}],"wp:featuredmedia":[{"embeddable":true,"href":"https:\/\/tpmadalina42.supserv.cozmoslabs.com\/fi\/wp-json\/wp\/v2\/media\/198630"}],"wp:attachment":[{"href":"https:\/\/tpmadalina42.supserv.cozmoslabs.com\/fi\/wp-json\/wp\/v2\/media?parent=198636"}],"wp:term":[{"taxonomy":"product_brand","embeddable":true,"href":"https:\/\/tpmadalina42.supserv.cozmoslabs.com\/fi\/wp-json\/wp\/v2\/product_brand?post=198636"},{"taxonomy":"product_cat","embeddable":true,"href":"https:\/\/tpmadalina42.supserv.cozmoslabs.com\/fi\/wp-json\/wp\/v2\/product_cat?post=198636"},{"taxonomy":"product_tag","embeddable":true,"href":"https:\/\/tpmadalina42.supserv.cozmoslabs.com\/fi\/wp-json\/wp\/v2\/product_tag?post=198636"}],"curies":[{"name":"wp","href":"https:\/\/api.w.org\/{rel}","templated":true}]}}