{"id":199320,"date":"2024-07-31T04:43:57","date_gmt":"2024-07-31T11:43:57","guid":{"rendered":"https:\/\/glandine.com\/product\/mila-schoen-elegante-rote-pullover-bluse-aus-kaschmir\/"},"modified":"2024-11-29T20:32:59","modified_gmt":"2024-11-29T19:32:59","slug":"mila-schoen-elegante-rote-pullover-bluse-aus-kaschmir","status":"publish","type":"product","link":"https:\/\/tpmadalina42.supserv.cozmoslabs.com\/fi\/tuote-2\/mila-schoen-elegante-rote-pullover-bluse-aus-kaschmir\/","title":{"rendered":"MILA SCH\u00d6N Tyylik\u00e4s punainen kashmirpusero"},"content":{"rendered":"<p>Raffinesse trifft auf Komfort mit dieser umwerfenden Pullover-Bluse von 100% Authentic MILA SCH\u00d6N. Der \u00fcppige Kaschmirstoff h\u00fcllt Sie in Luxus, w\u00e4hrend der leuchtend rote Farbton daf\u00fcr sorgt, dass Sie mit Eleganz auffallen. Perfekt, um jedem Ensemble einen Hauch von Klasse zu verleihen. Ein Must-Have f\u00fcr alle, die Mode und Komfort zu sch\u00e4tzen wissen.<\/p>\n<ul>\n<li>V\u00e4ri: punainen<\/li>\n<li>Materiaali: 100% kashmir<\/li>\n<li>Alkuper\u00e4maa: IT<\/li>\n<li>Marke: MILA SCH\u00d6N<\/li>\n<\/ul>","protected":false},"excerpt":{"rendered":"<p>Raffinesse trifft auf Komfort mit dieser umwerfenden Pullover-Bluse von 100% Authentic MILA SCH\u00d6N. Der \u00fcppige Kaschmirstoff h\u00fcllt Sie in Luxus, w\u00e4hrend der leuchtend rote Farbton daf\u00fcr sorgt, dass Sie mit Eleganz auffallen. Perfekt, um jedem Ensemble einen Hauch von Klasse zu verleihen. Ein Must-Have f\u00fcr alle, die Mode und Komfort zu sch\u00e4tzen wissen. Farbe: Rot [&hellip;]<\/p>","protected":false},"featured_media":199315,"template":"","meta":[],"product_brand":[1906],"product_cat":[1637,1623],"product_tag":[],"class_list":{"0":"post-199320","1":"product","2":"type-product","3":"status-publish","4":"has-post-thumbnail","6":"product_brand-mila-schoen","7":"product_cat-frauen-kleidung","8":"product_cat-kleidung","10":"first","11":"instock","12":"sale","13":"taxable","14":"shipping-taxable","15":"purchasable","16":"product-type-variable"},"_links":{"self":[{"href":"https:\/\/tpmadalina42.supserv.cozmoslabs.com\/fi\/wp-json\/wp\/v2\/product\/199320","targetHints":{"allow":["GET"]}}],"collection":[{"href":"https:\/\/tpmadalina42.supserv.cozmoslabs.com\/fi\/wp-json\/wp\/v2\/product"}],"about":[{"href":"https:\/\/tpmadalina42.supserv.cozmoslabs.com\/fi\/wp-json\/wp\/v2\/types\/product"}],"wp:featuredmedia":[{"embeddable":true,"href":"https:\/\/tpmadalina42.supserv.cozmoslabs.com\/fi\/wp-json\/wp\/v2\/media\/199315"}],"wp:attachment":[{"href":"https:\/\/tpmadalina42.supserv.cozmoslabs.com\/fi\/wp-json\/wp\/v2\/media?parent=199320"}],"wp:term":[{"taxonomy":"product_brand","embeddable":true,"href":"https:\/\/tpmadalina42.supserv.cozmoslabs.com\/fi\/wp-json\/wp\/v2\/product_brand?post=199320"},{"taxonomy":"product_cat","embeddable":true,"href":"https:\/\/tpmadalina42.supserv.cozmoslabs.com\/fi\/wp-json\/wp\/v2\/product_cat?post=199320"},{"taxonomy":"product_tag","embeddable":true,"href":"https:\/\/tpmadalina42.supserv.cozmoslabs.com\/fi\/wp-json\/wp\/v2\/product_tag?post=199320"}],"curies":[{"name":"wp","href":"https:\/\/api.w.org\/{rel}","templated":true}]}}