{"id":199343,"date":"2024-07-31T05:01:04","date_gmt":"2024-07-31T12:01:04","guid":{"rendered":"https:\/\/glandine.com\/product\/dolce-gabbana-eleganter-schwarzer-kaschmir-rollkragenpullover\/"},"modified":"2024-11-30T04:11:33","modified_gmt":"2024-11-30T03:11:33","slug":"dolce-gabbana-eleganter-schwarzer-kaschmir-rollkragenpullover","status":"publish","type":"product","link":"https:\/\/tpmadalina42.supserv.cozmoslabs.com\/fi\/tuote-2\/dolce-gabbana-eleganter-schwarzer-kaschmir-rollkragenpullover\/","title":{"rendered":"Dolce &amp; Gabbana Eleganter schwarzer Kaschmir-Rollkragenpullover"},"content":{"rendered":"<p>G\u00f6nnen Sie sich den puren Luxus dieses wundersch\u00f6nen Rollkragenpullovers von Dolce &amp; Gabbana. Aus feinstem 100%igem Kaschmir gefertigt, kombiniert dieser schwarze Pullover Komfort mit Eleganz &#8211; perfekt f\u00fcr alle, die die feinen Dinge des Lebens zu sch\u00e4tzen wissen. Mit den kultigen Logodetails verziert und sorgf\u00e4ltig in Italien gefertigt, ist er eine zeitlose Erg\u00e4nzung f\u00fcr Ihre Garderobe.<\/p>\n<ul>\n<li>Materiaali: 100% kashmir<\/li>\n<li>V\u00e4ri: Musta<\/li>\n<li>Alkuper\u00e4maa: IT<\/li>\n<\/ul>","protected":false},"excerpt":{"rendered":"<p>G\u00f6nnen Sie sich den puren Luxus dieses wundersch\u00f6nen Rollkragenpullovers von Dolce &amp; Gabbana. Aus feinstem 100%igem Kaschmir gefertigt, kombiniert dieser schwarze Pullover Komfort mit Eleganz &#8211; perfekt f\u00fcr alle, die die feinen Dinge des Lebens zu sch\u00e4tzen wissen. Mit den kultigen Logodetails verziert und sorgf\u00e4ltig in Italien gefertigt, ist er eine zeitlose Erg\u00e4nzung f\u00fcr Ihre [&hellip;]<\/p>","protected":false},"featured_media":199338,"template":"","meta":[],"product_brand":[1620],"product_cat":[1637,1623],"product_tag":[],"class_list":{"0":"post-199343","1":"product","2":"type-product","3":"status-publish","4":"has-post-thumbnail","6":"product_brand-dolce-gabbana","7":"product_cat-frauen-kleidung","8":"product_cat-kleidung","10":"first","11":"instock","12":"sale","13":"taxable","14":"shipping-taxable","15":"purchasable","16":"product-type-variable"},"_links":{"self":[{"href":"https:\/\/tpmadalina42.supserv.cozmoslabs.com\/fi\/wp-json\/wp\/v2\/product\/199343","targetHints":{"allow":["GET"]}}],"collection":[{"href":"https:\/\/tpmadalina42.supserv.cozmoslabs.com\/fi\/wp-json\/wp\/v2\/product"}],"about":[{"href":"https:\/\/tpmadalina42.supserv.cozmoslabs.com\/fi\/wp-json\/wp\/v2\/types\/product"}],"wp:featuredmedia":[{"embeddable":true,"href":"https:\/\/tpmadalina42.supserv.cozmoslabs.com\/fi\/wp-json\/wp\/v2\/media\/199338"}],"wp:attachment":[{"href":"https:\/\/tpmadalina42.supserv.cozmoslabs.com\/fi\/wp-json\/wp\/v2\/media?parent=199343"}],"wp:term":[{"taxonomy":"product_brand","embeddable":true,"href":"https:\/\/tpmadalina42.supserv.cozmoslabs.com\/fi\/wp-json\/wp\/v2\/product_brand?post=199343"},{"taxonomy":"product_cat","embeddable":true,"href":"https:\/\/tpmadalina42.supserv.cozmoslabs.com\/fi\/wp-json\/wp\/v2\/product_cat?post=199343"},{"taxonomy":"product_tag","embeddable":true,"href":"https:\/\/tpmadalina42.supserv.cozmoslabs.com\/fi\/wp-json\/wp\/v2\/product_tag?post=199343"}],"curies":[{"name":"wp","href":"https:\/\/api.w.org\/{rel}","templated":true}]}}