{"id":199451,"date":"2024-07-31T05:18:17","date_gmt":"2024-07-31T12:18:17","guid":{"rendered":"https:\/\/glandine.com\/product\/philippe-model-schicker-schwarzer-pullover-aus-bedruckter-baumwolle\/"},"modified":"2024-11-30T06:34:00","modified_gmt":"2024-11-30T05:34:00","slug":"philippe-model-schicker-schwarzer-pullover-aus-bedruckter-baumwolle","status":"publish","type":"product","link":"https:\/\/tpmadalina42.supserv.cozmoslabs.com\/fi\/tuote-2\/philippe-model-schicker-schwarzer-pullover-aus-bedruckter-baumwolle\/","title":{"rendered":"Philippe Model Schicker schwarzer Pullover aus bedruckter Baumwolle"},"content":{"rendered":"<p>Verleihen Sie Ihrer Garderobe einen Hauch von Raffinesse mit diesem atemberaubenden Langarm-Pullover von <strong>Philippe Model<\/strong>. Er ist perfekt f\u00fcr jeden Anlass, pr\u00e4sentiert sich mit einem eleganten schwarzen Print und ist aus 100% Baumwolle f\u00fcr unvergleichlichen Komfort und Qualit\u00e4t gefertigt. Das Oberteil ist mit markanten Logodetails versehen und wird mit Sicherheit zu einem beliebten Teil Ihrer Sammlung.<\/p>\n<ul>\n<li>Materiaali: 100% puuvilla<\/li>\n<li>V\u00e4ri: Musta<\/li>\n<li>Alkuper\u00e4maa: IT<\/li>\n<\/ul>","protected":false},"excerpt":{"rendered":"<p>Verleihen Sie Ihrer Garderobe einen Hauch von Raffinesse mit diesem atemberaubenden Langarm-Pullover von Philippe Model. Er ist perfekt f\u00fcr jeden Anlass, pr\u00e4sentiert sich mit einem eleganten schwarzen Print und ist aus 100% Baumwolle f\u00fcr unvergleichlichen Komfort und Qualit\u00e4t gefertigt. Das Oberteil ist mit markanten Logodetails versehen und wird mit Sicherheit zu einem beliebten Teil Ihrer [&hellip;]<\/p>","protected":false},"featured_media":199445,"template":"","meta":[],"product_brand":[2252],"product_cat":[1637,1623],"product_tag":[],"class_list":{"0":"post-199451","1":"product","2":"type-product","3":"status-publish","4":"has-post-thumbnail","6":"product_brand-philippe-model","7":"product_cat-frauen-kleidung","8":"product_cat-kleidung","10":"first","11":"instock","12":"sale","13":"taxable","14":"shipping-taxable","15":"purchasable","16":"product-type-variable"},"_links":{"self":[{"href":"https:\/\/tpmadalina42.supserv.cozmoslabs.com\/fi\/wp-json\/wp\/v2\/product\/199451","targetHints":{"allow":["GET"]}}],"collection":[{"href":"https:\/\/tpmadalina42.supserv.cozmoslabs.com\/fi\/wp-json\/wp\/v2\/product"}],"about":[{"href":"https:\/\/tpmadalina42.supserv.cozmoslabs.com\/fi\/wp-json\/wp\/v2\/types\/product"}],"wp:featuredmedia":[{"embeddable":true,"href":"https:\/\/tpmadalina42.supserv.cozmoslabs.com\/fi\/wp-json\/wp\/v2\/media\/199445"}],"wp:attachment":[{"href":"https:\/\/tpmadalina42.supserv.cozmoslabs.com\/fi\/wp-json\/wp\/v2\/media?parent=199451"}],"wp:term":[{"taxonomy":"product_brand","embeddable":true,"href":"https:\/\/tpmadalina42.supserv.cozmoslabs.com\/fi\/wp-json\/wp\/v2\/product_brand?post=199451"},{"taxonomy":"product_cat","embeddable":true,"href":"https:\/\/tpmadalina42.supserv.cozmoslabs.com\/fi\/wp-json\/wp\/v2\/product_cat?post=199451"},{"taxonomy":"product_tag","embeddable":true,"href":"https:\/\/tpmadalina42.supserv.cozmoslabs.com\/fi\/wp-json\/wp\/v2\/product_tag?post=199451"}],"curies":[{"name":"wp","href":"https:\/\/api.w.org\/{rel}","templated":true}]}}