{"id":200545,"date":"2024-07-31T06:55:31","date_gmt":"2024-07-31T13:55:31","guid":{"rendered":"https:\/\/glandine.com\/product\/dsquared%c2%b2-weisser-bedruckter-baumwollpullover-mit-langen-aermeln-fuer-frauen\/"},"modified":"2024-11-30T23:58:35","modified_gmt":"2024-11-30T22:58:35","slug":"dsquared%c2%b2-weisser-bedruckter-baumwollpullover-mit-langen-aermeln-fuer-frauen","status":"publish","type":"product","link":"https:\/\/tpmadalina42.supserv.cozmoslabs.com\/fi\/tuote-2\/dsquared\u00b2-weisser-bedruckter-baumwollpullover-mit-langen-aermeln-fuer-frauen\/","title":{"rendered":"Dsquared\u00b2 Wei\u00dfer bedruckter Baumwollpullover mit langen \u00c4rmeln f\u00fcr Frauen"},"content":{"rendered":"<p>DSQUARED2<\/p>\n<p>Wundersch\u00f6ner brandneuer, 100% authentischer DSQUARED2 bedruckter lang\u00e4rmeliger Pullover.<br \/>\nMalli: Rento villapaita<br \/>\nFarbe: Wei\u00df mit Aufdruck<br \/>\nLogon yksityiskohdat<br \/>\nValmistettu Italiassa<br \/>\nMateriaali: 100% puuvilla<\/p>\n<p><strong>T\u00e4st\u00e4 tuotteesta puuttuu DSquared2-paperitarra.<\/strong><\/p>","protected":false},"excerpt":{"rendered":"<p>DSQUARED2 Wundersch\u00f6ner brandneuer, 100% authentischer DSQUARED2 bedruckter lang\u00e4rmeliger Pullover. Modell: L\u00e4ssiger Pullover Farbe: Wei\u00df mit Aufdruck Logo-Details Hergestellt in Italien Material: 100% Baumwolle Bei diesem Artikel fehlt das DSquared2-Papierschild.<\/p>","protected":false},"featured_media":200540,"template":"","meta":[],"product_brand":[1989],"product_cat":[1637,1623],"product_tag":[],"class_list":{"0":"post-200545","1":"product","2":"type-product","3":"status-publish","4":"has-post-thumbnail","6":"product_brand-dsquared","7":"product_cat-frauen-kleidung","8":"product_cat-kleidung","10":"first","11":"instock","12":"sale","13":"taxable","14":"shipping-taxable","15":"purchasable","16":"product-type-variable"},"_links":{"self":[{"href":"https:\/\/tpmadalina42.supserv.cozmoslabs.com\/fi\/wp-json\/wp\/v2\/product\/200545","targetHints":{"allow":["GET"]}}],"collection":[{"href":"https:\/\/tpmadalina42.supserv.cozmoslabs.com\/fi\/wp-json\/wp\/v2\/product"}],"about":[{"href":"https:\/\/tpmadalina42.supserv.cozmoslabs.com\/fi\/wp-json\/wp\/v2\/types\/product"}],"wp:featuredmedia":[{"embeddable":true,"href":"https:\/\/tpmadalina42.supserv.cozmoslabs.com\/fi\/wp-json\/wp\/v2\/media\/200540"}],"wp:attachment":[{"href":"https:\/\/tpmadalina42.supserv.cozmoslabs.com\/fi\/wp-json\/wp\/v2\/media?parent=200545"}],"wp:term":[{"taxonomy":"product_brand","embeddable":true,"href":"https:\/\/tpmadalina42.supserv.cozmoslabs.com\/fi\/wp-json\/wp\/v2\/product_brand?post=200545"},{"taxonomy":"product_cat","embeddable":true,"href":"https:\/\/tpmadalina42.supserv.cozmoslabs.com\/fi\/wp-json\/wp\/v2\/product_cat?post=200545"},{"taxonomy":"product_tag","embeddable":true,"href":"https:\/\/tpmadalina42.supserv.cozmoslabs.com\/fi\/wp-json\/wp\/v2\/product_tag?post=200545"}],"curies":[{"name":"wp","href":"https:\/\/api.w.org\/{rel}","templated":true}]}}