{"id":201356,"date":"2024-08-02T01:54:20","date_gmt":"2024-08-02T08:54:20","guid":{"rendered":"https:\/\/glandine.com\/product\/dolce-gabbana-elegantes-portemonnaie-aus-strukturiertem-leder-mit-reissverschluss\/"},"modified":"2024-11-29T19:09:21","modified_gmt":"2024-11-29T18:09:21","slug":"dolce-gabbana-elegantes-portemonnaie-aus-strukturiertem-leder-mit-reissverschluss","status":"publish","type":"product","link":"https:\/\/tpmadalina42.supserv.cozmoslabs.com\/fi\/tuote-2\/dolce-gabbana-elegantes-portemonnaie-aus-strukturiertem-leder-mit-reissverschluss\/","title":{"rendered":"Dolce &amp; Gabbana Tyylik\u00e4s lompakko teksturoitua nahkaa vetoketjulla"},"content":{"rendered":"<p>Hemmottele itse\u00e4si ylellisyydell\u00e4 <strong>Dolce &amp; Gabbana<\/strong> mit dieser exquisiten Geldb\u00f6rse mit Rei\u00dfverschluss. Gefertigt aus hochwertigem Leder mit strukturiertem Finish ist dieses Accessoire nicht nur ein stilvolles Statement, sondern auch ein St\u00fcck praktische Eleganz. Das Design mit der unverwechselbaren Logoplakette verf\u00fcgt \u00fcber einen sicheren Rundum-Rei\u00dfverschluss und eine Reihe von F\u00e4chern f\u00fcr Karten, Geldscheine und eine Rei\u00dfverschlusstasche f\u00fcr M\u00fcnzen, um sicherzustellen, dass alle wichtigen Dinge auf modische Weise organisiert sind. Diese in italienischer Handwerkskunst gefertigte Brieftasche spricht B\u00e4nde \u00fcber Ihren Geschmack von Luxus.<\/p>\n<ul>\n<li>V\u00e4ri: musta ja harmaa<\/li>\n<li>Material: 90% Leder, 10% Exotenleder<\/li>\n<li>Alkuper\u00e4maa: IT<\/li>\n<li>Abmessungen: 19cm x 10cm x 2cm<\/li>\n<\/ul>","protected":false},"excerpt":{"rendered":"<p>G\u00f6nnen Sie sich den Luxus von Dolce &amp; Gabbana mit dieser exquisiten Geldb\u00f6rse mit Rei\u00dfverschluss. Gefertigt aus hochwertigem Leder mit strukturiertem Finish ist dieses Accessoire nicht nur ein stilvolles Statement, sondern auch ein St\u00fcck praktische Eleganz. Das Design mit der unverwechselbaren Logoplakette verf\u00fcgt \u00fcber einen sicheren Rundum-Rei\u00dfverschluss und eine Reihe von F\u00e4chern f\u00fcr Karten, Geldscheine [&hellip;]<\/p>","protected":false},"featured_media":201351,"template":"","meta":[],"product_brand":[1620],"product_cat":[1721,1629],"product_tag":[],"class_list":{"0":"post-201356","1":"product","2":"type-product","3":"status-publish","4":"has-post-thumbnail","6":"product_brand-dolce-gabbana","7":"product_cat-geldboersen","8":"product_cat-maenner","10":"first","11":"instock","12":"sale","13":"taxable","14":"shipping-taxable","15":"purchasable","16":"product-type-simple"},"_links":{"self":[{"href":"https:\/\/tpmadalina42.supserv.cozmoslabs.com\/fi\/wp-json\/wp\/v2\/product\/201356","targetHints":{"allow":["GET"]}}],"collection":[{"href":"https:\/\/tpmadalina42.supserv.cozmoslabs.com\/fi\/wp-json\/wp\/v2\/product"}],"about":[{"href":"https:\/\/tpmadalina42.supserv.cozmoslabs.com\/fi\/wp-json\/wp\/v2\/types\/product"}],"wp:featuredmedia":[{"embeddable":true,"href":"https:\/\/tpmadalina42.supserv.cozmoslabs.com\/fi\/wp-json\/wp\/v2\/media\/201351"}],"wp:attachment":[{"href":"https:\/\/tpmadalina42.supserv.cozmoslabs.com\/fi\/wp-json\/wp\/v2\/media?parent=201356"}],"wp:term":[{"taxonomy":"product_brand","embeddable":true,"href":"https:\/\/tpmadalina42.supserv.cozmoslabs.com\/fi\/wp-json\/wp\/v2\/product_brand?post=201356"},{"taxonomy":"product_cat","embeddable":true,"href":"https:\/\/tpmadalina42.supserv.cozmoslabs.com\/fi\/wp-json\/wp\/v2\/product_cat?post=201356"},{"taxonomy":"product_tag","embeddable":true,"href":"https:\/\/tpmadalina42.supserv.cozmoslabs.com\/fi\/wp-json\/wp\/v2\/product_tag?post=201356"}],"curies":[{"name":"wp","href":"https:\/\/api.w.org\/{rel}","templated":true}]}}