{"id":201408,"date":"2024-08-02T02:00:16","date_gmt":"2024-08-02T09:00:16","guid":{"rendered":"https:\/\/glandine.com\/product\/dolce-gabbana-elegante-messenger-tasche-aus-denim-und-leder-fuer-maenner\/"},"modified":"2024-11-29T21:20:38","modified_gmt":"2024-11-29T20:20:38","slug":"dolce-gabbana-elegante-messenger-tasche-aus-denim-und-leder-fuer-maenner","status":"publish","type":"product","link":"https:\/\/tpmadalina42.supserv.cozmoslabs.com\/fi\/tuote-2\/dolce-gabbana-elegante-messenger-tasche-aus-denim-und-leder-fuer-maenner\/","title":{"rendered":"Dolce &amp; Gabbana Tyylik\u00e4s farkku- ja nahkalaukku miehille"},"content":{"rendered":"<p>Mit dieser atemberaubenden Dolce &amp; Gabbana Messenger Bag f\u00fcr M\u00e4nner, die schlichte Eleganz und h\u00f6chste Qualit\u00e4t zu sch\u00e4tzen wissen, werden Sie in den Luxus eintauchen. Mit einer tadellosen Mischung aus Denim und Leder ist diese Tasche nicht nur ein modisches Statement, sondern auch ein Beweis f\u00fcr italienische Handwerkskunst.<\/p>\n<ul>\n<li>V\u00e4ri: musta ja harmaa<\/li>\n<li>Material: Denim, Leder<\/li>\n<li>Alkuper\u00e4maa: IT<\/li>\n<li>Verstellbarer Schulterriemen f\u00fcr mehr Komfort<\/li>\n<li>Zwei Trageriemen f\u00fcr Vielseitigkeit<\/li>\n<li>Sicherer Rei\u00dfverschluss zum Schutz der wichtigsten Utensilien<\/li>\n<li>Mit dem kultigen Logo-Detail f\u00fcr einen Hauch von Klasse<\/li>\n<li>Abmessungen: 44cm x 38cm x 17cm<\/li>\n<li>Riemen: 130cm x 4cm<\/li>\n<\/ul>","protected":false},"excerpt":{"rendered":"<p>Mit dieser atemberaubenden Dolce &amp; Gabbana Messenger Bag f\u00fcr M\u00e4nner, die schlichte Eleganz und h\u00f6chste Qualit\u00e4t zu sch\u00e4tzen wissen, werden Sie in den Luxus eintauchen. Mit einer tadellosen Mischung aus Denim und Leder ist diese Tasche nicht nur ein modisches Statement, sondern auch ein Beweis f\u00fcr italienische Handwerkskunst. Farbe: Schwarz und Grau Material: Denim, Leder [&hellip;]<\/p>","protected":false},"featured_media":201403,"template":"","meta":[],"product_brand":[1620],"product_cat":[1629,1744],"product_tag":[],"class_list":{"0":"post-201408","1":"product","2":"type-product","3":"status-publish","4":"has-post-thumbnail","6":"product_brand-dolce-gabbana","7":"product_cat-maenner","8":"product_cat-umhaengetaschen","10":"first","11":"instock","12":"sale","13":"taxable","14":"shipping-taxable","15":"purchasable","16":"product-type-simple"},"_links":{"self":[{"href":"https:\/\/tpmadalina42.supserv.cozmoslabs.com\/fi\/wp-json\/wp\/v2\/product\/201408","targetHints":{"allow":["GET"]}}],"collection":[{"href":"https:\/\/tpmadalina42.supserv.cozmoslabs.com\/fi\/wp-json\/wp\/v2\/product"}],"about":[{"href":"https:\/\/tpmadalina42.supserv.cozmoslabs.com\/fi\/wp-json\/wp\/v2\/types\/product"}],"wp:featuredmedia":[{"embeddable":true,"href":"https:\/\/tpmadalina42.supserv.cozmoslabs.com\/fi\/wp-json\/wp\/v2\/media\/201403"}],"wp:attachment":[{"href":"https:\/\/tpmadalina42.supserv.cozmoslabs.com\/fi\/wp-json\/wp\/v2\/media?parent=201408"}],"wp:term":[{"taxonomy":"product_brand","embeddable":true,"href":"https:\/\/tpmadalina42.supserv.cozmoslabs.com\/fi\/wp-json\/wp\/v2\/product_brand?post=201408"},{"taxonomy":"product_cat","embeddable":true,"href":"https:\/\/tpmadalina42.supserv.cozmoslabs.com\/fi\/wp-json\/wp\/v2\/product_cat?post=201408"},{"taxonomy":"product_tag","embeddable":true,"href":"https:\/\/tpmadalina42.supserv.cozmoslabs.com\/fi\/wp-json\/wp\/v2\/product_tag?post=201408"}],"curies":[{"name":"wp","href":"https:\/\/api.w.org\/{rel}","templated":true}]}}