{"id":201465,"date":"2024-08-02T02:07:55","date_gmt":"2024-08-02T09:07:55","guid":{"rendered":"https:\/\/glandine.com\/product\/dolce-gabbana-elegantes-portemonnaie-aus-schwarzem-leder\/"},"modified":"2024-11-29T22:26:37","modified_gmt":"2024-11-29T21:26:37","slug":"dolce-gabbana-elegantes-portemonnaie-aus-schwarzem-leder","status":"publish","type":"product","link":"https:\/\/tpmadalina42.supserv.cozmoslabs.com\/fi\/tuote-2\/dolce-gabbana-elegantes-portemonnaie-aus-schwarzem-leder\/","title":{"rendered":"Dolce &amp; Gabbana Tyylik\u00e4s lompakko mustasta nahasta"},"content":{"rendered":"<p>L\u00f6yd\u00e4 hienostuneisuuden ydin upealla kolikkolaukullamme, joka ilment\u00e4\u00e4 klassista tyyli\u00e4 ja hy\u00f6dyllisyytt\u00e4. Asiantuntevasti Italiassa valmistettu 100% autenttinen lis\u00e4varuste tarjoaa sinulle vertaansa vailla olevan ylellisyyden joka kerta, kun otat sen k\u00e4teesi.<\/p>\n<ul>\n<li>Merkki: Dolce &amp; Gabbana<\/li>\n<li>V\u00e4ri: Musta<\/li>\n<li>Materiaali: 100% nahka<\/li>\n<li>Motiivi: DG print<\/li>\n<li>Alkuper\u00e4maa: IT<\/li>\n<li>Mitat: 25 cm x 16 cm x 1 cm<\/li>\n<li>Yksityiskohdat logosta<\/li>\n<\/ul>","protected":false},"excerpt":{"rendered":"<p>Entdecken Sie die Essenz der Raffinesse mit unserer atemberaubenden M\u00fcnzgeldb\u00f6rse, die klassischen Stil und N\u00fctzlichkeit verk\u00f6rpert. Dieses 100% authentische Accessoire wird in Italien fachm\u00e4nnisch hergestellt und bietet Ihnen jedes Mal, wenn Sie es in die Hand nehmen, einen unvergleichlichen Hauch von Luxus. Marke: Dolce &amp; Gabbana Farbe: Schwarz Material: 100% Leder Motiv: DG Druck Herkunftsland: [&hellip;]<\/p>","protected":false},"featured_media":201460,"template":"","meta":[],"product_brand":[1620],"product_cat":[1721,1629],"product_tag":[],"class_list":{"0":"post-201465","1":"product","2":"type-product","3":"status-publish","4":"has-post-thumbnail","6":"product_brand-dolce-gabbana","7":"product_cat-geldboersen","8":"product_cat-maenner","10":"first","11":"instock","12":"sale","13":"taxable","14":"shipping-taxable","15":"purchasable","16":"product-type-simple"},"_links":{"self":[{"href":"https:\/\/tpmadalina42.supserv.cozmoslabs.com\/fi\/wp-json\/wp\/v2\/product\/201465","targetHints":{"allow":["GET"]}}],"collection":[{"href":"https:\/\/tpmadalina42.supserv.cozmoslabs.com\/fi\/wp-json\/wp\/v2\/product"}],"about":[{"href":"https:\/\/tpmadalina42.supserv.cozmoslabs.com\/fi\/wp-json\/wp\/v2\/types\/product"}],"wp:featuredmedia":[{"embeddable":true,"href":"https:\/\/tpmadalina42.supserv.cozmoslabs.com\/fi\/wp-json\/wp\/v2\/media\/201460"}],"wp:attachment":[{"href":"https:\/\/tpmadalina42.supserv.cozmoslabs.com\/fi\/wp-json\/wp\/v2\/media?parent=201465"}],"wp:term":[{"taxonomy":"product_brand","embeddable":true,"href":"https:\/\/tpmadalina42.supserv.cozmoslabs.com\/fi\/wp-json\/wp\/v2\/product_brand?post=201465"},{"taxonomy":"product_cat","embeddable":true,"href":"https:\/\/tpmadalina42.supserv.cozmoslabs.com\/fi\/wp-json\/wp\/v2\/product_cat?post=201465"},{"taxonomy":"product_tag","embeddable":true,"href":"https:\/\/tpmadalina42.supserv.cozmoslabs.com\/fi\/wp-json\/wp\/v2\/product_tag?post=201465"}],"curies":[{"name":"wp","href":"https:\/\/api.w.org\/{rel}","templated":true}]}}