{"id":201475,"date":"2024-08-02T02:08:31","date_gmt":"2024-08-02T09:08:31","guid":{"rendered":"https:\/\/glandine.com\/product\/dolce-gabbana-elegantes-portemonnaie-mit-reissverschluss-aus-schwarzem-leder\/"},"modified":"2024-11-29T22:26:45","modified_gmt":"2024-11-29T21:26:45","slug":"dolce-gabbana-elegantes-portemonnaie-mit-reissverschluss-aus-schwarzem-leder","status":"publish","type":"product","link":"https:\/\/tpmadalina42.supserv.cozmoslabs.com\/fi\/tuote-2\/dolce-gabbana-elegantes-portemonnaie-mit-reissverschluss-aus-schwarzem-leder\/","title":{"rendered":"Dolce &amp; Gabbana Elegant vetoketjullinen lompakko mustaa nahkaa"},"content":{"rendered":"<p>G\u00f6nnen Sie sich den Inbegriff von Raffinesse mit unserer atemberaubenden, 100% authentischen neuen Dolce &amp; Gabbana Leder Brieftasche. Perfekt f\u00fcr den anspruchsvollen Gentleman, ist dieses Accessoire nicht nur ein Statement des Stils, sondern auch ein Beweis f\u00fcr gehobene Funktionalit\u00e4t. Die eleganten Schwarz- und Blaut\u00f6ne erg\u00e4nzen jedes Ensemble, w\u00e4hrend das unverwechselbare #DGFAMILY Angel-Motiv einen exklusiven Touch von Designer-Appeal verleiht.<\/p>\n<ul>\n<li>V\u00e4ri: Musta<\/li>\n<li>Materiaali: 100% nahka<\/li>\n<li>Alkuper\u00e4maa: IT<\/li>\n<li>Yksityiskohdat logosta<\/li>\n<li>Abmessungen: 20cm x 10cm x 2cm<\/li>\n<\/ul>","protected":false},"excerpt":{"rendered":"<p>G\u00f6nnen Sie sich den Inbegriff von Raffinesse mit unserer atemberaubenden, 100% authentischen neuen Dolce &amp; Gabbana Leder Brieftasche. Perfekt f\u00fcr den anspruchsvollen Gentleman, ist dieses Accessoire nicht nur ein Statement des Stils, sondern auch ein Beweis f\u00fcr gehobene Funktionalit\u00e4t. Die eleganten Schwarz- und Blaut\u00f6ne erg\u00e4nzen jedes Ensemble, w\u00e4hrend das unverwechselbare #DGFAMILY Angel-Motiv einen exklusiven Touch [&hellip;]<\/p>","protected":false},"featured_media":201471,"template":"","meta":[],"product_brand":[1620],"product_cat":[1721,1629],"product_tag":[],"class_list":{"0":"post-201475","1":"product","2":"type-product","3":"status-publish","4":"has-post-thumbnail","6":"product_brand-dolce-gabbana","7":"product_cat-geldboersen","8":"product_cat-maenner","10":"first","11":"instock","12":"sale","13":"taxable","14":"shipping-taxable","15":"purchasable","16":"product-type-simple"},"_links":{"self":[{"href":"https:\/\/tpmadalina42.supserv.cozmoslabs.com\/fi\/wp-json\/wp\/v2\/product\/201475","targetHints":{"allow":["GET"]}}],"collection":[{"href":"https:\/\/tpmadalina42.supserv.cozmoslabs.com\/fi\/wp-json\/wp\/v2\/product"}],"about":[{"href":"https:\/\/tpmadalina42.supserv.cozmoslabs.com\/fi\/wp-json\/wp\/v2\/types\/product"}],"wp:featuredmedia":[{"embeddable":true,"href":"https:\/\/tpmadalina42.supserv.cozmoslabs.com\/fi\/wp-json\/wp\/v2\/media\/201471"}],"wp:attachment":[{"href":"https:\/\/tpmadalina42.supserv.cozmoslabs.com\/fi\/wp-json\/wp\/v2\/media?parent=201475"}],"wp:term":[{"taxonomy":"product_brand","embeddable":true,"href":"https:\/\/tpmadalina42.supserv.cozmoslabs.com\/fi\/wp-json\/wp\/v2\/product_brand?post=201475"},{"taxonomy":"product_cat","embeddable":true,"href":"https:\/\/tpmadalina42.supserv.cozmoslabs.com\/fi\/wp-json\/wp\/v2\/product_cat?post=201475"},{"taxonomy":"product_tag","embeddable":true,"href":"https:\/\/tpmadalina42.supserv.cozmoslabs.com\/fi\/wp-json\/wp\/v2\/product_tag?post=201475"}],"curies":[{"name":"wp","href":"https:\/\/api.w.org\/{rel}","templated":true}]}}