{"id":201815,"date":"2024-08-02T03:00:48","date_gmt":"2024-08-02T10:00:48","guid":{"rendered":"https:\/\/glandine.com\/product\/dolce-gabbana-elegantes-designer-etui-aus-nylon-und-leder-in-schwarz\/"},"modified":"2024-11-30T17:39:32","modified_gmt":"2024-11-30T16:39:32","slug":"dolce-gabbana-elegantes-designer-etui-aus-nylon-und-leder-in-schwarz","status":"publish","type":"product","link":"https:\/\/tpmadalina42.supserv.cozmoslabs.com\/fi\/tuote-2\/dolce-gabbana-elegantes-designer-etui-aus-nylon-und-leder-in-schwarz\/","title":{"rendered":"Dolce &amp; Gabbana Tyylik\u00e4s design-kotelo nailonista ja nahasta mustana"},"content":{"rendered":"<p>G\u00f6nnen Sie sich den Inbegriff von Luxus mit dieser Tasche von <strong>Dolce &amp; Gabbana<\/strong>, die mit ihrer Zusammensetzung aus hochwertigem Nylon und genarbtem Kalbsleder eine perfekte Mischung aus Haltbarkeit und Eleganz darstellt. Die Tasche wurde f\u00fcr anspruchsvolle Kunden entworfen und besticht durch ihren neuen Look, der durch eine auff\u00e4llige Dolce &amp; Gabbana Metallplakette hervorgehoben wird. Der sichere Rei\u00dfverschluss an der Oberseite ist mit einem Logopl\u00e4ttchen verziert, das daf\u00fcr sorgt, dass Ihre Essentials stilvoll verstaut bleiben. Das schlichte schwarze \u00c4u\u00dfere wird durch das ikonische Futter mit Leopardenmuster erg\u00e4nzt, das ein Markenzeichen der Marke ist. Diese in Italien gefertigte Tasche ist nicht nur ein Accessoire, sondern auch ein Statement f\u00fcr exquisite Handwerkskunst.<\/p>\n<ul>\n<li>Material: 64% Nylon 34% Leder<\/li>\n<li>Farbe: Schwarz mit silbernen und goldenen Metalldetails<\/li>\n<li>Alkuper\u00e4maa: IT<\/li>\n<li>Innenfutter: Leopardendruck<\/li>\n<li>Verschluss: Rei\u00dfverschluss mit Logopr\u00e4gung<\/li>\n<li>Beschl\u00e4ge: Metall mit Logogravur<\/li>\n<li>Abmessungen: 20cm x 11cm x 2cm<\/li>\n<\/ul>","protected":false},"excerpt":{"rendered":"<p>G\u00f6nnen Sie sich den Inbegriff von Luxus mit dieser Tasche von Dolce &amp; Gabbana, die mit ihrer Zusammensetzung aus hochwertigem Nylon und genarbtem Kalbsleder eine perfekte Mischung aus Haltbarkeit und Eleganz darstellt. Die Tasche wurde f\u00fcr anspruchsvolle Kunden entworfen und besticht durch ihren neuen Look, der durch eine auff\u00e4llige Dolce &amp; Gabbana Metallplakette hervorgehoben wird. [&hellip;]<\/p>","protected":false},"featured_media":201808,"template":"","meta":[],"product_brand":[1620],"product_cat":[1730,1629],"product_tag":[],"class_list":{"0":"post-201815","1":"product","2":"type-product","3":"status-publish","4":"has-post-thumbnail","6":"product_brand-dolce-gabbana","7":"product_cat-clutch-taschen-maenner","8":"product_cat-maenner","10":"first","11":"instock","12":"sale","13":"taxable","14":"shipping-taxable","15":"purchasable","16":"product-type-simple"},"_links":{"self":[{"href":"https:\/\/tpmadalina42.supserv.cozmoslabs.com\/fi\/wp-json\/wp\/v2\/product\/201815","targetHints":{"allow":["GET"]}}],"collection":[{"href":"https:\/\/tpmadalina42.supserv.cozmoslabs.com\/fi\/wp-json\/wp\/v2\/product"}],"about":[{"href":"https:\/\/tpmadalina42.supserv.cozmoslabs.com\/fi\/wp-json\/wp\/v2\/types\/product"}],"wp:featuredmedia":[{"embeddable":true,"href":"https:\/\/tpmadalina42.supserv.cozmoslabs.com\/fi\/wp-json\/wp\/v2\/media\/201808"}],"wp:attachment":[{"href":"https:\/\/tpmadalina42.supserv.cozmoslabs.com\/fi\/wp-json\/wp\/v2\/media?parent=201815"}],"wp:term":[{"taxonomy":"product_brand","embeddable":true,"href":"https:\/\/tpmadalina42.supserv.cozmoslabs.com\/fi\/wp-json\/wp\/v2\/product_brand?post=201815"},{"taxonomy":"product_cat","embeddable":true,"href":"https:\/\/tpmadalina42.supserv.cozmoslabs.com\/fi\/wp-json\/wp\/v2\/product_cat?post=201815"},{"taxonomy":"product_tag","embeddable":true,"href":"https:\/\/tpmadalina42.supserv.cozmoslabs.com\/fi\/wp-json\/wp\/v2\/product_tag?post=201815"}],"curies":[{"name":"wp","href":"https:\/\/api.w.org\/{rel}","templated":true}]}}